{"id":5030,"date":"2022-03-28T21:49:38","date_gmt":"2022-03-28T21:49:38","guid":{"rendered":"https:\/\/madigitale.com\/?page_id=5030"},"modified":"2022-08-23T15:08:45","modified_gmt":"2022-08-23T15:08:45","slug":"comment-arriver-au-gite-talassemtane","status":"publish","type":"page","link":"https:\/\/www.gitetalassemtane.com\/fr\/comment-arriver-au-gite-talassemtane\/","title":{"rendered":"Acc\u00e8s"},"content":{"rendered":"<div  class=\"one\" >\n<div class=\"standard_wrapper\">\n<div class=\"page_content_wrapper\">\n<div class=\"inner\">\n<div class=\"one_half content_middle textright\" style=\"padding:0px;\">\n<div class=\"ppb_header_content\">\n<h3>Localisation<\/h3>\n<h3><strong>SITUATION<\/strong><\/h3>\n<p>Le village Zaou\u00efa Habteene, se trouve \u00e0 12 km, de Chefchaouen au parc nationale Natural de Talassemtane. C&#8217;est un village situ\u00e9 aux pieds de Jbel Lakraa, le sommet la plus \u00e9lev\u00e9e de la province de Chefchaouen \u2018 2150m. Le village aussi est localis\u00e9 au Parc Talassemtane.<br \/>\nNotre g\u00eete de montagne \u00ab Gite Talassemtane \u00bb, situ\u00e9 au douar Zaouia Habteene \u00e0 850 m d&#8217;altitude au pied du Jbel Lakr\u00e2a (215 0 m) constitue une escale id\u00e9ale sur la Grande Travers\u00e9e de Rif.<br \/>\nC&#8217;est aussi une maison d&#8217;h\u00f4te traditionnelle Jebli qui vous ouvre toutes grandes les portes de la culture Jbala. G\u00e9r\u00e9e par Fatima et sa famille, vous y vivrez le rythme quotidien des familles Jebli du village, et d\u00e9couvrirez le monde qui les entoure.<br \/>\nAu fil des jours, balades ou randonn\u00e9es vous m\u00e8neront au c\u0153ur des villages, \u00e0 la rencontre de cette communaut\u00e9 qui a su se pr\u00e9server du monde moderne pour mieux transmettre sa tradition et sa culture.<\/p>\n<\/div>\n<\/div>\n<div class=\"one_half last\"><\/div>\n<p><br class=\"clear\"\/><\/div>\n<\/div>\n<\/div>\n<\/div>\n<div  class=\"one\" >\n<div class=\"standard_wrapper\">\n<div class=\"page_content_wrapper\">\n<div class=\"inner\">\n<div class=\"one_half content_middle textright\" style=\"padding:0px;\">\n<div class=\"ppb_header_content\">\n<p>Enfin par votre choix de vacances diff\u00e9rentes, vous participez \u00e0 l&#8217;\u00e9conomie locale, en g\u00e9n\u00e9rant des revenus pour les habitants de village.<\/p>\n<h3>ACCES<\/h3>\n<p>Le douar Zaou\u00efa Habteene est \u00e0 1 heures de la ville de Chefchaouen. Il est accessible en voiture tourisme jusqu&#8217;au Bab Taza. Prendre vers Douar Maggo et puis Zaou\u00efa.<br \/>\nAlternativement \u00e0 pieds (12km) en partant directement de Chefchaouen, de Ras el Mae, on prenant le chemin vers Mechrala et puis le village Tissouka et finalement arrivant \u00e0 Zaou\u00efa Habteene. Voir le plan:<span style=\"color: #222222;\">\u00a0<\/span><a style=\"color: #000000;\" href=\"https:\/\/maps.app.goo.gl\/MrAoQJoHNLMLKYTF8\"><strong><span lang=\"EN-US\" style=\"font-weight: inherit; font-style: inherit;\">Voir la carte<\/span><\/strong><\/a><\/p>\n<h3>CONFORT<\/h3>\n<p>Construite en architecture traditionnelle de la r\u00e9gion, la maison, simple mais confortable, jouit d&#8217;une situation exceptionnelle avec un vue panoramique fantastique sur les montagnes du Rif et les deux parcs de la r\u00e9gion : parc national de Talassemtane, et le parc r\u00e9gional de Bouhachem.<\/p>\n<\/div>\n<\/div>\n<div class=\"one_half last\"><\/div>\n<p><br class=\"clear\"\/><\/div>\n<\/div>\n<\/div>\n<\/div>\n<div  class=\"one\" >\n<div class=\"standard_wrapper\">\n<div class=\"page_content_wrapper\">\n<div class=\"inner\">\n<div class=\"one_half content_middle textright\" style=\"padding:0px;\">\n<div class=\"ppb_header_content\">\n<h3>Le g\u00eete dispose de :<\/h3>\n<p>\u2713 4 chambre triples,<br \/>\n\u2713 1 chambre triple avec un grand lit et un petit lit (douche et toilettes ext\u00e9rieure),<br \/>\n\u2713 5 chambres doubles,<br \/>\n\u2713 2 grand terrasses avec un tr\u00e8s belle vue panoramique<br \/>\n\u2713 2 grand salon<br \/>\n\u2713 2 salle \u00e0 manger,<br \/>\n\u2713 1 grand jardin o\u00f9 l&#8217;on peut se d\u00e9tendre, se retrouver pour \u00e9changer des histoires de voyages, ou prendre un th\u00e9 \u00e0 la menthe.<br \/>\n\u2713 Eau chaude<\/p>\n<h3>RESTAURATION<\/h3>\n<p>Des menus locaux et vari\u00e9s, avec les produits naturels de la ferme. Sans oublier le d\u00e9licieux pain et les cr\u00eapes cuites chaque matin par Malika dans son four en terre, devant la maison. Lors des balades, les repas sont des pique-niques ou des d\u00e9jeuners chez l&#8217;habitant.<\/p>\n<\/div>\n<\/div>\n<div class=\"one_half last\"><\/div>\n<p><br class=\"clear\"\/><\/div>\n<\/div>\n<\/div>\n<\/div>\n","protected":false},"excerpt":{"rendered":"<p>Localisation SITUATION Le village Zaou\u00efa Habteene, se trouve \u00e0 12 km, de Chefchaouen au parc nationale Natural de Talassemtane. C&#8217;est un village situ\u00e9 aux pieds de Jbel Lakraa, le sommet la plus \u00e9lev\u00e9e de la province de Chefchaouen \u2018 2150m. [&hellip;]<\/p>\n","protected":false},"author":1,"featured_media":5160,"parent":0,"menu_order":0,"comment_status":"closed","ping_status":"closed","template":"","meta":{"footnotes":""},"class_list":["post-5030","page","type-page","status-publish","has-post-thumbnail","hentry"],"yoast_head":"<!-- This site is optimized with the Yoast SEO plugin v19.1 - https:\/\/yoast.com\/wordpress\/plugins\/seo\/ -->\n<title>Localisation Gite Talassemtane \u00e0 Chefchaouen<\/title>\n<meta name=\"description\" content=\"Notre Gite est localis\u00e9 \u00e0 12km de Chefchaouen. Le gite organise des activit\u00e9s culturelles ainsi que des randonn\u00e9es au Parc Talassemtane.\" \/>\n<meta name=\"robots\" content=\"index, follow, max-snippet:-1, max-image-preview:large, max-video-preview:-1\" \/>\n<link rel=\"canonical\" href=\"https:\/\/www.gitetalassemtane.com\/fr\/comment-arriver-au-gite-talassemtane\/\" \/>\n<meta property=\"og:locale\" content=\"en_US\" \/>\n<meta property=\"og:type\" content=\"article\" \/>\n<meta property=\"og:title\" content=\"Localisation Gite Talassemtane \u00e0 Chefchaouen\" \/>\n<meta property=\"og:description\" content=\"Notre Gite est localis\u00e9 \u00e0 12km de Chefchaouen. Le gite organise des activit\u00e9s culturelles ainsi que des randonn\u00e9es au Parc Talassemtane.\" \/>\n<meta property=\"og:url\" content=\"https:\/\/www.gitetalassemtane.com\/fr\/comment-arriver-au-gite-talassemtane\/\" \/>\n<meta property=\"og:site_name\" content=\"Ecotourisme Randonn\u00e9es Chefchaouen\" \/>\n<meta property=\"article:publisher\" content=\"https:\/\/fr-fr.facebook.com\/ecotourism.rif.mountains\/\" \/>\n<meta property=\"article:modified_time\" content=\"2022-08-23T15:08:45+00:00\" \/>\n<meta property=\"og:image\" content=\"https:\/\/www.gitetalassemtane.com\/fr\/wp-content\/uploads\/2022\/03\/resize_CONTACT-HEADER-PHOTO.jpg\" \/>\n\t<meta property=\"og:image:width\" content=\"1600\" \/>\n\t<meta property=\"og:image:height\" content=\"800\" \/>\n\t<meta property=\"og:image:type\" content=\"image\/jpeg\" \/>\n<meta name=\"twitter:card\" content=\"summary_large_image\" \/>\n<meta name=\"twitter:label1\" content=\"Est. reading time\" \/>\n\t<meta name=\"twitter:data1\" content=\"2 minutes\" \/>\n<script type=\"application\/ld+json\" class=\"yoast-schema-graph\">{\"@context\":\"https:\/\/schema.org\",\"@graph\":[{\"@type\":[\"Person\",\"Organization\"],\"@id\":\"https:\/\/www.gitetalassemtane.com\/fr\/#\/schema\/person\/da2eed6234fd7fec1eff986aa57e99e2\",\"name\":\"Ecotourisme Randonn\u00e9es Chefchaouen\",\"image\":{\"@type\":\"ImageObject\",\"inLanguage\":\"en-US\",\"@id\":\"https:\/\/www.gitetalassemtane.com\/fr\/#\/schema\/person\/image\/\",\"url\":\"https:\/\/www.gitetalassemtane.com\/fr\/wp-content\/uploads\/2022\/08\/logo-gite.jpeg\",\"contentUrl\":\"https:\/\/www.gitetalassemtane.com\/fr\/wp-content\/uploads\/2022\/08\/logo-gite.jpeg\",\"width\":1280,\"height\":1280,\"caption\":\"Ecotourisme Randonn\u00e9es Chefchaouen\"},\"logo\":{\"@id\":\"https:\/\/www.gitetalassemtane.com\/fr\/#\/schema\/person\/image\/\"},\"description\":\"Ecotourisme Randonn\u00e9es Chefchaouen Gite Talassemtane, tenu par Fatima et sa famille, est une entreprise familiale locale \u00e0 Chefchaouen. Nous proposons l'h\u00e9bergement en pension compl\u00e8te dans notre \u00e9colodge o\u00f9 vous s\u00e9journerez chez une authentique famille berb\u00e8re Jebli des montagnes du Rif \u00e0 Chefchaouen dans le parc naturel de Talassemtane. Nous vous r\u00e9servons le meilleur accueil et nous vous ferons partager avec enthousiasme notre culture et nos traditions, le tout dans une nature pr\u00e9serv\u00e9e. Nous organisons des randonn\u00e9es et des visites culturelles pour explorer la r\u00e9gion et d\u00e9couvrir la culture. Au fil des journ\u00e9es, balades et randonn\u00e9es vous emm\u00e8nent au c\u0153ur des villages, \u00e0 la rencontre de la communaut\u00e9 pr\u00e9serv\u00e9e du monde moderne pour mieux transmettre ses traditions et sa culture.\",\"sameAs\":[\"https:\/\/gitetalassemtane.com\",\"https:\/\/fr-fr.facebook.com\/ecotourism.rif.mountains\/\"]},{\"@type\":\"WebSite\",\"@id\":\"https:\/\/www.gitetalassemtane.com\/fr\/#website\",\"url\":\"https:\/\/www.gitetalassemtane.com\/fr\/\",\"name\":\"Ecotourisme Randonn\u00e9es Chefchaouen\",\"description\":\"Tourisme durable \u00e0 Chefchaouen et dans les montagnes du Rif\",\"publisher\":{\"@id\":\"https:\/\/www.gitetalassemtane.com\/fr\/#\/schema\/person\/da2eed6234fd7fec1eff986aa57e99e2\"},\"potentialAction\":[{\"@type\":\"SearchAction\",\"target\":{\"@type\":\"EntryPoint\",\"urlTemplate\":\"https:\/\/www.gitetalassemtane.com\/fr\/?s={search_term_string}\"},\"query-input\":\"required name=search_term_string\"}],\"inLanguage\":\"en-US\"},{\"@type\":\"ImageObject\",\"inLanguage\":\"en-US\",\"@id\":\"https:\/\/www.gitetalassemtane.com\/fr\/comment-arriver-au-gite-talassemtane\/#primaryimage\",\"url\":\"https:\/\/www.gitetalassemtane.com\/fr\/wp-content\/uploads\/2022\/03\/resize_CONTACT-HEADER-PHOTO.jpg\",\"contentUrl\":\"https:\/\/www.gitetalassemtane.com\/fr\/wp-content\/uploads\/2022\/03\/resize_CONTACT-HEADER-PHOTO.jpg\",\"width\":1600,\"height\":800,\"caption\":\"Gite rural Chefchaouen\"},{\"@type\":\"WebPage\",\"@id\":\"https:\/\/www.gitetalassemtane.com\/fr\/comment-arriver-au-gite-talassemtane\/#webpage\",\"url\":\"https:\/\/www.gitetalassemtane.com\/fr\/comment-arriver-au-gite-talassemtane\/\",\"name\":\"Localisation Gite Talassemtane \u00e0 Chefchaouen\",\"isPartOf\":{\"@id\":\"https:\/\/www.gitetalassemtane.com\/fr\/#website\"},\"primaryImageOfPage\":{\"@id\":\"https:\/\/www.gitetalassemtane.com\/fr\/comment-arriver-au-gite-talassemtane\/#primaryimage\"},\"datePublished\":\"2022-03-28T21:49:38+00:00\",\"dateModified\":\"2022-08-23T15:08:45+00:00\",\"description\":\"Notre Gite est localis\u00e9 \u00e0 12km de Chefchaouen. Le gite organise des activit\u00e9s culturelles ainsi que des randonn\u00e9es au Parc Talassemtane.\",\"breadcrumb\":{\"@id\":\"https:\/\/www.gitetalassemtane.com\/fr\/comment-arriver-au-gite-talassemtane\/#breadcrumb\"},\"inLanguage\":\"en-US\",\"potentialAction\":[{\"@type\":\"ReadAction\",\"target\":[\"https:\/\/www.gitetalassemtane.com\/fr\/comment-arriver-au-gite-talassemtane\/\"]}]},{\"@type\":\"BreadcrumbList\",\"@id\":\"https:\/\/www.gitetalassemtane.com\/fr\/comment-arriver-au-gite-talassemtane\/#breadcrumb\",\"itemListElement\":[{\"@type\":\"ListItem\",\"position\":1,\"name\":\"Home\",\"item\":\"https:\/\/www.gitetalassemtane.com\/fr\/\"},{\"@type\":\"ListItem\",\"position\":2,\"name\":\"Acc\u00e8s\"}]}]}<\/script>\n<!-- \/ Yoast SEO plugin. -->","yoast_head_json":{"title":"Localisation Gite Talassemtane \u00e0 Chefchaouen","description":"Notre Gite est localis\u00e9 \u00e0 12km de Chefchaouen. Le gite organise des activit\u00e9s culturelles ainsi que des randonn\u00e9es au Parc Talassemtane.","robots":{"index":"index","follow":"follow","max-snippet":"max-snippet:-1","max-image-preview":"max-image-preview:large","max-video-preview":"max-video-preview:-1"},"canonical":"https:\/\/www.gitetalassemtane.com\/fr\/comment-arriver-au-gite-talassemtane\/","og_locale":"en_US","og_type":"article","og_title":"Localisation Gite Talassemtane \u00e0 Chefchaouen","og_description":"Notre Gite est localis\u00e9 \u00e0 12km de Chefchaouen. Le gite organise des activit\u00e9s culturelles ainsi que des randonn\u00e9es au Parc Talassemtane.","og_url":"https:\/\/www.gitetalassemtane.com\/fr\/comment-arriver-au-gite-talassemtane\/","og_site_name":"Ecotourisme Randonn\u00e9es Chefchaouen","article_publisher":"https:\/\/fr-fr.facebook.com\/ecotourism.rif.mountains\/","article_modified_time":"2022-08-23T15:08:45+00:00","og_image":[{"width":1600,"height":800,"url":"https:\/\/www.gitetalassemtane.com\/fr\/wp-content\/uploads\/2022\/03\/resize_CONTACT-HEADER-PHOTO.jpg","type":"image\/jpeg"}],"twitter_card":"summary_large_image","twitter_misc":{"Est. reading time":"2 minutes"},"schema":{"@context":"https:\/\/schema.org","@graph":[{"@type":["Person","Organization"],"@id":"https:\/\/www.gitetalassemtane.com\/fr\/#\/schema\/person\/da2eed6234fd7fec1eff986aa57e99e2","name":"Ecotourisme Randonn\u00e9es Chefchaouen","image":{"@type":"ImageObject","inLanguage":"en-US","@id":"https:\/\/www.gitetalassemtane.com\/fr\/#\/schema\/person\/image\/","url":"https:\/\/www.gitetalassemtane.com\/fr\/wp-content\/uploads\/2022\/08\/logo-gite.jpeg","contentUrl":"https:\/\/www.gitetalassemtane.com\/fr\/wp-content\/uploads\/2022\/08\/logo-gite.jpeg","width":1280,"height":1280,"caption":"Ecotourisme Randonn\u00e9es Chefchaouen"},"logo":{"@id":"https:\/\/www.gitetalassemtane.com\/fr\/#\/schema\/person\/image\/"},"description":"Ecotourisme Randonn\u00e9es Chefchaouen Gite Talassemtane, tenu par Fatima et sa famille, est une entreprise familiale locale \u00e0 Chefchaouen. Nous proposons l'h\u00e9bergement en pension compl\u00e8te dans notre \u00e9colodge o\u00f9 vous s\u00e9journerez chez une authentique famille berb\u00e8re Jebli des montagnes du Rif \u00e0 Chefchaouen dans le parc naturel de Talassemtane. Nous vous r\u00e9servons le meilleur accueil et nous vous ferons partager avec enthousiasme notre culture et nos traditions, le tout dans une nature pr\u00e9serv\u00e9e. Nous organisons des randonn\u00e9es et des visites culturelles pour explorer la r\u00e9gion et d\u00e9couvrir la culture. Au fil des journ\u00e9es, balades et randonn\u00e9es vous emm\u00e8nent au c\u0153ur des villages, \u00e0 la rencontre de la communaut\u00e9 pr\u00e9serv\u00e9e du monde moderne pour mieux transmettre ses traditions et sa culture.","sameAs":["https:\/\/gitetalassemtane.com","https:\/\/fr-fr.facebook.com\/ecotourism.rif.mountains\/"]},{"@type":"WebSite","@id":"https:\/\/www.gitetalassemtane.com\/fr\/#website","url":"https:\/\/www.gitetalassemtane.com\/fr\/","name":"Ecotourisme Randonn\u00e9es Chefchaouen","description":"Tourisme durable \u00e0 Chefchaouen et dans les montagnes du Rif","publisher":{"@id":"https:\/\/www.gitetalassemtane.com\/fr\/#\/schema\/person\/da2eed6234fd7fec1eff986aa57e99e2"},"potentialAction":[{"@type":"SearchAction","target":{"@type":"EntryPoint","urlTemplate":"https:\/\/www.gitetalassemtane.com\/fr\/?s={search_term_string}"},"query-input":"required name=search_term_string"}],"inLanguage":"en-US"},{"@type":"ImageObject","inLanguage":"en-US","@id":"https:\/\/www.gitetalassemtane.com\/fr\/comment-arriver-au-gite-talassemtane\/#primaryimage","url":"https:\/\/www.gitetalassemtane.com\/fr\/wp-content\/uploads\/2022\/03\/resize_CONTACT-HEADER-PHOTO.jpg","contentUrl":"https:\/\/www.gitetalassemtane.com\/fr\/wp-content\/uploads\/2022\/03\/resize_CONTACT-HEADER-PHOTO.jpg","width":1600,"height":800,"caption":"Gite rural Chefchaouen"},{"@type":"WebPage","@id":"https:\/\/www.gitetalassemtane.com\/fr\/comment-arriver-au-gite-talassemtane\/#webpage","url":"https:\/\/www.gitetalassemtane.com\/fr\/comment-arriver-au-gite-talassemtane\/","name":"Localisation Gite Talassemtane \u00e0 Chefchaouen","isPartOf":{"@id":"https:\/\/www.gitetalassemtane.com\/fr\/#website"},"primaryImageOfPage":{"@id":"https:\/\/www.gitetalassemtane.com\/fr\/comment-arriver-au-gite-talassemtane\/#primaryimage"},"datePublished":"2022-03-28T21:49:38+00:00","dateModified":"2022-08-23T15:08:45+00:00","description":"Notre Gite est localis\u00e9 \u00e0 12km de Chefchaouen. Le gite organise des activit\u00e9s culturelles ainsi que des randonn\u00e9es au Parc Talassemtane.","breadcrumb":{"@id":"https:\/\/www.gitetalassemtane.com\/fr\/comment-arriver-au-gite-talassemtane\/#breadcrumb"},"inLanguage":"en-US","potentialAction":[{"@type":"ReadAction","target":["https:\/\/www.gitetalassemtane.com\/fr\/comment-arriver-au-gite-talassemtane\/"]}]},{"@type":"BreadcrumbList","@id":"https:\/\/www.gitetalassemtane.com\/fr\/comment-arriver-au-gite-talassemtane\/#breadcrumb","itemListElement":[{"@type":"ListItem","position":1,"name":"Home","item":"https:\/\/www.gitetalassemtane.com\/fr\/"},{"@type":"ListItem","position":2,"name":"Acc\u00e8s"}]}]}},"_links":{"self":[{"href":"https:\/\/www.gitetalassemtane.com\/fr\/wp-json\/wp\/v2\/pages\/5030","targetHints":{"allow":["GET"]}}],"collection":[{"href":"https:\/\/www.gitetalassemtane.com\/fr\/wp-json\/wp\/v2\/pages"}],"about":[{"href":"https:\/\/www.gitetalassemtane.com\/fr\/wp-json\/wp\/v2\/types\/page"}],"author":[{"embeddable":true,"href":"https:\/\/www.gitetalassemtane.com\/fr\/wp-json\/wp\/v2\/users\/1"}],"replies":[{"embeddable":true,"href":"https:\/\/www.gitetalassemtane.com\/fr\/wp-json\/wp\/v2\/comments?post=5030"}],"version-history":[{"count":21,"href":"https:\/\/www.gitetalassemtane.com\/fr\/wp-json\/wp\/v2\/pages\/5030\/revisions"}],"predecessor-version":[{"id":5805,"href":"https:\/\/www.gitetalassemtane.com\/fr\/wp-json\/wp\/v2\/pages\/5030\/revisions\/5805"}],"wp:featuredmedia":[{"embeddable":true,"href":"https:\/\/www.gitetalassemtane.com\/fr\/wp-json\/wp\/v2\/media\/5160"}],"wp:attachment":[{"href":"https:\/\/www.gitetalassemtane.com\/fr\/wp-json\/wp\/v2\/media?parent=5030"}],"curies":[{"name":"wp","href":"https:\/\/api.w.org\/{rel}","templated":true}]}}