{"id":4709,"date":"2022-03-27T22:57:06","date_gmt":"2022-03-27T22:57:06","guid":{"rendered":"https:\/\/madigitale.com\/?page_id=4709"},"modified":"2022-08-09T22:33:53","modified_gmt":"2022-08-09T22:33:53","slug":"qui-sommes-nous","status":"publish","type":"page","link":"https:\/\/www.gitetalassemtane.com\/fr\/qui-sommes-nous\/","title":{"rendered":"Qui sommes-nous?"},"content":{"rendered":"<div  class=\"one\" >\n<div class=\"standard_wrapper\">\n<div class=\"page_content_wrapper\">\n<div class=\"inner\">\n<div class=\"one_half content_middle textright\" style=\"padding:0px;\">\n<h2 class=\"ppb_title\" style=\"\">LE TOURISME EQUITABLE ET SOLIDAIRE PROVINCE CHEFCHAOUEN<\/h2>\n<div class=\"ppb_header_content\">\n<p style=\"text-align: justify;\">Dans ce G\u00eete Talassemtane, g\u00e9r\u00e9 par Fatima et sa famille vous \u00eates h\u00e9berg\u00e9s chez une authentique famille Jebli du Rif. Ils vous r\u00e9serveront le meilleur accueil et auront \u00e0 c\u0153ur de vous faire partager leur culture et leur tradition Rifain au sein d&#8217;une nature pr\u00e9serv\u00e9e au pays Jbala au Rif du Maroc.<br \/>\nLes Jbala comme le nom l\u2019indique, sont les \u00ab montagnards \u00bb ou \u00ab les habitants des montagnes \u00bb du Rif. Ils sont connu par les techniques traditionnelles de fabrication de r\u00e9cipients en argile et bouse de vache ; un techniques r\u00e9serv\u00e9es aux femmes berb\u00e8res. Autrefois, ces r\u00e9cipients servaient au stockage des produits agricoles secs, au nourrissage des animaux ou encore au transport des c\u00e9r\u00e9ales au moulin rotatif.<br \/>\nAu fil des jours, balades ou randonn\u00e9es vous m\u00e8neront au c\u0153ur des villages du parc Talassemtane, \u00e0 la rencontre des Jbala qui ont su se pr\u00e9server du monde moderne pour mieux transmettre leur tradition et leur culture.<\/p>\n<\/div>\n<\/div>\n<div class=\"one_half last\"><\/div>\n<p><br class=\"clear\"\/><\/div>\n<\/div>\n<\/div>\n<\/div>\n<div  class=\"one\" >\n<div class=\"standard_wrapper\">\n<div class=\"page_content_wrapper\">\n<div class=\"inner\">\n<div class=\"one_half content_middle textright\" style=\"padding:0px;\">\n<h2 class=\"ppb_title\" style=\"\"> NOTRE ENGAGEMENT POUR UN TOURISME DURABLE<\/h2>\n<div class=\"ppb_header_content\">\n<p style=\"text-align: justify;\">Tant au niveau de la conception que de son fonctionnement s&#8217;int\u00e8gre dans la ligne de notre engagement pour un tourisme facteur de d\u00e9veloppement durable avec :<\/p>\n<ul>\n<li>Utilisation des mat\u00e9riaux traditionnels de la r\u00e9gion,<\/li>\n<li>Utilisation de produits de terroir de la r\u00e9gion,<br \/>\nCr\u00e9ation de sources de travail directes et indirectes dans le Douar,<\/li>\n<li>Aide directe \u00e0 travers l&#8217;association de d\u00e9veloppement local pour le d\u00e9veloppement du tourisme rural, gr\u00e2ce \u00e0 vos dons,<br \/>\nPr\u00e9servation d&#8217;un patrimoine, d&#8217;une culture et de ses traditions,<\/li>\n<li>Organisation de compagne de sensibilisation visa vis l\u2019environnement.<\/li>\n<\/ul>\n<\/div>\n<\/div>\n<div class=\"one_half last\"><\/div>\n<p><br class=\"clear\"\/><\/div>\n<\/div>\n<\/div>\n<\/div>\n<div  class=\"one\" >\n<div class=\"standard_wrapper\">\n<div class=\"page_content_wrapper\">\n<div class=\"inner\">\n<div class=\"one_half content_middle textright\" style=\"padding:0px;\">\n<h2 class=\"ppb_title\" style=\"\">NOTRE VISONS<\/h2>\n<div class=\"ppb_header_content\">\n<p style=\"text-align: justify;\">avoriser les s\u00e9jours touristiques dans les meilleures conditions d\u2019accueil et de confort, satisfaire aux exigences et aux besoins d&#8217;un tourisme d&#8217;authenticit\u00e9, de convivialit\u00e9, de nature, de calme, de d\u00e9couverte et d&#8217;espace,<\/p>\n<p style=\"text-align: left;\">Contribuer \u00e0 la valorisation et \u00e0 la conservation du patrimoine et de l&#8217;environnement, principalement en milieu rural,<\/p>\n<p style=\"text-align: left;\">Participer au d\u00e9veloppement local et contribuer \u00e0 fixer les populations rurales par l&#8217;apport de ressources compl\u00e9mentaires.<\/p>\n<p style=\"text-align: left;\">Promotion et valorisation de patrimoine culinaire et artisanal de Pays Jbala \u00e0 travers la consommation, promotion et commercialisation de produits de terroirs et l\u2019artisanat local.<\/p>\n<\/div>\n<\/div>\n<div class=\"one_half last\"><\/div>\n<p><br class=\"clear\"\/><\/div>\n<\/div>\n<\/div>\n<\/div>\n<div  class=\"one\" >\n<div class=\"standard_wrapper\">\n<div class=\"page_content_wrapper\">\n<div class=\"inner\">\n<div class=\"one_half content_middle textright\" style=\"padding:0px;\">\n<h2 class=\"ppb_title\" style=\"\">PRODUITS DE TERROIR JBALA<\/h2>\n<div class=\"ppb_header_content\">\n<p style=\"text-align: justify;\">Consommer des produits locaux, c&#8217;est contribuer \u00e0 la pr\u00e9servation de l&#8217;environnement, et \u00e0 l&#8217;\u00e9conomie locale, ainsi que consommer les produits frais et les sp\u00e9cialit\u00e9s r\u00e9gionales.<br \/>\nAu Gite Talassemtane, nous ne consommons que les produits de terroir de Chefchaouen. La province est tr\u00e8s connue par sa richesse et ces produits de qualit\u00e9.<br \/>\nPlusieurs producteurs et coop\u00e9ratives, appuy\u00e9s par l&#8217;administration et les associations locales, se sont engag\u00e9s dans la valorisation de produits locaux de qualit\u00e9 (huile d&#8217;olive, fromage de ch\u00e8vre, fruits secs, miel, etc.).<br \/>\nEn outre, ce territoire fait partie de la R\u00e9serve de Biosph\u00e8re intercontinentale de la M\u00e9diterran\u00e9e reconnue par l&#8217;UNESCO en octobre 2006.<\/p>\n<\/div>\n<\/div>\n<div class=\"one_half last\"><\/div>\n<p><br class=\"clear\"\/><\/div>\n<\/div>\n<\/div>\n<\/div>\n<div  class=\"one\" >\n<div class=\"standard_wrapper\">\n<div class=\"page_content_wrapper\">\n<div class=\"inner\">\n<div class=\"one_half content_middle textright\" style=\"padding:0px;\">\n<h2 class=\"ppb_title\" style=\"\">QUELQUES CONSEILS<\/h2>\n<div class=\"ppb_header_content\">\n<p style=\"text-align: justify;\">Comme dans tout voyage, c&#8217;est le comportement du voyageur qui est le garant d&#8217;une certaine authenticit\u00e9. N&#8217;oubliez jamais que vous \u00eates un h\u00f4te et que vous devez observer les us et coutumes locales. D&#8217;autant plus que vous serez dans une r\u00e9gion pr\u00e9serv\u00e9e du tourisme de masse.<br \/>\nPendant votre randonn\u00e9e, vous serez en contact avec une population amicale. Mais le plus grand service que vous pourrez lui rendre, c&#8217;est de ne jamais distribuer de stylos, de bonbons, ni de pi\u00e8ces de monnaie. Vous pouvez donner du mat\u00e9riel scolaire, v\u00eatements, etc. \u00e0 notre association<br \/>\n\u00c9vitez les tenues l\u00e9g\u00e8res qui pourraient heurter : shorts, d\u00e9collet\u00e9&#8230; L&#8217;id\u00e9al est d&#8217;avoir un pantalon transformable en short, pour avoir une tenue correcte en traversant les villages.<br \/>\nSi vous voyez des chaussures d\u00e9pos\u00e9es pr\u00e8s de la porte, d\u00e9chaussez-vous avant d&#8217;entrer dans la pi\u00e8ce.<br \/>\nLorsque vous prenez des photos, respectez les habitants et leur intimit\u00e9. Soyez discrets ou demandez simplement la permission avec le sourire. Respectez les lieux sacr\u00e9s, les cimeti\u00e8res, les marabouts .\u00c9vitez de vous embrasser en public<\/p>\n<\/div>\n<\/div>\n<div class=\"one_half last\"><\/div>\n<p><br class=\"clear\"\/><\/div>\n<\/div>\n<\/div>\n<\/div>\n","protected":false},"excerpt":{"rendered":"<p>LE TOURISME EQUITABLE ET SOLIDAIRE PROVINCE CHEFCHAOUEN Dans ce G\u00eete Talassemtane, g\u00e9r\u00e9 par Fatima et sa famille vous \u00eates h\u00e9berg\u00e9s chez une authentique famille Jebli du Rif. Ils vous r\u00e9serveront le meilleur accueil et auront \u00e0 c\u0153ur de vous faire [&hellip;]<\/p>\n","protected":false},"author":1,"featured_media":5167,"parent":0,"menu_order":0,"comment_status":"closed","ping_status":"closed","template":"","meta":{"footnotes":""},"class_list":["post-4709","page","type-page","status-publish","has-post-thumbnail","hentry"],"yoast_head":"<!-- This site is optimized with the Yoast SEO plugin v19.1 - https:\/\/yoast.com\/wordpress\/plugins\/seo\/ -->\n<title>Qui sommes-nous? - Ecotourisme Randonn\u00e9es Chefchaouen<\/title>\n<meta name=\"description\" content=\"Notre entreprise contribue \u00e0 la valorisation et \u00e0 la conservation du patrimoine et de l\u2019environnement, en milieu rural de Chefchaouen.\" \/>\n<meta name=\"robots\" content=\"index, follow, max-snippet:-1, max-image-preview:large, max-video-preview:-1\" \/>\n<link rel=\"canonical\" href=\"https:\/\/www.gitetalassemtane.com\/fr\/qui-sommes-nous\/\" \/>\n<meta property=\"og:locale\" content=\"en_US\" \/>\n<meta property=\"og:type\" content=\"article\" \/>\n<meta property=\"og:title\" content=\"Qui sommes-nous? - Ecotourisme Randonn\u00e9es Chefchaouen\" \/>\n<meta property=\"og:description\" content=\"Notre entreprise contribue \u00e0 la valorisation et \u00e0 la conservation du patrimoine et de l\u2019environnement, en milieu rural de Chefchaouen.\" \/>\n<meta property=\"og:url\" content=\"https:\/\/www.gitetalassemtane.com\/fr\/qui-sommes-nous\/\" \/>\n<meta property=\"og:site_name\" content=\"Ecotourisme Randonn\u00e9es Chefchaouen\" \/>\n<meta property=\"article:publisher\" content=\"https:\/\/fr-fr.facebook.com\/ecotourism.rif.mountains\/\" \/>\n<meta property=\"article:modified_time\" content=\"2022-08-09T22:33:53+00:00\" \/>\n<meta property=\"og:image\" content=\"https:\/\/www.gitetalassemtane.com\/fr\/wp-content\/uploads\/2022\/03\/resize_resize_ABOUT-US-HEADER-PHOTO.jpg\" \/>\n\t<meta property=\"og:image:width\" content=\"1600\" \/>\n\t<meta property=\"og:image:height\" content=\"800\" \/>\n\t<meta property=\"og:image:type\" content=\"image\/jpeg\" \/>\n<meta name=\"twitter:card\" content=\"summary_large_image\" \/>\n<meta name=\"twitter:label1\" content=\"Est. reading time\" \/>\n\t<meta name=\"twitter:data1\" content=\"4 minutes\" \/>\n<script type=\"application\/ld+json\" class=\"yoast-schema-graph\">{\"@context\":\"https:\/\/schema.org\",\"@graph\":[{\"@type\":[\"Person\",\"Organization\"],\"@id\":\"https:\/\/www.gitetalassemtane.com\/fr\/#\/schema\/person\/da2eed6234fd7fec1eff986aa57e99e2\",\"name\":\"Ecotourisme Randonn\u00e9es Chefchaouen\",\"image\":{\"@type\":\"ImageObject\",\"inLanguage\":\"en-US\",\"@id\":\"https:\/\/www.gitetalassemtane.com\/fr\/#\/schema\/person\/image\/\",\"url\":\"https:\/\/www.gitetalassemtane.com\/fr\/wp-content\/uploads\/2022\/08\/logo-gite.jpeg\",\"contentUrl\":\"https:\/\/www.gitetalassemtane.com\/fr\/wp-content\/uploads\/2022\/08\/logo-gite.jpeg\",\"width\":1280,\"height\":1280,\"caption\":\"Ecotourisme Randonn\u00e9es Chefchaouen\"},\"logo\":{\"@id\":\"https:\/\/www.gitetalassemtane.com\/fr\/#\/schema\/person\/image\/\"},\"description\":\"Ecotourisme Randonn\u00e9es Chefchaouen Gite Talassemtane, tenu par Fatima et sa famille, est une entreprise familiale locale \u00e0 Chefchaouen. Nous proposons l'h\u00e9bergement en pension compl\u00e8te dans notre \u00e9colodge o\u00f9 vous s\u00e9journerez chez une authentique famille berb\u00e8re Jebli des montagnes du Rif \u00e0 Chefchaouen dans le parc naturel de Talassemtane. Nous vous r\u00e9servons le meilleur accueil et nous vous ferons partager avec enthousiasme notre culture et nos traditions, le tout dans une nature pr\u00e9serv\u00e9e. Nous organisons des randonn\u00e9es et des visites culturelles pour explorer la r\u00e9gion et d\u00e9couvrir la culture. Au fil des journ\u00e9es, balades et randonn\u00e9es vous emm\u00e8nent au c\u0153ur des villages, \u00e0 la rencontre de la communaut\u00e9 pr\u00e9serv\u00e9e du monde moderne pour mieux transmettre ses traditions et sa culture.\",\"sameAs\":[\"https:\/\/gitetalassemtane.com\",\"https:\/\/fr-fr.facebook.com\/ecotourism.rif.mountains\/\"]},{\"@type\":\"WebSite\",\"@id\":\"https:\/\/www.gitetalassemtane.com\/fr\/#website\",\"url\":\"https:\/\/www.gitetalassemtane.com\/fr\/\",\"name\":\"Ecotourisme Randonn\u00e9es Chefchaouen\",\"description\":\"Tourisme durable \u00e0 Chefchaouen et dans les montagnes du Rif\",\"publisher\":{\"@id\":\"https:\/\/www.gitetalassemtane.com\/fr\/#\/schema\/person\/da2eed6234fd7fec1eff986aa57e99e2\"},\"potentialAction\":[{\"@type\":\"SearchAction\",\"target\":{\"@type\":\"EntryPoint\",\"urlTemplate\":\"https:\/\/www.gitetalassemtane.com\/fr\/?s={search_term_string}\"},\"query-input\":\"required name=search_term_string\"}],\"inLanguage\":\"en-US\"},{\"@type\":\"ImageObject\",\"inLanguage\":\"en-US\",\"@id\":\"https:\/\/www.gitetalassemtane.com\/fr\/qui-sommes-nous\/#primaryimage\",\"url\":\"https:\/\/www.gitetalassemtane.com\/fr\/wp-content\/uploads\/2022\/03\/resize_resize_ABOUT-US-HEADER-PHOTO.jpg\",\"contentUrl\":\"https:\/\/www.gitetalassemtane.com\/fr\/wp-content\/uploads\/2022\/03\/resize_resize_ABOUT-US-HEADER-PHOTO.jpg\",\"width\":1600,\"height\":800},{\"@type\":\"WebPage\",\"@id\":\"https:\/\/www.gitetalassemtane.com\/fr\/qui-sommes-nous\/#webpage\",\"url\":\"https:\/\/www.gitetalassemtane.com\/fr\/qui-sommes-nous\/\",\"name\":\"Qui sommes-nous? - Ecotourisme Randonn\u00e9es Chefchaouen\",\"isPartOf\":{\"@id\":\"https:\/\/www.gitetalassemtane.com\/fr\/#website\"},\"primaryImageOfPage\":{\"@id\":\"https:\/\/www.gitetalassemtane.com\/fr\/qui-sommes-nous\/#primaryimage\"},\"datePublished\":\"2022-03-27T22:57:06+00:00\",\"dateModified\":\"2022-08-09T22:33:53+00:00\",\"description\":\"Notre entreprise contribue \u00e0 la valorisation et \u00e0 la conservation du patrimoine et de l\u2019environnement, en milieu rural de Chefchaouen.\",\"breadcrumb\":{\"@id\":\"https:\/\/www.gitetalassemtane.com\/fr\/qui-sommes-nous\/#breadcrumb\"},\"inLanguage\":\"en-US\",\"potentialAction\":[{\"@type\":\"ReadAction\",\"target\":[\"https:\/\/www.gitetalassemtane.com\/fr\/qui-sommes-nous\/\"]}]},{\"@type\":\"BreadcrumbList\",\"@id\":\"https:\/\/www.gitetalassemtane.com\/fr\/qui-sommes-nous\/#breadcrumb\",\"itemListElement\":[{\"@type\":\"ListItem\",\"position\":1,\"name\":\"Home\",\"item\":\"https:\/\/www.gitetalassemtane.com\/fr\/\"},{\"@type\":\"ListItem\",\"position\":2,\"name\":\"Qui sommes-nous?\"}]}]}<\/script>\n<!-- \/ Yoast SEO plugin. -->","yoast_head_json":{"title":"Qui sommes-nous? - Ecotourisme Randonn\u00e9es Chefchaouen","description":"Notre entreprise contribue \u00e0 la valorisation et \u00e0 la conservation du patrimoine et de l\u2019environnement, en milieu rural de Chefchaouen.","robots":{"index":"index","follow":"follow","max-snippet":"max-snippet:-1","max-image-preview":"max-image-preview:large","max-video-preview":"max-video-preview:-1"},"canonical":"https:\/\/www.gitetalassemtane.com\/fr\/qui-sommes-nous\/","og_locale":"en_US","og_type":"article","og_title":"Qui sommes-nous? - Ecotourisme Randonn\u00e9es Chefchaouen","og_description":"Notre entreprise contribue \u00e0 la valorisation et \u00e0 la conservation du patrimoine et de l\u2019environnement, en milieu rural de Chefchaouen.","og_url":"https:\/\/www.gitetalassemtane.com\/fr\/qui-sommes-nous\/","og_site_name":"Ecotourisme Randonn\u00e9es Chefchaouen","article_publisher":"https:\/\/fr-fr.facebook.com\/ecotourism.rif.mountains\/","article_modified_time":"2022-08-09T22:33:53+00:00","og_image":[{"width":1600,"height":800,"url":"https:\/\/www.gitetalassemtane.com\/fr\/wp-content\/uploads\/2022\/03\/resize_resize_ABOUT-US-HEADER-PHOTO.jpg","type":"image\/jpeg"}],"twitter_card":"summary_large_image","twitter_misc":{"Est. reading time":"4 minutes"},"schema":{"@context":"https:\/\/schema.org","@graph":[{"@type":["Person","Organization"],"@id":"https:\/\/www.gitetalassemtane.com\/fr\/#\/schema\/person\/da2eed6234fd7fec1eff986aa57e99e2","name":"Ecotourisme Randonn\u00e9es Chefchaouen","image":{"@type":"ImageObject","inLanguage":"en-US","@id":"https:\/\/www.gitetalassemtane.com\/fr\/#\/schema\/person\/image\/","url":"https:\/\/www.gitetalassemtane.com\/fr\/wp-content\/uploads\/2022\/08\/logo-gite.jpeg","contentUrl":"https:\/\/www.gitetalassemtane.com\/fr\/wp-content\/uploads\/2022\/08\/logo-gite.jpeg","width":1280,"height":1280,"caption":"Ecotourisme Randonn\u00e9es Chefchaouen"},"logo":{"@id":"https:\/\/www.gitetalassemtane.com\/fr\/#\/schema\/person\/image\/"},"description":"Ecotourisme Randonn\u00e9es Chefchaouen Gite Talassemtane, tenu par Fatima et sa famille, est une entreprise familiale locale \u00e0 Chefchaouen. Nous proposons l'h\u00e9bergement en pension compl\u00e8te dans notre \u00e9colodge o\u00f9 vous s\u00e9journerez chez une authentique famille berb\u00e8re Jebli des montagnes du Rif \u00e0 Chefchaouen dans le parc naturel de Talassemtane. Nous vous r\u00e9servons le meilleur accueil et nous vous ferons partager avec enthousiasme notre culture et nos traditions, le tout dans une nature pr\u00e9serv\u00e9e. Nous organisons des randonn\u00e9es et des visites culturelles pour explorer la r\u00e9gion et d\u00e9couvrir la culture. Au fil des journ\u00e9es, balades et randonn\u00e9es vous emm\u00e8nent au c\u0153ur des villages, \u00e0 la rencontre de la communaut\u00e9 pr\u00e9serv\u00e9e du monde moderne pour mieux transmettre ses traditions et sa culture.","sameAs":["https:\/\/gitetalassemtane.com","https:\/\/fr-fr.facebook.com\/ecotourism.rif.mountains\/"]},{"@type":"WebSite","@id":"https:\/\/www.gitetalassemtane.com\/fr\/#website","url":"https:\/\/www.gitetalassemtane.com\/fr\/","name":"Ecotourisme Randonn\u00e9es Chefchaouen","description":"Tourisme durable \u00e0 Chefchaouen et dans les montagnes du Rif","publisher":{"@id":"https:\/\/www.gitetalassemtane.com\/fr\/#\/schema\/person\/da2eed6234fd7fec1eff986aa57e99e2"},"potentialAction":[{"@type":"SearchAction","target":{"@type":"EntryPoint","urlTemplate":"https:\/\/www.gitetalassemtane.com\/fr\/?s={search_term_string}"},"query-input":"required name=search_term_string"}],"inLanguage":"en-US"},{"@type":"ImageObject","inLanguage":"en-US","@id":"https:\/\/www.gitetalassemtane.com\/fr\/qui-sommes-nous\/#primaryimage","url":"https:\/\/www.gitetalassemtane.com\/fr\/wp-content\/uploads\/2022\/03\/resize_resize_ABOUT-US-HEADER-PHOTO.jpg","contentUrl":"https:\/\/www.gitetalassemtane.com\/fr\/wp-content\/uploads\/2022\/03\/resize_resize_ABOUT-US-HEADER-PHOTO.jpg","width":1600,"height":800},{"@type":"WebPage","@id":"https:\/\/www.gitetalassemtane.com\/fr\/qui-sommes-nous\/#webpage","url":"https:\/\/www.gitetalassemtane.com\/fr\/qui-sommes-nous\/","name":"Qui sommes-nous? - Ecotourisme Randonn\u00e9es Chefchaouen","isPartOf":{"@id":"https:\/\/www.gitetalassemtane.com\/fr\/#website"},"primaryImageOfPage":{"@id":"https:\/\/www.gitetalassemtane.com\/fr\/qui-sommes-nous\/#primaryimage"},"datePublished":"2022-03-27T22:57:06+00:00","dateModified":"2022-08-09T22:33:53+00:00","description":"Notre entreprise contribue \u00e0 la valorisation et \u00e0 la conservation du patrimoine et de l\u2019environnement, en milieu rural de Chefchaouen.","breadcrumb":{"@id":"https:\/\/www.gitetalassemtane.com\/fr\/qui-sommes-nous\/#breadcrumb"},"inLanguage":"en-US","potentialAction":[{"@type":"ReadAction","target":["https:\/\/www.gitetalassemtane.com\/fr\/qui-sommes-nous\/"]}]},{"@type":"BreadcrumbList","@id":"https:\/\/www.gitetalassemtane.com\/fr\/qui-sommes-nous\/#breadcrumb","itemListElement":[{"@type":"ListItem","position":1,"name":"Home","item":"https:\/\/www.gitetalassemtane.com\/fr\/"},{"@type":"ListItem","position":2,"name":"Qui sommes-nous?"}]}]}},"_links":{"self":[{"href":"https:\/\/www.gitetalassemtane.com\/fr\/wp-json\/wp\/v2\/pages\/4709","targetHints":{"allow":["GET"]}}],"collection":[{"href":"https:\/\/www.gitetalassemtane.com\/fr\/wp-json\/wp\/v2\/pages"}],"about":[{"href":"https:\/\/www.gitetalassemtane.com\/fr\/wp-json\/wp\/v2\/types\/page"}],"author":[{"embeddable":true,"href":"https:\/\/www.gitetalassemtane.com\/fr\/wp-json\/wp\/v2\/users\/1"}],"replies":[{"embeddable":true,"href":"https:\/\/www.gitetalassemtane.com\/fr\/wp-json\/wp\/v2\/comments?post=4709"}],"version-history":[{"count":0,"href":"https:\/\/www.gitetalassemtane.com\/fr\/wp-json\/wp\/v2\/pages\/4709\/revisions"}],"wp:featuredmedia":[{"embeddable":true,"href":"https:\/\/www.gitetalassemtane.com\/fr\/wp-json\/wp\/v2\/media\/5167"}],"wp:attachment":[{"href":"https:\/\/www.gitetalassemtane.com\/fr\/wp-json\/wp\/v2\/media?parent=4709"}],"curies":[{"name":"wp","href":"https:\/\/api.w.org\/{rel}","templated":true}]}}