{"id":4576,"date":"2022-03-25T18:18:54","date_gmt":"2022-03-25T18:18:54","guid":{"rendered":"https:\/\/madigitale.com\/?page_id=4576"},"modified":"2022-04-06T23:25:24","modified_gmt":"2022-04-06T23:25:24","slug":"galerie","status":"publish","type":"page","link":"https:\/\/www.gitetalassemtane.com\/fr\/galerie\/","title":{"rendered":"Galerie"},"content":{"rendered":"<div  class=\"one withsmallpadding ppb_header \" style=\"text-align:left;padding:30px 0 30px 0;\" >\n<div class=\"overlay_background\" style=\"background:#000000;background:rgb(0,0,0,1);background:rgba(0,0,0,1);\"><\/div>\n<div class=\"standard_wrapper\">\n<div class=\"page_content_wrapper\">\n<div class=\"inner\">\n<div style=\"margin:auto;width:100%\">\n<h2 class=\"ppb_title\" style=\"\">D\u00e9couvrez notre galerie photos<\/h2>\n<\/div>\n<\/div>\n<\/div>\n<\/div>\n<\/div>\n<div  class=\"one withsmallpadding ppb_header \" style=\"text-align:left;padding:30px 0 30px 0;\" >\n<div class=\"overlay_background\" style=\"background:#000000;background:rgb(0,0,0,1);background:rgba(0,0,0,1);\"><\/div>\n<div class=\"standard_wrapper\">\n<div class=\"page_content_wrapper\">\n<div class=\"inner\">\n<div style=\"margin:auto;width:100%\">\n<h2 class=\"ppb_title\" style=\"\">D\u00e9couvrez notre galerie photos<\/h2>\n<\/div>\n<\/div>\n<\/div>\n<\/div>\n<\/div>\n","protected":false},"excerpt":{"rendered":"<p>D\u00e9couvrez notre galerie photos D\u00e9couvrez notre galerie photos<\/p>\n","protected":false},"author":1,"featured_media":5163,"parent":0,"menu_order":0,"comment_status":"closed","ping_status":"closed","template":"","meta":{"footnotes":""},"class_list":["post-4576","page","type-page","status-publish","has-post-thumbnail","hentry"],"yoast_head":"<!-- This site is optimized with the Yoast SEO plugin v19.1 - https:\/\/yoast.com\/wordpress\/plugins\/seo\/ -->\n<title>Galerie - Ecotourisme Randonn\u00e9es Chefchaouen<\/title>\n<meta name=\"robots\" content=\"index, follow, max-snippet:-1, max-image-preview:large, max-video-preview:-1\" \/>\n<link rel=\"canonical\" href=\"https:\/\/www.gitetalassemtane.com\/fr\/galerie\/\" \/>\n<meta property=\"og:locale\" content=\"en_US\" \/>\n<meta property=\"og:type\" content=\"article\" \/>\n<meta property=\"og:title\" content=\"Galerie - Ecotourisme Randonn\u00e9es Chefchaouen\" \/>\n<meta property=\"og:description\" content=\"D\u00e9couvrez notre galerie photos D\u00e9couvrez notre galerie photos\" \/>\n<meta property=\"og:url\" content=\"https:\/\/www.gitetalassemtane.com\/fr\/galerie\/\" \/>\n<meta property=\"og:site_name\" content=\"Ecotourisme Randonn\u00e9es Chefchaouen\" \/>\n<meta property=\"article:publisher\" content=\"https:\/\/fr-fr.facebook.com\/ecotourism.rif.mountains\/\" \/>\n<meta property=\"article:modified_time\" content=\"2022-04-06T23:25:24+00:00\" \/>\n<meta property=\"og:image\" content=\"https:\/\/www.gitetalassemtane.com\/fr\/wp-content\/uploads\/2022\/03\/resize_GALLERY-HEADER-PHOTOS.jpg\" \/>\n\t<meta property=\"og:image:width\" content=\"1600\" \/>\n\t<meta property=\"og:image:height\" content=\"800\" \/>\n\t<meta property=\"og:image:type\" content=\"image\/jpeg\" \/>\n<meta name=\"twitter:card\" content=\"summary_large_image\" \/>\n<script type=\"application\/ld+json\" class=\"yoast-schema-graph\">{\"@context\":\"https:\/\/schema.org\",\"@graph\":[{\"@type\":[\"Person\",\"Organization\"],\"@id\":\"https:\/\/www.gitetalassemtane.com\/fr\/#\/schema\/person\/da2eed6234fd7fec1eff986aa57e99e2\",\"name\":\"Ecotourisme Randonn\u00e9es Chefchaouen\",\"image\":{\"@type\":\"ImageObject\",\"inLanguage\":\"en-US\",\"@id\":\"https:\/\/www.gitetalassemtane.com\/fr\/#\/schema\/person\/image\/\",\"url\":\"https:\/\/www.gitetalassemtane.com\/fr\/wp-content\/uploads\/2022\/08\/logo-gite.jpeg\",\"contentUrl\":\"https:\/\/www.gitetalassemtane.com\/fr\/wp-content\/uploads\/2022\/08\/logo-gite.jpeg\",\"width\":1280,\"height\":1280,\"caption\":\"Ecotourisme Randonn\u00e9es Chefchaouen\"},\"logo\":{\"@id\":\"https:\/\/www.gitetalassemtane.com\/fr\/#\/schema\/person\/image\/\"},\"description\":\"Ecotourisme Randonn\u00e9es Chefchaouen Gite Talassemtane, tenu par Fatima et sa famille, est une entreprise familiale locale \u00e0 Chefchaouen. Nous proposons l'h\u00e9bergement en pension compl\u00e8te dans notre \u00e9colodge o\u00f9 vous s\u00e9journerez chez une authentique famille berb\u00e8re Jebli des montagnes du Rif \u00e0 Chefchaouen dans le parc naturel de Talassemtane. Nous vous r\u00e9servons le meilleur accueil et nous vous ferons partager avec enthousiasme notre culture et nos traditions, le tout dans une nature pr\u00e9serv\u00e9e. Nous organisons des randonn\u00e9es et des visites culturelles pour explorer la r\u00e9gion et d\u00e9couvrir la culture. Au fil des journ\u00e9es, balades et randonn\u00e9es vous emm\u00e8nent au c\u0153ur des villages, \u00e0 la rencontre de la communaut\u00e9 pr\u00e9serv\u00e9e du monde moderne pour mieux transmettre ses traditions et sa culture.\",\"sameAs\":[\"https:\/\/gitetalassemtane.com\",\"https:\/\/fr-fr.facebook.com\/ecotourism.rif.mountains\/\"]},{\"@type\":\"WebSite\",\"@id\":\"https:\/\/www.gitetalassemtane.com\/fr\/#website\",\"url\":\"https:\/\/www.gitetalassemtane.com\/fr\/\",\"name\":\"Ecotourisme Randonn\u00e9es Chefchaouen\",\"description\":\"Tourisme durable \u00e0 Chefchaouen et dans les montagnes du Rif\",\"publisher\":{\"@id\":\"https:\/\/www.gitetalassemtane.com\/fr\/#\/schema\/person\/da2eed6234fd7fec1eff986aa57e99e2\"},\"potentialAction\":[{\"@type\":\"SearchAction\",\"target\":{\"@type\":\"EntryPoint\",\"urlTemplate\":\"https:\/\/www.gitetalassemtane.com\/fr\/?s={search_term_string}\"},\"query-input\":\"required name=search_term_string\"}],\"inLanguage\":\"en-US\"},{\"@type\":\"ImageObject\",\"inLanguage\":\"en-US\",\"@id\":\"https:\/\/www.gitetalassemtane.com\/fr\/galerie\/#primaryimage\",\"url\":\"https:\/\/www.gitetalassemtane.com\/fr\/wp-content\/uploads\/2022\/03\/resize_GALLERY-HEADER-PHOTOS.jpg\",\"contentUrl\":\"https:\/\/www.gitetalassemtane.com\/fr\/wp-content\/uploads\/2022\/03\/resize_GALLERY-HEADER-PHOTOS.jpg\",\"width\":1600,\"height\":800,\"caption\":\"VTT au Sapiniere de Talassemtane\"},{\"@type\":\"WebPage\",\"@id\":\"https:\/\/www.gitetalassemtane.com\/fr\/galerie\/#webpage\",\"url\":\"https:\/\/www.gitetalassemtane.com\/fr\/galerie\/\",\"name\":\"Galerie - Ecotourisme Randonn\u00e9es Chefchaouen\",\"isPartOf\":{\"@id\":\"https:\/\/www.gitetalassemtane.com\/fr\/#website\"},\"primaryImageOfPage\":{\"@id\":\"https:\/\/www.gitetalassemtane.com\/fr\/galerie\/#primaryimage\"},\"datePublished\":\"2022-03-25T18:18:54+00:00\",\"dateModified\":\"2022-04-06T23:25:24+00:00\",\"breadcrumb\":{\"@id\":\"https:\/\/www.gitetalassemtane.com\/fr\/galerie\/#breadcrumb\"},\"inLanguage\":\"en-US\",\"potentialAction\":[{\"@type\":\"ReadAction\",\"target\":[\"https:\/\/www.gitetalassemtane.com\/fr\/galerie\/\"]}]},{\"@type\":\"BreadcrumbList\",\"@id\":\"https:\/\/www.gitetalassemtane.com\/fr\/galerie\/#breadcrumb\",\"itemListElement\":[{\"@type\":\"ListItem\",\"position\":1,\"name\":\"Home\",\"item\":\"https:\/\/www.gitetalassemtane.com\/fr\/\"},{\"@type\":\"ListItem\",\"position\":2,\"name\":\"Galerie\"}]}]}<\/script>\n<!-- \/ Yoast SEO plugin. -->","yoast_head_json":{"title":"Galerie - Ecotourisme Randonn\u00e9es Chefchaouen","robots":{"index":"index","follow":"follow","max-snippet":"max-snippet:-1","max-image-preview":"max-image-preview:large","max-video-preview":"max-video-preview:-1"},"canonical":"https:\/\/www.gitetalassemtane.com\/fr\/galerie\/","og_locale":"en_US","og_type":"article","og_title":"Galerie - Ecotourisme Randonn\u00e9es Chefchaouen","og_description":"D\u00e9couvrez notre galerie photos D\u00e9couvrez notre galerie photos","og_url":"https:\/\/www.gitetalassemtane.com\/fr\/galerie\/","og_site_name":"Ecotourisme Randonn\u00e9es Chefchaouen","article_publisher":"https:\/\/fr-fr.facebook.com\/ecotourism.rif.mountains\/","article_modified_time":"2022-04-06T23:25:24+00:00","og_image":[{"width":1600,"height":800,"url":"https:\/\/www.gitetalassemtane.com\/fr\/wp-content\/uploads\/2022\/03\/resize_GALLERY-HEADER-PHOTOS.jpg","type":"image\/jpeg"}],"twitter_card":"summary_large_image","schema":{"@context":"https:\/\/schema.org","@graph":[{"@type":["Person","Organization"],"@id":"https:\/\/www.gitetalassemtane.com\/fr\/#\/schema\/person\/da2eed6234fd7fec1eff986aa57e99e2","name":"Ecotourisme Randonn\u00e9es Chefchaouen","image":{"@type":"ImageObject","inLanguage":"en-US","@id":"https:\/\/www.gitetalassemtane.com\/fr\/#\/schema\/person\/image\/","url":"https:\/\/www.gitetalassemtane.com\/fr\/wp-content\/uploads\/2022\/08\/logo-gite.jpeg","contentUrl":"https:\/\/www.gitetalassemtane.com\/fr\/wp-content\/uploads\/2022\/08\/logo-gite.jpeg","width":1280,"height":1280,"caption":"Ecotourisme Randonn\u00e9es Chefchaouen"},"logo":{"@id":"https:\/\/www.gitetalassemtane.com\/fr\/#\/schema\/person\/image\/"},"description":"Ecotourisme Randonn\u00e9es Chefchaouen Gite Talassemtane, tenu par Fatima et sa famille, est une entreprise familiale locale \u00e0 Chefchaouen. Nous proposons l'h\u00e9bergement en pension compl\u00e8te dans notre \u00e9colodge o\u00f9 vous s\u00e9journerez chez une authentique famille berb\u00e8re Jebli des montagnes du Rif \u00e0 Chefchaouen dans le parc naturel de Talassemtane. Nous vous r\u00e9servons le meilleur accueil et nous vous ferons partager avec enthousiasme notre culture et nos traditions, le tout dans une nature pr\u00e9serv\u00e9e. Nous organisons des randonn\u00e9es et des visites culturelles pour explorer la r\u00e9gion et d\u00e9couvrir la culture. Au fil des journ\u00e9es, balades et randonn\u00e9es vous emm\u00e8nent au c\u0153ur des villages, \u00e0 la rencontre de la communaut\u00e9 pr\u00e9serv\u00e9e du monde moderne pour mieux transmettre ses traditions et sa culture.","sameAs":["https:\/\/gitetalassemtane.com","https:\/\/fr-fr.facebook.com\/ecotourism.rif.mountains\/"]},{"@type":"WebSite","@id":"https:\/\/www.gitetalassemtane.com\/fr\/#website","url":"https:\/\/www.gitetalassemtane.com\/fr\/","name":"Ecotourisme Randonn\u00e9es Chefchaouen","description":"Tourisme durable \u00e0 Chefchaouen et dans les montagnes du Rif","publisher":{"@id":"https:\/\/www.gitetalassemtane.com\/fr\/#\/schema\/person\/da2eed6234fd7fec1eff986aa57e99e2"},"potentialAction":[{"@type":"SearchAction","target":{"@type":"EntryPoint","urlTemplate":"https:\/\/www.gitetalassemtane.com\/fr\/?s={search_term_string}"},"query-input":"required name=search_term_string"}],"inLanguage":"en-US"},{"@type":"ImageObject","inLanguage":"en-US","@id":"https:\/\/www.gitetalassemtane.com\/fr\/galerie\/#primaryimage","url":"https:\/\/www.gitetalassemtane.com\/fr\/wp-content\/uploads\/2022\/03\/resize_GALLERY-HEADER-PHOTOS.jpg","contentUrl":"https:\/\/www.gitetalassemtane.com\/fr\/wp-content\/uploads\/2022\/03\/resize_GALLERY-HEADER-PHOTOS.jpg","width":1600,"height":800,"caption":"VTT au Sapiniere de Talassemtane"},{"@type":"WebPage","@id":"https:\/\/www.gitetalassemtane.com\/fr\/galerie\/#webpage","url":"https:\/\/www.gitetalassemtane.com\/fr\/galerie\/","name":"Galerie - Ecotourisme Randonn\u00e9es Chefchaouen","isPartOf":{"@id":"https:\/\/www.gitetalassemtane.com\/fr\/#website"},"primaryImageOfPage":{"@id":"https:\/\/www.gitetalassemtane.com\/fr\/galerie\/#primaryimage"},"datePublished":"2022-03-25T18:18:54+00:00","dateModified":"2022-04-06T23:25:24+00:00","breadcrumb":{"@id":"https:\/\/www.gitetalassemtane.com\/fr\/galerie\/#breadcrumb"},"inLanguage":"en-US","potentialAction":[{"@type":"ReadAction","target":["https:\/\/www.gitetalassemtane.com\/fr\/galerie\/"]}]},{"@type":"BreadcrumbList","@id":"https:\/\/www.gitetalassemtane.com\/fr\/galerie\/#breadcrumb","itemListElement":[{"@type":"ListItem","position":1,"name":"Home","item":"https:\/\/www.gitetalassemtane.com\/fr\/"},{"@type":"ListItem","position":2,"name":"Galerie"}]}]}},"_links":{"self":[{"href":"https:\/\/www.gitetalassemtane.com\/fr\/wp-json\/wp\/v2\/pages\/4576","targetHints":{"allow":["GET"]}}],"collection":[{"href":"https:\/\/www.gitetalassemtane.com\/fr\/wp-json\/wp\/v2\/pages"}],"about":[{"href":"https:\/\/www.gitetalassemtane.com\/fr\/wp-json\/wp\/v2\/types\/page"}],"author":[{"embeddable":true,"href":"https:\/\/www.gitetalassemtane.com\/fr\/wp-json\/wp\/v2\/users\/1"}],"replies":[{"embeddable":true,"href":"https:\/\/www.gitetalassemtane.com\/fr\/wp-json\/wp\/v2\/comments?post=4576"}],"version-history":[{"count":0,"href":"https:\/\/www.gitetalassemtane.com\/fr\/wp-json\/wp\/v2\/pages\/4576\/revisions"}],"wp:featuredmedia":[{"embeddable":true,"href":"https:\/\/www.gitetalassemtane.com\/fr\/wp-json\/wp\/v2\/media\/5163"}],"wp:attachment":[{"href":"https:\/\/www.gitetalassemtane.com\/fr\/wp-json\/wp\/v2\/media?parent=4576"}],"curies":[{"name":"wp","href":"https:\/\/api.w.org\/{rel}","templated":true}]}}