{"id":4235,"date":"2022-03-17T14:14:25","date_gmt":"2022-03-17T14:14:25","guid":{"rendered":"https:\/\/madigitale.com\/?page_id=4235"},"modified":"2022-09-11T18:43:54","modified_gmt":"2022-09-11T18:43:54","slug":"tarifs","status":"publish","type":"page","link":"https:\/\/www.gitetalassemtane.com\/fr\/tarifs\/","title":{"rendered":"Tarifs"},"content":{"rendered":"<div  class=\"one\" >\n<div class=\"standard_wrapper\">\n<div class=\"page_content_wrapper\">\n<div class=\"inner\">\n<div class=\"one_half content_middle textright\" style=\"padding:0px;\">\n<div class=\"ppb_header_content\">\n<h3>TARIFS 2022<\/h3>\n<p>Les prix sont donn\u00e9s par nuit et par personne.<br \/>\nPour les enfants de moins de 10 ans, nous consulter.<br \/>\n45 \u20ac par personne en pension compl\u00e8te.<br \/>\nLa pension compl\u00e8te comprend : 1 nuit, 1 d\u00eener, 1 petit d\u00e9jeuner, 1 d\u00e9jeuner pique nique.<br \/>\n35 \u20ac par personne en demi-pension. La demi-pension comprend : 1 nuit, 1 d\u00eener, 1 petit d\u00e9jeuner.<br \/>\n25 \u20ac par personne en Bed &#038; Breakfast. Le BB comprend : 1 nuit, 1 petit d\u00e9jeuner.<br \/>\nPour un s\u00e9jour : draps, oreillers, couvertures, serviettes de toilettes sont fournis.<\/p>\n<h3>CONDITIONS DE RESERVATION<\/h3>\n<p>Il faut r\u00e9server au minimum 1 semaine \u00e0 l&#8217;avance, dans la limite des disponibilit\u00e9s. Pour une r\u00e9servation \u00e0 moins de 30 jours de la date d&#8217;arriv\u00e9e, nous demandons le paiement int\u00e9gral des prestations.<br \/>\nPour confirmer votre r\u00e9servation, vous devez payer 50 % du montant de votre r\u00e9servation, par ch\u00e8que ou virement.<\/p>\n<p>L&#8217;int\u00e9gralit\u00e9 du montant de votre r\u00e9servation devra nous parvenir au minimum 30 jours avant votre date d&#8217;arriv\u00e9e.<\/p>\n<p>Pour une r\u00e9servation de derni\u00e8re minute, l&#8217;int\u00e9gralit\u00e9 du montant du s\u00e9jour devra \u00eatre r\u00e9gl\u00e9e sur place en euros ou en dirhams.<\/p>\n<\/div>\n<\/div>\n<div class=\"one_half last\"><\/div>\n<p><br class=\"clear\"\/><\/div>\n<\/div>\n<\/div>\n<\/div>\n<div  class=\"one\" >\n<div class=\"standard_wrapper\">\n<div class=\"page_content_wrapper\">\n<div class=\"inner\">\n<div class=\"one_half content_middle textright\" style=\"padding:0px;\">\n<div class=\"ppb_header_content\">\n<h3>TARIFS 2022<\/h3>\n<p>Les prix sont donn\u00e9s par nuit et par personne.<br \/>\nPour les enfants de moins de 10 ans, nous consulter.<br \/>\n45 \u20ac par personne en pension compl\u00e8te.<br \/>\nLa pension compl\u00e8te comprend : 1 nuit, 1 d\u00eener, 1 petit d\u00e9jeuner, 1 d\u00e9jeuner pique nique.<br \/>\n35 \u20ac par personne en demi-pension. La demi-pension comprend : 1 nuit, 1 d\u00eener, 1 petit d\u00e9jeuner.<br \/>\n25 \u20ac par personne en Bed &#038; Breakfast. Le BB comprend : 1 nuit, 1 petit d\u00e9jeuner.<br \/>\nPour un s\u00e9jour : draps, oreillers, couvertures, serviettes de toilettes sont fournis.<\/p>\n<h3>CONDITIONS DE RESERVATION<\/h3>\n<p>Il faut r\u00e9server au minimum 1 semaine \u00e0 l&#8217;avance, dans la limite des disponibilit\u00e9s. Pour une r\u00e9servation \u00e0 moins de 30 jours de la date d&#8217;arriv\u00e9e, nous demandons le paiement int\u00e9gral des prestations.<br \/>\nPour confirmer votre r\u00e9servation, vous devez payer 50 % du montant de votre r\u00e9servation, par ch\u00e8que ou virement.<\/p>\n<p>L&#8217;int\u00e9gralit\u00e9 du montant de votre r\u00e9servation devra nous parvenir au minimum 30 jours avant votre date d&#8217;arriv\u00e9e.<\/p>\n<p>Pour une r\u00e9servation de derni\u00e8re minute, l&#8217;int\u00e9gralit\u00e9 du montant du s\u00e9jour devra \u00eatre r\u00e9gl\u00e9e sur place en euros ou en dirhams.<\/p>\n<\/div>\n<\/div>\n<div class=\"one_half last\"><\/div>\n<p><br class=\"clear\"\/><\/div>\n<\/div>\n<\/div>\n<\/div>\n<div class=\"standard_wrapper\">\n<div  class=\"one_half last withsmallpadding ppb_header \" style=\"text-align:left;padding:30px 0 30px 0;\" >\n<div class=\"page_content_wrapper\">\n<div class=\"inner\">\n<div style=\"margin:auto;width:100%\">\n<div class=\"ppb_header_content\">\n<h3>Annulation<\/h3>\n<p>En cas d&#8217;annulation de la r\u00e9servation d&#8217;une chambre :<br \/>\nAnnulation \u00e0 plus d&#8217;un mois de la date d&#8217;arriv\u00e9e : retenue de 20 % du montant de la r\u00e9servation<br \/>\nAnnulation entre 15 et 30 jours avant la date d&#8217;arriv\u00e9e : retenue de 50 % du montant de la r\u00e9servation<br \/>\nAnnulation \u00e0 moins de 15 jours avant la date d&#8217;arriv\u00e9e : paiement int\u00e9gral de la r\u00e9servation<\/p>\n<h3>NOS AUTRES SERVICES<\/h3>\n<p>Si vous \u00eates int\u00e9ress\u00e9s par ces services, merci de nous l&#8217;indiquer lors de votre r\u00e9servation.<br \/>\n<strong>Transfer de Tanger\/Ceuta \/F\u00e8s<\/strong><br \/>\nNous pouvons vous indiquer des fournisseurs \u00e0 des prix int\u00e9ressants.<br \/>\n<strong>H\u00e9bergement \u00e0 Chefchaouen<\/strong><br \/>\nNous pouvons vous r\u00e9server des chambres en h\u00f4tel***, en Riad ou en appartement.<br \/>\n<strong>S\u00e9jour \u00e0 la carte passant par le g\u00eete<\/strong><br \/>\nVous partez en groupe ? Nous pouvons r\u00e9aliser pour vous un circuit personnalis\u00e9, incluant plusieurs nuits \u00e0 la r\u00e9gion de Chaouen<\/p>\n<\/div>\n<\/div>\n<\/div>\n<\/div>\n<\/div>\n<\/div>\n","protected":false},"excerpt":{"rendered":"<p>TARIFS 2022 Les prix sont donn\u00e9s par nuit et par personne. Pour les enfants de moins de 10 ans, nous consulter. 45 \u20ac par personne en pension compl\u00e8te. La pension compl\u00e8te comprend : 1 nuit, 1 d\u00eener, 1 petit d\u00e9jeuner, [&hellip;]<\/p>\n","protected":false},"author":1,"featured_media":5165,"parent":0,"menu_order":0,"comment_status":"closed","ping_status":"closed","template":"","meta":{"footnotes":""},"class_list":["post-4235","page","type-page","status-publish","has-post-thumbnail","hentry"],"yoast_head":"<!-- This site is optimized with the Yoast SEO plugin v19.1 - https:\/\/yoast.com\/wordpress\/plugins\/seo\/ -->\n<title>Tarifs - Ecotourisme Randonn\u00e9es Chefchaouen tarifs h\u00e9bergement et autre<\/title>\n<meta name=\"description\" content=\"Les tarifs diff\u00e9rent selon le type de services. les tarifs d\u2019h\u00e9bergement n\u2019inclus pas les activit\u00e9s proposer sur notre site\" \/>\n<meta name=\"robots\" content=\"index, follow, max-snippet:-1, max-image-preview:large, max-video-preview:-1\" \/>\n<link rel=\"canonical\" href=\"https:\/\/www.gitetalassemtane.com\/fr\/tarifs\/\" \/>\n<meta property=\"og:locale\" content=\"en_US\" \/>\n<meta property=\"og:type\" content=\"article\" \/>\n<meta property=\"og:title\" content=\"Tarifs - Ecotourisme Randonn\u00e9es Chefchaouen tarifs h\u00e9bergement et autre\" \/>\n<meta property=\"og:description\" content=\"Les tarifs diff\u00e9rent selon le type de services. les tarifs d\u2019h\u00e9bergement n\u2019inclus pas les activit\u00e9s proposer sur notre site\" \/>\n<meta property=\"og:url\" content=\"https:\/\/www.gitetalassemtane.com\/fr\/tarifs\/\" \/>\n<meta property=\"og:site_name\" content=\"Ecotourisme Randonn\u00e9es Chefchaouen\" \/>\n<meta property=\"article:publisher\" content=\"https:\/\/fr-fr.facebook.com\/ecotourism.rif.mountains\/\" \/>\n<meta property=\"article:modified_time\" content=\"2022-09-11T18:43:54+00:00\" \/>\n<meta property=\"og:image\" content=\"https:\/\/www.gitetalassemtane.com\/fr\/wp-content\/uploads\/2022\/03\/resize_RATE-HEADER-PHOTO.jpg\" \/>\n\t<meta property=\"og:image:width\" content=\"1600\" \/>\n\t<meta property=\"og:image:height\" content=\"800\" \/>\n\t<meta property=\"og:image:type\" content=\"image\/jpeg\" \/>\n<meta name=\"twitter:card\" content=\"summary_large_image\" \/>\n<meta name=\"twitter:label1\" content=\"Est. reading time\" \/>\n\t<meta name=\"twitter:data1\" content=\"3 minutes\" \/>\n<script type=\"application\/ld+json\" class=\"yoast-schema-graph\">{\"@context\":\"https:\/\/schema.org\",\"@graph\":[{\"@type\":[\"Person\",\"Organization\"],\"@id\":\"https:\/\/www.gitetalassemtane.com\/fr\/#\/schema\/person\/da2eed6234fd7fec1eff986aa57e99e2\",\"name\":\"Ecotourisme Randonn\u00e9es Chefchaouen\",\"image\":{\"@type\":\"ImageObject\",\"inLanguage\":\"en-US\",\"@id\":\"https:\/\/www.gitetalassemtane.com\/fr\/#\/schema\/person\/image\/\",\"url\":\"https:\/\/www.gitetalassemtane.com\/fr\/wp-content\/uploads\/2022\/08\/logo-gite.jpeg\",\"contentUrl\":\"https:\/\/www.gitetalassemtane.com\/fr\/wp-content\/uploads\/2022\/08\/logo-gite.jpeg\",\"width\":1280,\"height\":1280,\"caption\":\"Ecotourisme Randonn\u00e9es Chefchaouen\"},\"logo\":{\"@id\":\"https:\/\/www.gitetalassemtane.com\/fr\/#\/schema\/person\/image\/\"},\"description\":\"Ecotourisme Randonn\u00e9es Chefchaouen Gite Talassemtane, tenu par Fatima et sa famille, est une entreprise familiale locale \u00e0 Chefchaouen. Nous proposons l'h\u00e9bergement en pension compl\u00e8te dans notre \u00e9colodge o\u00f9 vous s\u00e9journerez chez une authentique famille berb\u00e8re Jebli des montagnes du Rif \u00e0 Chefchaouen dans le parc naturel de Talassemtane. Nous vous r\u00e9servons le meilleur accueil et nous vous ferons partager avec enthousiasme notre culture et nos traditions, le tout dans une nature pr\u00e9serv\u00e9e. Nous organisons des randonn\u00e9es et des visites culturelles pour explorer la r\u00e9gion et d\u00e9couvrir la culture. Au fil des journ\u00e9es, balades et randonn\u00e9es vous emm\u00e8nent au c\u0153ur des villages, \u00e0 la rencontre de la communaut\u00e9 pr\u00e9serv\u00e9e du monde moderne pour mieux transmettre ses traditions et sa culture.\",\"sameAs\":[\"https:\/\/gitetalassemtane.com\",\"https:\/\/fr-fr.facebook.com\/ecotourism.rif.mountains\/\"]},{\"@type\":\"WebSite\",\"@id\":\"https:\/\/www.gitetalassemtane.com\/fr\/#website\",\"url\":\"https:\/\/www.gitetalassemtane.com\/fr\/\",\"name\":\"Ecotourisme Randonn\u00e9es Chefchaouen\",\"description\":\"Tourisme durable \u00e0 Chefchaouen et dans les montagnes du Rif\",\"publisher\":{\"@id\":\"https:\/\/www.gitetalassemtane.com\/fr\/#\/schema\/person\/da2eed6234fd7fec1eff986aa57e99e2\"},\"potentialAction\":[{\"@type\":\"SearchAction\",\"target\":{\"@type\":\"EntryPoint\",\"urlTemplate\":\"https:\/\/www.gitetalassemtane.com\/fr\/?s={search_term_string}\"},\"query-input\":\"required name=search_term_string\"}],\"inLanguage\":\"en-US\"},{\"@type\":\"ImageObject\",\"inLanguage\":\"en-US\",\"@id\":\"https:\/\/www.gitetalassemtane.com\/fr\/tarifs\/#primaryimage\",\"url\":\"https:\/\/www.gitetalassemtane.com\/fr\/wp-content\/uploads\/2022\/03\/resize_RATE-HEADER-PHOTO.jpg\",\"contentUrl\":\"https:\/\/www.gitetalassemtane.com\/fr\/wp-content\/uploads\/2022\/03\/resize_RATE-HEADER-PHOTO.jpg\",\"width\":1600,\"height\":800},{\"@type\":\"WebPage\",\"@id\":\"https:\/\/www.gitetalassemtane.com\/fr\/tarifs\/#webpage\",\"url\":\"https:\/\/www.gitetalassemtane.com\/fr\/tarifs\/\",\"name\":\"Tarifs - Ecotourisme Randonn\u00e9es Chefchaouen tarifs h\u00e9bergement et autre\",\"isPartOf\":{\"@id\":\"https:\/\/www.gitetalassemtane.com\/fr\/#website\"},\"primaryImageOfPage\":{\"@id\":\"https:\/\/www.gitetalassemtane.com\/fr\/tarifs\/#primaryimage\"},\"datePublished\":\"2022-03-17T14:14:25+00:00\",\"dateModified\":\"2022-09-11T18:43:54+00:00\",\"description\":\"Les tarifs diff\u00e9rent selon le type de services. les tarifs d\u2019h\u00e9bergement n\u2019inclus pas les activit\u00e9s proposer sur notre site\",\"breadcrumb\":{\"@id\":\"https:\/\/www.gitetalassemtane.com\/fr\/tarifs\/#breadcrumb\"},\"inLanguage\":\"en-US\",\"potentialAction\":[{\"@type\":\"ReadAction\",\"target\":[\"https:\/\/www.gitetalassemtane.com\/fr\/tarifs\/\"]}]},{\"@type\":\"BreadcrumbList\",\"@id\":\"https:\/\/www.gitetalassemtane.com\/fr\/tarifs\/#breadcrumb\",\"itemListElement\":[{\"@type\":\"ListItem\",\"position\":1,\"name\":\"Home\",\"item\":\"https:\/\/www.gitetalassemtane.com\/fr\/\"},{\"@type\":\"ListItem\",\"position\":2,\"name\":\"Tarifs\"}]}]}<\/script>\n<!-- \/ Yoast SEO plugin. -->","yoast_head_json":{"title":"Tarifs - Ecotourisme Randonn\u00e9es Chefchaouen tarifs h\u00e9bergement et autre","description":"Les tarifs diff\u00e9rent selon le type de services. les tarifs d\u2019h\u00e9bergement n\u2019inclus pas les activit\u00e9s proposer sur notre site","robots":{"index":"index","follow":"follow","max-snippet":"max-snippet:-1","max-image-preview":"max-image-preview:large","max-video-preview":"max-video-preview:-1"},"canonical":"https:\/\/www.gitetalassemtane.com\/fr\/tarifs\/","og_locale":"en_US","og_type":"article","og_title":"Tarifs - Ecotourisme Randonn\u00e9es Chefchaouen tarifs h\u00e9bergement et autre","og_description":"Les tarifs diff\u00e9rent selon le type de services. les tarifs d\u2019h\u00e9bergement n\u2019inclus pas les activit\u00e9s proposer sur notre site","og_url":"https:\/\/www.gitetalassemtane.com\/fr\/tarifs\/","og_site_name":"Ecotourisme Randonn\u00e9es Chefchaouen","article_publisher":"https:\/\/fr-fr.facebook.com\/ecotourism.rif.mountains\/","article_modified_time":"2022-09-11T18:43:54+00:00","og_image":[{"width":1600,"height":800,"url":"https:\/\/www.gitetalassemtane.com\/fr\/wp-content\/uploads\/2022\/03\/resize_RATE-HEADER-PHOTO.jpg","type":"image\/jpeg"}],"twitter_card":"summary_large_image","twitter_misc":{"Est. reading time":"3 minutes"},"schema":{"@context":"https:\/\/schema.org","@graph":[{"@type":["Person","Organization"],"@id":"https:\/\/www.gitetalassemtane.com\/fr\/#\/schema\/person\/da2eed6234fd7fec1eff986aa57e99e2","name":"Ecotourisme Randonn\u00e9es Chefchaouen","image":{"@type":"ImageObject","inLanguage":"en-US","@id":"https:\/\/www.gitetalassemtane.com\/fr\/#\/schema\/person\/image\/","url":"https:\/\/www.gitetalassemtane.com\/fr\/wp-content\/uploads\/2022\/08\/logo-gite.jpeg","contentUrl":"https:\/\/www.gitetalassemtane.com\/fr\/wp-content\/uploads\/2022\/08\/logo-gite.jpeg","width":1280,"height":1280,"caption":"Ecotourisme Randonn\u00e9es Chefchaouen"},"logo":{"@id":"https:\/\/www.gitetalassemtane.com\/fr\/#\/schema\/person\/image\/"},"description":"Ecotourisme Randonn\u00e9es Chefchaouen Gite Talassemtane, tenu par Fatima et sa famille, est une entreprise familiale locale \u00e0 Chefchaouen. Nous proposons l'h\u00e9bergement en pension compl\u00e8te dans notre \u00e9colodge o\u00f9 vous s\u00e9journerez chez une authentique famille berb\u00e8re Jebli des montagnes du Rif \u00e0 Chefchaouen dans le parc naturel de Talassemtane. Nous vous r\u00e9servons le meilleur accueil et nous vous ferons partager avec enthousiasme notre culture et nos traditions, le tout dans une nature pr\u00e9serv\u00e9e. Nous organisons des randonn\u00e9es et des visites culturelles pour explorer la r\u00e9gion et d\u00e9couvrir la culture. Au fil des journ\u00e9es, balades et randonn\u00e9es vous emm\u00e8nent au c\u0153ur des villages, \u00e0 la rencontre de la communaut\u00e9 pr\u00e9serv\u00e9e du monde moderne pour mieux transmettre ses traditions et sa culture.","sameAs":["https:\/\/gitetalassemtane.com","https:\/\/fr-fr.facebook.com\/ecotourism.rif.mountains\/"]},{"@type":"WebSite","@id":"https:\/\/www.gitetalassemtane.com\/fr\/#website","url":"https:\/\/www.gitetalassemtane.com\/fr\/","name":"Ecotourisme Randonn\u00e9es Chefchaouen","description":"Tourisme durable \u00e0 Chefchaouen et dans les montagnes du Rif","publisher":{"@id":"https:\/\/www.gitetalassemtane.com\/fr\/#\/schema\/person\/da2eed6234fd7fec1eff986aa57e99e2"},"potentialAction":[{"@type":"SearchAction","target":{"@type":"EntryPoint","urlTemplate":"https:\/\/www.gitetalassemtane.com\/fr\/?s={search_term_string}"},"query-input":"required name=search_term_string"}],"inLanguage":"en-US"},{"@type":"ImageObject","inLanguage":"en-US","@id":"https:\/\/www.gitetalassemtane.com\/fr\/tarifs\/#primaryimage","url":"https:\/\/www.gitetalassemtane.com\/fr\/wp-content\/uploads\/2022\/03\/resize_RATE-HEADER-PHOTO.jpg","contentUrl":"https:\/\/www.gitetalassemtane.com\/fr\/wp-content\/uploads\/2022\/03\/resize_RATE-HEADER-PHOTO.jpg","width":1600,"height":800},{"@type":"WebPage","@id":"https:\/\/www.gitetalassemtane.com\/fr\/tarifs\/#webpage","url":"https:\/\/www.gitetalassemtane.com\/fr\/tarifs\/","name":"Tarifs - Ecotourisme Randonn\u00e9es Chefchaouen tarifs h\u00e9bergement et autre","isPartOf":{"@id":"https:\/\/www.gitetalassemtane.com\/fr\/#website"},"primaryImageOfPage":{"@id":"https:\/\/www.gitetalassemtane.com\/fr\/tarifs\/#primaryimage"},"datePublished":"2022-03-17T14:14:25+00:00","dateModified":"2022-09-11T18:43:54+00:00","description":"Les tarifs diff\u00e9rent selon le type de services. les tarifs d\u2019h\u00e9bergement n\u2019inclus pas les activit\u00e9s proposer sur notre site","breadcrumb":{"@id":"https:\/\/www.gitetalassemtane.com\/fr\/tarifs\/#breadcrumb"},"inLanguage":"en-US","potentialAction":[{"@type":"ReadAction","target":["https:\/\/www.gitetalassemtane.com\/fr\/tarifs\/"]}]},{"@type":"BreadcrumbList","@id":"https:\/\/www.gitetalassemtane.com\/fr\/tarifs\/#breadcrumb","itemListElement":[{"@type":"ListItem","position":1,"name":"Home","item":"https:\/\/www.gitetalassemtane.com\/fr\/"},{"@type":"ListItem","position":2,"name":"Tarifs"}]}]}},"_links":{"self":[{"href":"https:\/\/www.gitetalassemtane.com\/fr\/wp-json\/wp\/v2\/pages\/4235","targetHints":{"allow":["GET"]}}],"collection":[{"href":"https:\/\/www.gitetalassemtane.com\/fr\/wp-json\/wp\/v2\/pages"}],"about":[{"href":"https:\/\/www.gitetalassemtane.com\/fr\/wp-json\/wp\/v2\/types\/page"}],"author":[{"embeddable":true,"href":"https:\/\/www.gitetalassemtane.com\/fr\/wp-json\/wp\/v2\/users\/1"}],"replies":[{"embeddable":true,"href":"https:\/\/www.gitetalassemtane.com\/fr\/wp-json\/wp\/v2\/comments?post=4235"}],"version-history":[{"count":3,"href":"https:\/\/www.gitetalassemtane.com\/fr\/wp-json\/wp\/v2\/pages\/4235\/revisions"}],"predecessor-version":[{"id":5814,"href":"https:\/\/www.gitetalassemtane.com\/fr\/wp-json\/wp\/v2\/pages\/4235\/revisions\/5814"}],"wp:featuredmedia":[{"embeddable":true,"href":"https:\/\/www.gitetalassemtane.com\/fr\/wp-json\/wp\/v2\/media\/5165"}],"wp:attachment":[{"href":"https:\/\/www.gitetalassemtane.com\/fr\/wp-json\/wp\/v2\/media?parent=4235"}],"curies":[{"name":"wp","href":"https:\/\/api.w.org\/{rel}","templated":true}]}}