{"id":3090,"date":"2016-12-27T07:46:07","date_gmt":"2016-12-27T07:46:07","guid":{"rendered":"http:\/\/themes.themegoods.com\/grandtour\/demo\/?page_id=3090"},"modified":"2022-08-11T18:17:10","modified_gmt":"2022-08-11T18:17:10","slug":"contact","status":"publish","type":"page","link":"https:\/\/www.gitetalassemtane.com\/fr\/contact\/","title":{"rendered":"Contact"},"content":{"rendered":"<div  class=\"one withsmallpadding ppb_header \" style=\"text-align:left;padding:30px 0 30px 0;\" >\n<div class=\"standard_wrapper\">\n<div class=\"page_content_wrapper\">\n<div class=\"inner\">\n<div style=\"margin:auto;width:100%\">\n<h2 class=\"ppb_title\" style=\"\">Des questions sur notre g\u00eete ? Ecrivez-nous !<\/h2>\n<div class=\"ppb_header_content\">\n<p><strong>Pour r\u00e9server<\/strong><\/p>\n<p>Email address: info@gitetalassemtane.com \/\/ fatima@gitetalassemtane.com<br \/>\nT\u00e9l\u00e9phone : +212 6 72 74 33 47 \/\/<\/p>\n<\/div>\n<\/div>\n<\/div>\n<\/div>\n<\/div>\n<\/div>\n<div class=\"standard_wrapper\">\n<div  class=\"two_third withsmallpadding ppb_text\" style=\"text-align:left;padding:30px 0 30px 0;\" >\n<div class=\"standard_wrapper\">\n<div class=\"page_content_wrapper\">\n<div class=\"inner\">\n<div style=\"margin:auto;width:100%\">\n<div role=\"form\" class=\"wpcf7\" id=\"wpcf7-f3075-o2\" lang=\"en-US\" dir=\"ltr\">\n<div class=\"screen-reader-response\">\n<p role=\"status\" aria-live=\"polite\" aria-atomic=\"true\">\n<ul><\/ul>\n<\/div>\n<form action=\"\/fr\/wp-admin\/post.php#wpcf7-f3075-o2\" method=\"post\" class=\"wpcf7-form init\" novalidate=\"novalidate\" data-status=\"init\">\n<div style=\"display: none;\">\n<input type=\"hidden\" name=\"_wpcf7\" value=\"3075\" \/><br \/>\n<input type=\"hidden\" name=\"_wpcf7_version\" value=\"5.5.6\" \/><br \/>\n<input type=\"hidden\" name=\"_wpcf7_locale\" value=\"en_US\" \/><br \/>\n<input type=\"hidden\" name=\"_wpcf7_unit_tag\" value=\"wpcf7-f3075-o2\" \/><br \/>\n<input type=\"hidden\" name=\"_wpcf7_container_post\" value=\"0\" \/><br \/>\n<input type=\"hidden\" name=\"_wpcf7_posted_data_hash\" value=\"\" \/>\n<\/div>\n<p><label> Vos d\u00e9tails<br \/>\n<span class=\"wpcf7-form-control-wrap Sexe\"><span class=\"wpcf7-form-control wpcf7-radio\"><span class=\"wpcf7-list-item first\"><label><input type=\"radio\" name=\"Sexe\" value=\"MME\" checked=\"checked\" \/><span class=\"wpcf7-list-item-label\">MME<\/span><\/label><\/span><span class=\"wpcf7-list-item\"><label><input type=\"radio\" name=\"Sexe\" value=\"MLLE\" \/><span class=\"wpcf7-list-item-label\">MLLE<\/span><\/label><\/span><span class=\"wpcf7-list-item last\"><label><input type=\"radio\" name=\"Sexe\" value=\"M\" \/><span class=\"wpcf7-list-item-label\">M<\/span><\/label><\/span><\/span><\/span><\/label><\/p>\n<p><label> Nom de famille(*)<br \/>\n<span class=\"wpcf7-form-control-wrap Surname\"><input type=\"text\" name=\"Surname\" value=\"\" size=\"40\" class=\"wpcf7-form-control wpcf7-text wpcf7-validates-as-required\" aria-required=\"true\" aria-invalid=\"false\" \/><\/span> <\/label><\/p>\n<p><label> Pr\u00e9nom<br \/>\n<span class=\"wpcf7-form-control-wrap your-name\"><input type=\"text\" name=\"your-name\" value=\"\" size=\"40\" class=\"wpcf7-form-control wpcf7-text wpcf7-validates-as-required\" aria-required=\"true\" aria-invalid=\"false\" placeholder=\"Name\" \/><\/span> <\/label><\/p>\n<p><label> Adresse<br \/>\n<span class=\"wpcf7-form-control-wrap Address\"><input type=\"text\" name=\"Address\" value=\"\" size=\"40\" class=\"wpcf7-form-control wpcf7-text\" aria-invalid=\"false\" placeholder=\"Address\" \/><\/span> <\/label><\/p>\n<p><label> Code postal(*)<br \/>\n<span class=\"wpcf7-form-control-wrap codepostal\"><input type=\"number\" name=\"codepostal\" value=\"\" class=\"wpcf7-form-control wpcf7-number wpcf7-validates-as-number\" aria-invalid=\"false\" \/><\/span><\/label><\/p>\n<p><label> Ville(*)<br \/>\n<span class=\"wpcf7-form-control-wrap City\"><input type=\"text\" name=\"City\" value=\"\" size=\"40\" class=\"wpcf7-form-control wpcf7-text\" aria-invalid=\"false\" placeholder=\"City\" \/><\/span><\/label><\/p>\n<p><label> Pays<br \/>\n<span class=\"wpcf7-form-control-wrap Country\"><input type=\"text\" name=\"Country\" value=\"\" size=\"40\" class=\"wpcf7-form-control wpcf7-text\" aria-invalid=\"false\" placeholder=\"Country\" \/><\/span> <\/label><\/p>\n<p><label> T\u00e9l\u00e9phone<br \/>\n<span class=\"wpcf7-form-control-wrap tel-729\"><input type=\"tel\" name=\"tel-729\" value=\"\" size=\"40\" class=\"wpcf7-form-control wpcf7-text wpcf7-tel wpcf7-validates-as-required wpcf7-validates-as-tel\" aria-required=\"true\" aria-invalid=\"false\" \/><\/span> <\/label><\/p>\n<p><label> Email(*)<br \/>\n<span class=\"wpcf7-form-control-wrap your-email\"><input type=\"email\" name=\"your-email\" value=\"\" size=\"40\" class=\"wpcf7-form-control wpcf7-text wpcf7-email wpcf7-validates-as-required wpcf7-validates-as-email\" aria-required=\"true\" aria-invalid=\"false\" placeholder=\"nom@votreemail.com\" \/><\/span>  <\/label><\/p>\n<p><strong>Votre r\u00e9servation pour la chambre d&#8217;h\u00f4tes Gite Talassemtane<\/strong><\/p>\n<p><label> Nombe de personnes<br \/>\n<span class=\"wpcf7-form-control-wrap text-237\"><input type=\"text\" name=\"text-237\" value=\"\" size=\"40\" class=\"wpcf7-form-control wpcf7-text\" aria-invalid=\"false\" placeholder=\"1 person\" \/><\/span> <\/label><\/p>\n<p><label> R\u00e9servation<br \/>\nDe : <span class=\"wpcf7-form-control-wrap datefrom\"><input type=\"date\" name=\"datefrom\" value=\"\" class=\"wpcf7-form-control wpcf7-date wpcf7-validates-as-date\" aria-invalid=\"false\" \/><\/span> A : <span class=\"wpcf7-form-control-wrap dateto\"><input type=\"date\" name=\"dateto\" value=\"\" class=\"wpcf7-form-control wpcf7-date wpcf7-validates-as-date\" aria-invalid=\"false\" \/><\/span><\/label><\/p>\n<p><label><span class=\"wpcf7-form-control-wrap checkbox-400\"><span class=\"wpcf7-form-control wpcf7-checkbox\"><span class=\"wpcf7-list-item first\"><label><input type=\"checkbox\" name=\"checkbox-400[]\" value=\"S\u00e9jour exclusif (location de toute la maison)\" \/><span class=\"wpcf7-list-item-label\">S\u00e9jour exclusif (location de toute la maison)<\/span><\/label><\/span><span class=\"wpcf7-list-item\"><label><input type=\"checkbox\" name=\"checkbox-400[]\" value=\"Transfert \u00e0 la maison d&#039;h\u00f4tes\" \/><span class=\"wpcf7-list-item-label\">Transfert \u00e0 la maison d&#039;h\u00f4tes<\/span><\/label><\/span><span class=\"wpcf7-list-item\"><label><input type=\"checkbox\" name=\"checkbox-400[]\" value=\"Aller \u00e0 et\/ou\" \/><span class=\"wpcf7-list-item-label\">Aller \u00e0 et\/ou<\/span><\/label><\/span><span class=\"wpcf7-list-item last\"><label><input type=\"checkbox\" name=\"checkbox-400[]\" value=\"Retour\" \/><span class=\"wpcf7-list-item-label\">Retour<\/span><\/label><\/span><\/span><\/span><\/label><\/p>\n<p><strong> Nos autres prestations<\/strong><\/p>\n<p><label><strong>H\u00e9bergement \u00e0 Chefchaouen<\/strong><br \/>\n<span class=\"wpcf7-form-control-wrap dateaccom\"><input type=\"date\" name=\"dateaccom\" value=\"\" class=\"wpcf7-form-control wpcf7-date wpcf7-validates-as-date\" aria-invalid=\"false\" \/><\/span> <\/label><\/p>\n<p><label>Je souhaite un s\u00e9jour personnalis\u00e9 comme suit<\/strong><br \/>\n<span class=\"wpcf7-form-control-wrap textarea-173\"><textarea name=\"textarea-173\" cols=\"40\" rows=\"10\" class=\"wpcf7-form-control wpcf7-textarea\" aria-invalid=\"false\"><\/textarea><\/span><\/label><\/p>\n<p><input type=\"submit\" value=\"Envoyer\" class=\"wpcf7-form-control has-spinner wpcf7-submit\" \/><\/p>\n<p style=\"display: none !important;\"><label>&#916;<textarea name=\"_wpcf7_ak_hp_textarea\" cols=\"45\" rows=\"8\" maxlength=\"100\"><\/textarea><\/label><input type=\"hidden\" id=\"ak_js_2\" name=\"_wpcf7_ak_js\" value=\"211\"\/><script>document.getElementById( \"ak_js_2\" ).setAttribute( \"value\", ( new Date() ).getTime() );<\/script><\/p>\n<div class=\"wpcf7-response-output\" aria-hidden=\"true\"><\/div>\n<\/form>\n<\/div>\n<\/div>\n<\/div>\n<\/div>\n<\/div>\n<\/div>\n<\/div>\n<div  class=\"one_half_bg withsmallpadding ppb_text_image \" style=\"text-align:left;padding:30px 0 30px 0;\" >\n<div class=\"overlay_background\" style=\"background:#000000;background:rgb(0,0,0,1);background:rgba(0,0,0,1);\"><\/div>\n<div class=\"page_content_wrapper\">\n<div class=\"inner\">\n<div style=\"margin:auto;width:100%\">\n<h2 style=\"color: #fff;\">Bureau \u00e0 Chefchaouen :<\/h2>\n<p>16 November, Quartier Administratif 91000 Chefchaouen<\/p>\n<\/div>\n<\/div>\n<\/div>\n<\/div>\n<div  class=\"one_half_bg last withsmallpadding ppb_text_image \" style=\"text-align:left;padding:30px 0 30px 0;\" >\n<div class=\"overlay_background\" style=\"background:#000000;background:rgb(0,0,0,1);background:rgba(0,0,0,1);\"><\/div>\n<div class=\"page_content_wrapper\">\n<div class=\"inner\">\n<div style=\"margin:auto;width:100%\">\n<h2 style=\"color: #fff;\">Gite Talassemtane :<\/h2>\n<p>Village Zaouiya Habteene, Commune Bab Taza, province de Chefchaouen<\/p>\n<\/div>\n<\/div>\n<\/div>\n<\/div>\n","protected":false},"excerpt":{"rendered":"<p>Des questions sur notre g\u00eete ? Ecrivez-nous ! Pour r\u00e9server Email address: info@gitetalassemtane.com \/\/ fatima@gitetalassemtane.com T\u00e9l\u00e9phone : +212 6 72 74 33 47 \/\/ Vos d\u00e9tails MMEMLLEM Nom de famille(*) Pr\u00e9nom Adresse Code postal(*) Ville(*) Pays T\u00e9l\u00e9phone Email(*) Votre r\u00e9servation [&hellip;]<\/p>\n","protected":false},"author":1,"featured_media":5160,"parent":0,"menu_order":0,"comment_status":"closed","ping_status":"closed","template":"","meta":{"footnotes":""},"class_list":["post-3090","page","type-page","status-publish","has-post-thumbnail","hentry"],"yoast_head":"<!-- This site is optimized with the Yoast SEO plugin v19.1 - https:\/\/yoast.com\/wordpress\/plugins\/seo\/ -->\n<title>Contact - Ecotourisme Randonn\u00e9es Chefchaouen reservation gite<\/title>\n<meta name=\"description\" content=\"Agence local d\u2019\u00e9cotourisme \u00e0 Chefchaouen. Vous avez besoin d&#039;organer de votre s\u00e9jour \u00e9cotourisme, veuillez nous contacter .\" \/>\n<meta name=\"robots\" content=\"index, follow, max-snippet:-1, max-image-preview:large, max-video-preview:-1\" \/>\n<link rel=\"canonical\" href=\"https:\/\/www.gitetalassemtane.com\/fr\/contact\/\" \/>\n<meta property=\"og:locale\" content=\"en_US\" \/>\n<meta property=\"og:type\" content=\"article\" \/>\n<meta property=\"og:title\" content=\"Contact - Ecotourisme Randonn\u00e9es Chefchaouen reservation gite\" \/>\n<meta property=\"og:description\" content=\"Agence local d\u2019\u00e9cotourisme \u00e0 Chefchaouen. Vous avez besoin d&#039;organer de votre s\u00e9jour \u00e9cotourisme, veuillez nous contacter .\" \/>\n<meta property=\"og:url\" content=\"https:\/\/www.gitetalassemtane.com\/fr\/contact\/\" \/>\n<meta property=\"og:site_name\" content=\"Ecotourisme Randonn\u00e9es Chefchaouen\" \/>\n<meta property=\"article:publisher\" content=\"https:\/\/fr-fr.facebook.com\/ecotourism.rif.mountains\/\" \/>\n<meta property=\"article:modified_time\" content=\"2022-08-11T18:17:10+00:00\" \/>\n<meta property=\"og:image\" content=\"https:\/\/www.gitetalassemtane.com\/fr\/wp-content\/uploads\/2022\/03\/resize_CONTACT-HEADER-PHOTO.jpg\" \/>\n\t<meta property=\"og:image:width\" content=\"1600\" \/>\n\t<meta property=\"og:image:height\" content=\"800\" \/>\n\t<meta property=\"og:image:type\" content=\"image\/jpeg\" \/>\n<meta name=\"twitter:card\" content=\"summary_large_image\" \/>\n<meta name=\"twitter:label1\" content=\"Est. reading time\" \/>\n\t<meta name=\"twitter:data1\" content=\"1 minute\" \/>\n<script type=\"application\/ld+json\" class=\"yoast-schema-graph\">{\"@context\":\"https:\/\/schema.org\",\"@graph\":[{\"@type\":[\"Person\",\"Organization\"],\"@id\":\"https:\/\/www.gitetalassemtane.com\/fr\/#\/schema\/person\/da2eed6234fd7fec1eff986aa57e99e2\",\"name\":\"Ecotourisme Randonn\u00e9es Chefchaouen\",\"image\":{\"@type\":\"ImageObject\",\"inLanguage\":\"en-US\",\"@id\":\"https:\/\/www.gitetalassemtane.com\/fr\/#\/schema\/person\/image\/\",\"url\":\"https:\/\/www.gitetalassemtane.com\/fr\/wp-content\/uploads\/2022\/08\/logo-gite.jpeg\",\"contentUrl\":\"https:\/\/www.gitetalassemtane.com\/fr\/wp-content\/uploads\/2022\/08\/logo-gite.jpeg\",\"width\":1280,\"height\":1280,\"caption\":\"Ecotourisme Randonn\u00e9es Chefchaouen\"},\"logo\":{\"@id\":\"https:\/\/www.gitetalassemtane.com\/fr\/#\/schema\/person\/image\/\"},\"description\":\"Ecotourisme Randonn\u00e9es Chefchaouen Gite Talassemtane, tenu par Fatima et sa famille, est une entreprise familiale locale \u00e0 Chefchaouen. Nous proposons l'h\u00e9bergement en pension compl\u00e8te dans notre \u00e9colodge o\u00f9 vous s\u00e9journerez chez une authentique famille berb\u00e8re Jebli des montagnes du Rif \u00e0 Chefchaouen dans le parc naturel de Talassemtane. Nous vous r\u00e9servons le meilleur accueil et nous vous ferons partager avec enthousiasme notre culture et nos traditions, le tout dans une nature pr\u00e9serv\u00e9e. Nous organisons des randonn\u00e9es et des visites culturelles pour explorer la r\u00e9gion et d\u00e9couvrir la culture. Au fil des journ\u00e9es, balades et randonn\u00e9es vous emm\u00e8nent au c\u0153ur des villages, \u00e0 la rencontre de la communaut\u00e9 pr\u00e9serv\u00e9e du monde moderne pour mieux transmettre ses traditions et sa culture.\",\"sameAs\":[\"https:\/\/gitetalassemtane.com\",\"https:\/\/fr-fr.facebook.com\/ecotourism.rif.mountains\/\"]},{\"@type\":\"WebSite\",\"@id\":\"https:\/\/www.gitetalassemtane.com\/fr\/#website\",\"url\":\"https:\/\/www.gitetalassemtane.com\/fr\/\",\"name\":\"Ecotourisme Randonn\u00e9es Chefchaouen\",\"description\":\"Tourisme durable \u00e0 Chefchaouen et dans les montagnes du Rif\",\"publisher\":{\"@id\":\"https:\/\/www.gitetalassemtane.com\/fr\/#\/schema\/person\/da2eed6234fd7fec1eff986aa57e99e2\"},\"potentialAction\":[{\"@type\":\"SearchAction\",\"target\":{\"@type\":\"EntryPoint\",\"urlTemplate\":\"https:\/\/www.gitetalassemtane.com\/fr\/?s={search_term_string}\"},\"query-input\":\"required name=search_term_string\"}],\"inLanguage\":\"en-US\"},{\"@type\":\"ImageObject\",\"inLanguage\":\"en-US\",\"@id\":\"https:\/\/www.gitetalassemtane.com\/fr\/contact\/#primaryimage\",\"url\":\"https:\/\/www.gitetalassemtane.com\/fr\/wp-content\/uploads\/2022\/03\/resize_CONTACT-HEADER-PHOTO.jpg\",\"contentUrl\":\"https:\/\/www.gitetalassemtane.com\/fr\/wp-content\/uploads\/2022\/03\/resize_CONTACT-HEADER-PHOTO.jpg\",\"width\":1600,\"height\":800,\"caption\":\"Gite rural Chefchaouen\"},{\"@type\":\"WebPage\",\"@id\":\"https:\/\/www.gitetalassemtane.com\/fr\/contact\/#webpage\",\"url\":\"https:\/\/www.gitetalassemtane.com\/fr\/contact\/\",\"name\":\"Contact - Ecotourisme Randonn\u00e9es Chefchaouen reservation gite\",\"isPartOf\":{\"@id\":\"https:\/\/www.gitetalassemtane.com\/fr\/#website\"},\"primaryImageOfPage\":{\"@id\":\"https:\/\/www.gitetalassemtane.com\/fr\/contact\/#primaryimage\"},\"datePublished\":\"2016-12-27T07:46:07+00:00\",\"dateModified\":\"2022-08-11T18:17:10+00:00\",\"description\":\"Agence local d\u2019\u00e9cotourisme \u00e0 Chefchaouen. Vous avez besoin d'organer de votre s\u00e9jour \u00e9cotourisme, veuillez nous contacter .\",\"breadcrumb\":{\"@id\":\"https:\/\/www.gitetalassemtane.com\/fr\/contact\/#breadcrumb\"},\"inLanguage\":\"en-US\",\"potentialAction\":[{\"@type\":\"ReadAction\",\"target\":[\"https:\/\/www.gitetalassemtane.com\/fr\/contact\/\"]}]},{\"@type\":\"BreadcrumbList\",\"@id\":\"https:\/\/www.gitetalassemtane.com\/fr\/contact\/#breadcrumb\",\"itemListElement\":[{\"@type\":\"ListItem\",\"position\":1,\"name\":\"Home\",\"item\":\"https:\/\/www.gitetalassemtane.com\/fr\/\"},{\"@type\":\"ListItem\",\"position\":2,\"name\":\"Contact\"}]}]}<\/script>\n<!-- \/ Yoast SEO plugin. -->","yoast_head_json":{"title":"Contact - Ecotourisme Randonn\u00e9es Chefchaouen reservation gite","description":"Agence local d\u2019\u00e9cotourisme \u00e0 Chefchaouen. Vous avez besoin d'organer de votre s\u00e9jour \u00e9cotourisme, veuillez nous contacter .","robots":{"index":"index","follow":"follow","max-snippet":"max-snippet:-1","max-image-preview":"max-image-preview:large","max-video-preview":"max-video-preview:-1"},"canonical":"https:\/\/www.gitetalassemtane.com\/fr\/contact\/","og_locale":"en_US","og_type":"article","og_title":"Contact - Ecotourisme Randonn\u00e9es Chefchaouen reservation gite","og_description":"Agence local d\u2019\u00e9cotourisme \u00e0 Chefchaouen. Vous avez besoin d'organer de votre s\u00e9jour \u00e9cotourisme, veuillez nous contacter .","og_url":"https:\/\/www.gitetalassemtane.com\/fr\/contact\/","og_site_name":"Ecotourisme Randonn\u00e9es Chefchaouen","article_publisher":"https:\/\/fr-fr.facebook.com\/ecotourism.rif.mountains\/","article_modified_time":"2022-08-11T18:17:10+00:00","og_image":[{"width":1600,"height":800,"url":"https:\/\/www.gitetalassemtane.com\/fr\/wp-content\/uploads\/2022\/03\/resize_CONTACT-HEADER-PHOTO.jpg","type":"image\/jpeg"}],"twitter_card":"summary_large_image","twitter_misc":{"Est. reading time":"1 minute"},"schema":{"@context":"https:\/\/schema.org","@graph":[{"@type":["Person","Organization"],"@id":"https:\/\/www.gitetalassemtane.com\/fr\/#\/schema\/person\/da2eed6234fd7fec1eff986aa57e99e2","name":"Ecotourisme Randonn\u00e9es Chefchaouen","image":{"@type":"ImageObject","inLanguage":"en-US","@id":"https:\/\/www.gitetalassemtane.com\/fr\/#\/schema\/person\/image\/","url":"https:\/\/www.gitetalassemtane.com\/fr\/wp-content\/uploads\/2022\/08\/logo-gite.jpeg","contentUrl":"https:\/\/www.gitetalassemtane.com\/fr\/wp-content\/uploads\/2022\/08\/logo-gite.jpeg","width":1280,"height":1280,"caption":"Ecotourisme Randonn\u00e9es Chefchaouen"},"logo":{"@id":"https:\/\/www.gitetalassemtane.com\/fr\/#\/schema\/person\/image\/"},"description":"Ecotourisme Randonn\u00e9es Chefchaouen Gite Talassemtane, tenu par Fatima et sa famille, est une entreprise familiale locale \u00e0 Chefchaouen. Nous proposons l'h\u00e9bergement en pension compl\u00e8te dans notre \u00e9colodge o\u00f9 vous s\u00e9journerez chez une authentique famille berb\u00e8re Jebli des montagnes du Rif \u00e0 Chefchaouen dans le parc naturel de Talassemtane. Nous vous r\u00e9servons le meilleur accueil et nous vous ferons partager avec enthousiasme notre culture et nos traditions, le tout dans une nature pr\u00e9serv\u00e9e. Nous organisons des randonn\u00e9es et des visites culturelles pour explorer la r\u00e9gion et d\u00e9couvrir la culture. Au fil des journ\u00e9es, balades et randonn\u00e9es vous emm\u00e8nent au c\u0153ur des villages, \u00e0 la rencontre de la communaut\u00e9 pr\u00e9serv\u00e9e du monde moderne pour mieux transmettre ses traditions et sa culture.","sameAs":["https:\/\/gitetalassemtane.com","https:\/\/fr-fr.facebook.com\/ecotourism.rif.mountains\/"]},{"@type":"WebSite","@id":"https:\/\/www.gitetalassemtane.com\/fr\/#website","url":"https:\/\/www.gitetalassemtane.com\/fr\/","name":"Ecotourisme Randonn\u00e9es Chefchaouen","description":"Tourisme durable \u00e0 Chefchaouen et dans les montagnes du Rif","publisher":{"@id":"https:\/\/www.gitetalassemtane.com\/fr\/#\/schema\/person\/da2eed6234fd7fec1eff986aa57e99e2"},"potentialAction":[{"@type":"SearchAction","target":{"@type":"EntryPoint","urlTemplate":"https:\/\/www.gitetalassemtane.com\/fr\/?s={search_term_string}"},"query-input":"required name=search_term_string"}],"inLanguage":"en-US"},{"@type":"ImageObject","inLanguage":"en-US","@id":"https:\/\/www.gitetalassemtane.com\/fr\/contact\/#primaryimage","url":"https:\/\/www.gitetalassemtane.com\/fr\/wp-content\/uploads\/2022\/03\/resize_CONTACT-HEADER-PHOTO.jpg","contentUrl":"https:\/\/www.gitetalassemtane.com\/fr\/wp-content\/uploads\/2022\/03\/resize_CONTACT-HEADER-PHOTO.jpg","width":1600,"height":800,"caption":"Gite rural Chefchaouen"},{"@type":"WebPage","@id":"https:\/\/www.gitetalassemtane.com\/fr\/contact\/#webpage","url":"https:\/\/www.gitetalassemtane.com\/fr\/contact\/","name":"Contact - Ecotourisme Randonn\u00e9es Chefchaouen reservation gite","isPartOf":{"@id":"https:\/\/www.gitetalassemtane.com\/fr\/#website"},"primaryImageOfPage":{"@id":"https:\/\/www.gitetalassemtane.com\/fr\/contact\/#primaryimage"},"datePublished":"2016-12-27T07:46:07+00:00","dateModified":"2022-08-11T18:17:10+00:00","description":"Agence local d\u2019\u00e9cotourisme \u00e0 Chefchaouen. Vous avez besoin d'organer de votre s\u00e9jour \u00e9cotourisme, veuillez nous contacter .","breadcrumb":{"@id":"https:\/\/www.gitetalassemtane.com\/fr\/contact\/#breadcrumb"},"inLanguage":"en-US","potentialAction":[{"@type":"ReadAction","target":["https:\/\/www.gitetalassemtane.com\/fr\/contact\/"]}]},{"@type":"BreadcrumbList","@id":"https:\/\/www.gitetalassemtane.com\/fr\/contact\/#breadcrumb","itemListElement":[{"@type":"ListItem","position":1,"name":"Home","item":"https:\/\/www.gitetalassemtane.com\/fr\/"},{"@type":"ListItem","position":2,"name":"Contact"}]}]}},"_links":{"self":[{"href":"https:\/\/www.gitetalassemtane.com\/fr\/wp-json\/wp\/v2\/pages\/3090","targetHints":{"allow":["GET"]}}],"collection":[{"href":"https:\/\/www.gitetalassemtane.com\/fr\/wp-json\/wp\/v2\/pages"}],"about":[{"href":"https:\/\/www.gitetalassemtane.com\/fr\/wp-json\/wp\/v2\/types\/page"}],"author":[{"embeddable":true,"href":"https:\/\/www.gitetalassemtane.com\/fr\/wp-json\/wp\/v2\/users\/1"}],"replies":[{"embeddable":true,"href":"https:\/\/www.gitetalassemtane.com\/fr\/wp-json\/wp\/v2\/comments?post=3090"}],"version-history":[{"count":0,"href":"https:\/\/www.gitetalassemtane.com\/fr\/wp-json\/wp\/v2\/pages\/3090\/revisions"}],"wp:featuredmedia":[{"embeddable":true,"href":"https:\/\/www.gitetalassemtane.com\/fr\/wp-json\/wp\/v2\/media\/5160"}],"wp:attachment":[{"href":"https:\/\/www.gitetalassemtane.com\/fr\/wp-json\/wp\/v2\/media?parent=3090"}],"curies":[{"name":"wp","href":"https:\/\/api.w.org\/{rel}","templated":true}]}}