{"id":5030,"date":"2022-03-28T21:49:38","date_gmt":"2022-03-28T21:49:38","guid":{"rendered":"https:\/\/madigitale.com\/?page_id=5030"},"modified":"2022-08-10T13:13:42","modified_gmt":"2022-08-10T13:13:42","slug":"acceso","status":"publish","type":"page","link":"https:\/\/www.gitetalassemtane.com\/es\/acceso\/","title":{"rendered":"Acceso"},"content":{"rendered":"<div  class=\"one\" >\n<div class=\"standard_wrapper\">\n<div class=\"page_content_wrapper\">\n<div class=\"inner\">\n<div class=\"one_half content_middle textright\" style=\"padding:0px;\">\n<div class=\"ppb_header_content\">\n<h3>Localizacion<\/h3>\n<p>La localidad del pueblo Zaouiya Habteene est\u00e1 situada a 12 km de Chefchaouen en el parque Nacional Talassemtane. Se encuentra al pie de la Monta\u00f1a Lakraa, la cima m\u00e1s alta de la regi\u00f3n con 2159mt<\/p>\n<p>Nuestra casa \u201cGite Talassemtane\u201d se encuentra a 850 mt de la localidad de Zoauiya Habteene a los pies de Jbel Lakraa (2159 mt) y constituye un punto ideal para la Gran Traves\u00eda del Rif.<\/p>\n<p>Esta casa abre sus puertas por vosotros para vivir la cultura Jbala y descubrir las montanas del Rif. Est\u00e1 dirigida por Fatima y su familia, vd vivir\u00e1 el ritmo normal de una familia Jebli y descubrir\u00e1 el mundo que la rodea\u2026<\/p>\n<\/div>\n<\/div>\n<div class=\"one_half last\"><\/div>\n<p><br class=\"clear\"\/><\/div>\n<\/div>\n<\/div>\n<\/div>\n<div  class=\"one\" >\n<div class=\"standard_wrapper\">\n<div class=\"page_content_wrapper\">\n<div class=\"inner\">\n<div class=\"one_half content_middle textright\" style=\"padding:0px;\">\n<div class=\"ppb_header_content\">\n<p>A lo largo de los d\u00edas, los paseos, las excursiones y caminatas le llevar\u00e1n al coraz\u00f3n de los pueblos para encontrar una sociedad que se ha resguardado del mundo moderno para transmitir sus tradici\u00f3nes y cultura.<br \/>\nFinalmente gracias a haber escogido unas vacaciones diferentes, vd contribuir\u00e1 a la econom\u00eda de la zona generando ingresos para ella.<\/p>\n<h3>ACCESO<\/h3>\n<p>La localidad de Zaouiya Habteene se encuentra a una hora de viaje desde Chefchaouen. Es accesible por coche tur\u00edsta hasta la ciudad de Bab Taza, desde all\u00ed se toma un camino hasta Maggo y desde all\u00ed a Zaouiya Habteene.<br \/>\nComo alternativa, a pie (12 km) se parte directamente desde Chefchaouen, desde Ras El Mae, tomando la pista hacia los pueblos Mechkrala, Tissouca y finalmente Zaouiya Habteene.<\/p>\n<p><a href=\"https:\/\/maps.app.goo.gl\/MrAoQJoHNLMLKYTF8\"><strong><span lang=\"EN-US\">Ver el mapa<\/span><\/strong><\/a><\/p>\n<\/div>\n<\/div>\n<div class=\"one_half last\"><\/div>\n<p><br class=\"clear\"\/><\/div>\n<\/div>\n<\/div>\n<\/div>\n<div  class=\"one\" >\n<div class=\"standard_wrapper\">\n<div class=\"page_content_wrapper\">\n<div class=\"inner\">\n<div class=\"one_half content_middle textright\" style=\"padding:0px;\">\n<div class=\"ppb_header_content\">\n<h3>COMODIDAD<\/h3>\n<p>La casa est\u00e1 construida seg\u00fan la arquitectura tradicional de la zona. Es sencillo y a la vez confortable con una posici\u00f3n excepcional: impresionantes vistan panor\u00e1micas de las monta\u00f1as del Rif y los parques naturales de la regi\u00f3n: Parque Nacional de Talassemtane y el Parque Regional de Bouhachem\u2026<\/p>\n<h3>La casa tienen :<\/h3>\n<p><span style=\"color: #222222;\">\u2713\u00a0<\/span>4 habitaci\u00f3n triples<br \/>\n<span style=\"color: #222222;\">\u2713\u00a0<\/span>5 habitaci\u00f3n dobles<br \/>\n<span style=\"color: #222222;\">\u2713\u00a0<\/span>2 terrazas grandes con vistas panor\u00e1micas<br \/>\n<span style=\"color: #222222;\">\u2713\u00a0<\/span>2 Sal\u00f3n grande<br \/>\n<span style=\"color: #222222;\">\u2713\u00a0<\/span>2 sala de comir<br \/>\n<span style=\"color: #222222;\">\u2713\u00a0<\/span>1 jard\u00edn donde podr\u00e1 saborear una taza de t\u00e9 y charlar con los invitados<br \/>\n<span style=\"color: #222222;\">\u2713\u00a0<\/span>Agua caliente y calentador<\/p>\n<h3>COMIDA<\/h3>\n<p>Se sirve una variada comida local. Productos naturales de la granja se usan para preparar deliciosos platos sin olvidar el delicioso pan y las crepes que prepara Malika, cada ma\u00f1ana. Durante las excursiones se come de picnic o con almuerzos con la gente local.<\/p>\n<\/div>\n<\/div>\n<div class=\"one_half last\"><\/div>\n<p><br class=\"clear\"\/><\/div>\n<\/div>\n<\/div>\n<\/div>\n","protected":false},"excerpt":{"rendered":"<p>Localizacion La localidad del pueblo Zaouiya Habteene est\u00e1 situada a 12 km de Chefchaouen en el parque Nacional Talassemtane. Se encuentra al pie de la Monta\u00f1a Lakraa, la cima m\u00e1s alta de la regi\u00f3n con 2159mt Nuestra casa \u201cGite Talassemtane\u201d [&hellip;]<\/p>\n","protected":false},"author":1,"featured_media":5159,"parent":0,"menu_order":0,"comment_status":"closed","ping_status":"closed","template":"","meta":{"footnotes":""},"class_list":["post-5030","page","type-page","status-publish","has-post-thumbnail","hentry"],"yoast_head":"<!-- This site is optimized with the Yoast SEO plugin v19.1 - https:\/\/yoast.com\/wordpress\/plugins\/seo\/ -->\n<title>Acceso - Ecoturismo Senderismo Chefchaouen localization de alberge<\/title>\n<meta name=\"description\" content=\"Excursiones y caminatas al coraz\u00f3n del Rif desde nuestra casa rurale. Encontrar con el gente local del parque natural Talassemtane.\" \/>\n<meta name=\"robots\" content=\"index, follow, max-snippet:-1, max-image-preview:large, max-video-preview:-1\" \/>\n<link rel=\"canonical\" href=\"https:\/\/www.gitetalassemtane.com\/es\/acceso\/\" \/>\n<meta property=\"og:locale\" content=\"es_ES\" \/>\n<meta property=\"og:type\" content=\"article\" \/>\n<meta property=\"og:title\" content=\"Acceso - Ecoturismo Senderismo Chefchaouen localization de alberge\" \/>\n<meta property=\"og:description\" content=\"Excursiones y caminatas al coraz\u00f3n del Rif desde nuestra casa rurale. Encontrar con el gente local del parque natural Talassemtane.\" \/>\n<meta property=\"og:url\" content=\"https:\/\/www.gitetalassemtane.com\/es\/acceso\/\" \/>\n<meta property=\"og:site_name\" content=\"Ecoturismo Senderismo Chefchaouen\" \/>\n<meta property=\"article:modified_time\" content=\"2022-08-10T13:13:42+00:00\" \/>\n<meta property=\"og:image\" content=\"https:\/\/www.gitetalassemtane.com\/es\/wp-content\/uploads\/2022\/03\/resize_ACESS-HEADER-PHOTO.jpg\" \/>\n\t<meta property=\"og:image:width\" content=\"1600\" \/>\n\t<meta property=\"og:image:height\" content=\"800\" \/>\n\t<meta property=\"og:image:type\" content=\"image\/jpeg\" \/>\n<meta name=\"twitter:card\" content=\"summary_large_image\" \/>\n<meta name=\"twitter:label1\" content=\"Tiempo de lectura\" \/>\n\t<meta name=\"twitter:data1\" content=\"2 minutos\" \/>\n<script type=\"application\/ld+json\" class=\"yoast-schema-graph\">{\"@context\":\"https:\/\/schema.org\",\"@graph\":[{\"@type\":[\"Person\",\"Organization\"],\"@id\":\"https:\/\/www.gitetalassemtane.com\/es\/#\/schema\/person\/da2eed6234fd7fec1eff986aa57e99e2\",\"name\":\"gitetalassemtane\",\"image\":{\"@type\":\"ImageObject\",\"inLanguage\":\"es\",\"@id\":\"https:\/\/www.gitetalassemtane.com\/es\/#\/schema\/person\/image\/\",\"url\":\"https:\/\/www.gitetalassemtane.com\/es\/wp-content\/uploads\/2022\/08\/logo-gite.jpeg\",\"contentUrl\":\"https:\/\/www.gitetalassemtane.com\/es\/wp-content\/uploads\/2022\/08\/logo-gite.jpeg\",\"width\":1280,\"height\":1280,\"caption\":\"gitetalassemtane\"},\"logo\":{\"@id\":\"https:\/\/www.gitetalassemtane.com\/es\/#\/schema\/person\/image\/\"},\"sameAs\":[\"https:\/\/gitetalassemtane.com\"]},{\"@type\":\"WebSite\",\"@id\":\"https:\/\/www.gitetalassemtane.com\/es\/#website\",\"url\":\"https:\/\/www.gitetalassemtane.com\/es\/\",\"name\":\"Ecoturismo Senderismo Chefchaouen\",\"description\":\"Turismo Sostenible En Chefchaouen Y Las Monta\u00f1as Del Rif\",\"publisher\":{\"@id\":\"https:\/\/www.gitetalassemtane.com\/es\/#\/schema\/person\/da2eed6234fd7fec1eff986aa57e99e2\"},\"potentialAction\":[{\"@type\":\"SearchAction\",\"target\":{\"@type\":\"EntryPoint\",\"urlTemplate\":\"https:\/\/www.gitetalassemtane.com\/es\/?s={search_term_string}\"},\"query-input\":\"required name=search_term_string\"}],\"inLanguage\":\"es\"},{\"@type\":\"ImageObject\",\"inLanguage\":\"es\",\"@id\":\"https:\/\/www.gitetalassemtane.com\/es\/acceso\/#primaryimage\",\"url\":\"https:\/\/www.gitetalassemtane.com\/es\/wp-content\/uploads\/2022\/03\/resize_ACESS-HEADER-PHOTO.jpg\",\"contentUrl\":\"https:\/\/www.gitetalassemtane.com\/es\/wp-content\/uploads\/2022\/03\/resize_ACESS-HEADER-PHOTO.jpg\",\"width\":1600,\"height\":800},{\"@type\":\"WebPage\",\"@id\":\"https:\/\/www.gitetalassemtane.com\/es\/acceso\/#webpage\",\"url\":\"https:\/\/www.gitetalassemtane.com\/es\/acceso\/\",\"name\":\"Acceso - Ecoturismo Senderismo Chefchaouen localization de alberge\",\"isPartOf\":{\"@id\":\"https:\/\/www.gitetalassemtane.com\/es\/#website\"},\"primaryImageOfPage\":{\"@id\":\"https:\/\/www.gitetalassemtane.com\/es\/acceso\/#primaryimage\"},\"datePublished\":\"2022-03-28T21:49:38+00:00\",\"dateModified\":\"2022-08-10T13:13:42+00:00\",\"description\":\"Excursiones y caminatas al coraz\u00f3n del Rif desde nuestra casa rurale. Encontrar con el gente local del parque natural Talassemtane.\",\"breadcrumb\":{\"@id\":\"https:\/\/www.gitetalassemtane.com\/es\/acceso\/#breadcrumb\"},\"inLanguage\":\"es\",\"potentialAction\":[{\"@type\":\"ReadAction\",\"target\":[\"https:\/\/www.gitetalassemtane.com\/es\/acceso\/\"]}]},{\"@type\":\"BreadcrumbList\",\"@id\":\"https:\/\/www.gitetalassemtane.com\/es\/acceso\/#breadcrumb\",\"itemListElement\":[{\"@type\":\"ListItem\",\"position\":1,\"name\":\"Portada\",\"item\":\"https:\/\/www.gitetalassemtane.com\/es\/\"},{\"@type\":\"ListItem\",\"position\":2,\"name\":\"Acceso\"}]}]}<\/script>\n<!-- \/ Yoast SEO plugin. -->","yoast_head_json":{"title":"Acceso - Ecoturismo Senderismo Chefchaouen localization de alberge","description":"Excursiones y caminatas al coraz\u00f3n del Rif desde nuestra casa rurale. Encontrar con el gente local del parque natural Talassemtane.","robots":{"index":"index","follow":"follow","max-snippet":"max-snippet:-1","max-image-preview":"max-image-preview:large","max-video-preview":"max-video-preview:-1"},"canonical":"https:\/\/www.gitetalassemtane.com\/es\/acceso\/","og_locale":"es_ES","og_type":"article","og_title":"Acceso - Ecoturismo Senderismo Chefchaouen localization de alberge","og_description":"Excursiones y caminatas al coraz\u00f3n del Rif desde nuestra casa rurale. Encontrar con el gente local del parque natural Talassemtane.","og_url":"https:\/\/www.gitetalassemtane.com\/es\/acceso\/","og_site_name":"Ecoturismo Senderismo Chefchaouen","article_modified_time":"2022-08-10T13:13:42+00:00","og_image":[{"width":1600,"height":800,"url":"https:\/\/www.gitetalassemtane.com\/es\/wp-content\/uploads\/2022\/03\/resize_ACESS-HEADER-PHOTO.jpg","type":"image\/jpeg"}],"twitter_card":"summary_large_image","twitter_misc":{"Tiempo de lectura":"2 minutos"},"schema":{"@context":"https:\/\/schema.org","@graph":[{"@type":["Person","Organization"],"@id":"https:\/\/www.gitetalassemtane.com\/es\/#\/schema\/person\/da2eed6234fd7fec1eff986aa57e99e2","name":"gitetalassemtane","image":{"@type":"ImageObject","inLanguage":"es","@id":"https:\/\/www.gitetalassemtane.com\/es\/#\/schema\/person\/image\/","url":"https:\/\/www.gitetalassemtane.com\/es\/wp-content\/uploads\/2022\/08\/logo-gite.jpeg","contentUrl":"https:\/\/www.gitetalassemtane.com\/es\/wp-content\/uploads\/2022\/08\/logo-gite.jpeg","width":1280,"height":1280,"caption":"gitetalassemtane"},"logo":{"@id":"https:\/\/www.gitetalassemtane.com\/es\/#\/schema\/person\/image\/"},"sameAs":["https:\/\/gitetalassemtane.com"]},{"@type":"WebSite","@id":"https:\/\/www.gitetalassemtane.com\/es\/#website","url":"https:\/\/www.gitetalassemtane.com\/es\/","name":"Ecoturismo Senderismo Chefchaouen","description":"Turismo Sostenible En Chefchaouen Y Las Monta\u00f1as Del Rif","publisher":{"@id":"https:\/\/www.gitetalassemtane.com\/es\/#\/schema\/person\/da2eed6234fd7fec1eff986aa57e99e2"},"potentialAction":[{"@type":"SearchAction","target":{"@type":"EntryPoint","urlTemplate":"https:\/\/www.gitetalassemtane.com\/es\/?s={search_term_string}"},"query-input":"required name=search_term_string"}],"inLanguage":"es"},{"@type":"ImageObject","inLanguage":"es","@id":"https:\/\/www.gitetalassemtane.com\/es\/acceso\/#primaryimage","url":"https:\/\/www.gitetalassemtane.com\/es\/wp-content\/uploads\/2022\/03\/resize_ACESS-HEADER-PHOTO.jpg","contentUrl":"https:\/\/www.gitetalassemtane.com\/es\/wp-content\/uploads\/2022\/03\/resize_ACESS-HEADER-PHOTO.jpg","width":1600,"height":800},{"@type":"WebPage","@id":"https:\/\/www.gitetalassemtane.com\/es\/acceso\/#webpage","url":"https:\/\/www.gitetalassemtane.com\/es\/acceso\/","name":"Acceso - Ecoturismo Senderismo Chefchaouen localization de alberge","isPartOf":{"@id":"https:\/\/www.gitetalassemtane.com\/es\/#website"},"primaryImageOfPage":{"@id":"https:\/\/www.gitetalassemtane.com\/es\/acceso\/#primaryimage"},"datePublished":"2022-03-28T21:49:38+00:00","dateModified":"2022-08-10T13:13:42+00:00","description":"Excursiones y caminatas al coraz\u00f3n del Rif desde nuestra casa rurale. Encontrar con el gente local del parque natural Talassemtane.","breadcrumb":{"@id":"https:\/\/www.gitetalassemtane.com\/es\/acceso\/#breadcrumb"},"inLanguage":"es","potentialAction":[{"@type":"ReadAction","target":["https:\/\/www.gitetalassemtane.com\/es\/acceso\/"]}]},{"@type":"BreadcrumbList","@id":"https:\/\/www.gitetalassemtane.com\/es\/acceso\/#breadcrumb","itemListElement":[{"@type":"ListItem","position":1,"name":"Portada","item":"https:\/\/www.gitetalassemtane.com\/es\/"},{"@type":"ListItem","position":2,"name":"Acceso"}]}]}},"_links":{"self":[{"href":"https:\/\/www.gitetalassemtane.com\/es\/wp-json\/wp\/v2\/pages\/5030","targetHints":{"allow":["GET"]}}],"collection":[{"href":"https:\/\/www.gitetalassemtane.com\/es\/wp-json\/wp\/v2\/pages"}],"about":[{"href":"https:\/\/www.gitetalassemtane.com\/es\/wp-json\/wp\/v2\/types\/page"}],"author":[{"embeddable":true,"href":"https:\/\/www.gitetalassemtane.com\/es\/wp-json\/wp\/v2\/users\/1"}],"replies":[{"embeddable":true,"href":"https:\/\/www.gitetalassemtane.com\/es\/wp-json\/wp\/v2\/comments?post=5030"}],"version-history":[{"count":0,"href":"https:\/\/www.gitetalassemtane.com\/es\/wp-json\/wp\/v2\/pages\/5030\/revisions"}],"wp:featuredmedia":[{"embeddable":true,"href":"https:\/\/www.gitetalassemtane.com\/es\/wp-json\/wp\/v2\/media\/5159"}],"wp:attachment":[{"href":"https:\/\/www.gitetalassemtane.com\/es\/wp-json\/wp\/v2\/media?parent=5030"}],"curies":[{"name":"wp","href":"https:\/\/api.w.org\/{rel}","templated":true}]}}