{"id":4709,"date":"2022-03-27T22:57:06","date_gmt":"2022-03-27T22:57:06","guid":{"rendered":"https:\/\/madigitale.com\/?page_id=4709"},"modified":"2022-08-17T15:28:19","modified_gmt":"2022-08-17T15:28:19","slug":"sobre-nosotras","status":"publish","type":"page","link":"https:\/\/www.gitetalassemtane.com\/es\/sobre-nosotras\/","title":{"rendered":"Sobre nosotras"},"content":{"rendered":"<div  class=\"one\" >\n<div class=\"standard_wrapper\">\n<div class=\"page_content_wrapper\">\n<div class=\"inner\">\n<div class=\"one_half content_middle textright\" style=\"padding:0px;\">\n<h2 class=\"ppb_title\" style=\"\">TURISMO JUSTO Y SOLIDARIO EN LA PROVINCIA CHEFCHAOUEN<\/h2>\n<div class=\"ppb_header_content\">\n<p style=\"text-align: justify;\">En la casa rural Gite Talassemtane, gestionada por F\u00e1tima y su familia, te alojas con una aut\u00e9ntica familia Jebli del Rif. Te reservar\u00e1n la mejor bienvenida y tendr\u00e1n en el coraz\u00f3n compartir contigo su cultura y su tradici\u00f3n Rifain en una naturaleza preservada en el pa\u00eds de Jbala en el Rif de Marruecos.<\/p>\n<p style=\"text-align: justify;\">Los Jbala como su nombre indica, son los \u00abmonta\u00f1eros\u00bb o \u00abhabitantes de la monta\u00f1a\u00bb del Rif. Son conocidos por las t\u00e9cnicas tradicionales de fabricaci\u00f3n de recipientes de arcilla y esti\u00e9rcol de vaca; una t\u00e9cnica reservada a las mujeres bereberes. En el pasado, estos contenedores se utilizaban para almacenar productos agr\u00edcolas secos, alimentar animales o transportar cereales al molino rotatorio. A lo largo de los d\u00edas, caminatas o caminatas lo llevar\u00e1n al coraz\u00f3n de los pueblos del Parque Talassemtane, para conocer a los Jbala que se han conservado del mundo moderno para transmitir mejor su tradici\u00f3n y cultura.<!--more--><!--more--><!--more--><\/p>\n<\/div>\n<\/div>\n<div class=\"one_half last\"><\/div>\n<p><br class=\"clear\"\/><\/div>\n<\/div>\n<\/div>\n<\/div>\n<div  class=\"one\" >\n<div class=\"standard_wrapper\">\n<div class=\"page_content_wrapper\">\n<div class=\"inner\">\n<div class=\"one_half content_middle textright\" style=\"padding:0px;\">\n<h2 class=\"ppb_title\" style=\"\">NUESTRO COMPROMISO CON EL TURISMO SOSTENIBLE<\/h2>\n<div class=\"ppb_header_content\">\n<p style=\"text-align: justify;\">Nuestro compromiso es una contribuci\u00f3n de realizar un turismo factor de desarrollo sostenible:<\/p>\n<ul>\n<li>Uso de materiales tradicionales de la regi\u00f3n,<\/li>\n<li>Uso de productos locales de la regi\u00f3n,<br \/>\nCreaci\u00f3n de fuentes directas e indirectas de trabajo en el Douar,<\/li>\n<li>Ayudas directas a trav\u00e9s de la asociaci\u00f3n de desarrollo local para el desarrollo del turismo rural, gracias a vuestras donaciones,<\/li>\n<li>Preservaci\u00f3n de un patrimonio, una cultura y sus tradiciones,<\/li>\n<li>Organizaci\u00f3n de campa\u00f1as de sensibilizaci\u00f3n sobre visados en relaci\u00f3n con el medio ambiente.<\/li>\n<\/ul>\n<\/div>\n<\/div>\n<div class=\"one_half last\"><\/div>\n<p><br class=\"clear\"\/><\/div>\n<\/div>\n<\/div>\n<\/div>\n<div  class=\"one\" >\n<div class=\"standard_wrapper\">\n<div class=\"page_content_wrapper\">\n<div class=\"inner\">\n<div class=\"one_half content_middle textright\" style=\"padding:0px;\">\n<h2 class=\"ppb_title\" style=\"\">NUESTRAS VISIONES<\/h2>\n<div class=\"ppb_header_content\">\n<p style=\"text-align: justify;\">Promover estancias tur\u00edsticas en las mejores condiciones de acogida y confort, satisfacer los requisitos y necesidades de un turismo de autenticidad, convivencia, naturaleza, calma, descubrimiento y espacio,<br \/>\nContribuir a la puesta en valor y conservaci\u00f3n del patrimonio y el medio ambiente, principalmente en las zonas rurales,<\/p>\n<p style=\"text-align: justify;\">Participar en el desarrollo local y contribuir al asentamiento de las poblaciones rurales a trav\u00e9s de la provisi\u00f3n de recursos complementarios.<br \/>\nPromoci\u00f3n y puesta en valor del patrimonio culinario y artesanal de Pays Jbala a trav\u00e9s del consumo, promoci\u00f3n y comercializaci\u00f3n de productos locales y artesan\u00eda local.<\/p>\n<\/div>\n<\/div>\n<div class=\"one_half last\"><\/div>\n<p><br class=\"clear\"\/><\/div>\n<\/div>\n<\/div>\n<\/div>\n<div  class=\"one\" >\n<div class=\"standard_wrapper\">\n<div class=\"page_content_wrapper\">\n<div class=\"inner\">\n<div class=\"one_half content_middle textright\" style=\"padding:0px;\">\n<h2 class=\"ppb_title\" style=\"\">PRODUCTOS LOCALES JBALA<\/h2>\n<div class=\"ppb_header_content\">\n<p style=\"text-align: justify;\">Consumir productos locales significa contribuir a la preservaci\u00f3n del medio ambiente y la econom\u00eda local, as\u00ed como consumir productos frescos y especialidades regionales.<br \/>\nEn nuestra casa rural Gite Talassemtane, consumimos los productos locales de Chefchaouen. La provincia es bien conocida por su riqueza y productos de calidad.<br \/>\nVarios productores y cooperativas, apoyados por la administraci\u00f3n y las asociaciones locales, apuestan por la valorizaci\u00f3n de productos locales de calidad (aceite de oliva, queso de cabra, frutos secos, miel, etc.).<br \/>\nAdem\u00e1s, este territorio forma parte de la Reserva de la Biosfera Intercontinental mediterr\u00e1nea reconocida por la UNESCO en octubre de 2006. L a dieta de Chefchaouen hoy es parte del UNESCO<\/p>\n<\/div>\n<\/div>\n<div class=\"one_half last\"><\/div>\n<p><br class=\"clear\"\/><\/div>\n<\/div>\n<\/div>\n<\/div>\n<div  class=\"one\" >\n<div class=\"standard_wrapper\">\n<div class=\"page_content_wrapper\">\n<div class=\"inner\">\n<div class=\"one_half content_middle textright\" style=\"padding:0px;\">\n<h2 class=\"ppb_title\" style=\"\">ALGUNOS CONSEJOS<\/h2>\n<div class=\"ppb_header_content\">\n<p style=\"text-align: justify;\">Como en cualquier viaje, es el comportamiento del viajero el garante de una cierta autenticidad. Nunca olvides que eres un hu\u00e9sped y que debes observar los h\u00e1bitos y costumbres locales. Especialmente porque estar\u00e1s en una regi\u00f3n preservada del turismo de masas.<\/p>\n<p style=\"text-align: justify;\">Durante su caminata, estar\u00e1 en contacto con una poblaci\u00f3n amigable. Pero el mayor servicio que puedes hacerle es nunca repartir bol\u00edgrafos, dulces o monedas. Puedes donar material escolar, ropa y dinero nuestra asociaci\u00f3n<br \/>\nEvita los outfits ligeros que podr\u00edan golpear: shorts, escote&#8230; Lo ideal es tener pantalones que se puedan transformar en shorts, para tener un atuendo correcto a la hora de cruzar los pueblos.<br \/>\nSi ve zapatos colocados cerca de la puerta, qu\u00edtese los zapatos antes de entrar en la habitaci\u00f3n.<br \/>\nAl tomar fotos, respete a los lugare\u00f1os y su privacidad.<br \/>\nSea discreto o simplemente pida permiso con una sonrisa.<br \/>\nRespeta los lugares sagrados, cementerios, marabouts. Evite besarse en p\u00fablico<\/p>\n<\/div>\n<\/div>\n<div class=\"one_half last\"><\/div>\n<p><br class=\"clear\"\/><\/div>\n<\/div>\n<\/div>\n<\/div>\n","protected":false},"excerpt":{"rendered":"<p>TURISMO JUSTO Y SOLIDARIO EN LA PROVINCIA CHEFCHAOUEN En la casa rural Gite Talassemtane, gestionada por F\u00e1tima y su familia, te alojas con una aut\u00e9ntica familia Jebli del Rif. Te reservar\u00e1n la mejor bienvenida y tendr\u00e1n en el coraz\u00f3n compartir [&hellip;]<\/p>\n","protected":false},"author":1,"featured_media":5167,"parent":0,"menu_order":0,"comment_status":"closed","ping_status":"closed","template":"","meta":{"footnotes":""},"class_list":["post-4709","page","type-page","status-publish","has-post-thumbnail","hentry"],"yoast_head":"<!-- This site is optimized with the Yoast SEO plugin v19.1 - https:\/\/yoast.com\/wordpress\/plugins\/seo\/ -->\n<title>Casa rural y empresa de ecoturismo a Chefchaouen en el Rif<\/title>\n<meta name=\"description\" content=\"Una nueva forma de viajar Chefchaouen, vivir aventuras \u00fanicas. Organizamos viajes de aventura con viajeros con edades e intereses similares\" \/>\n<meta name=\"robots\" content=\"index, follow, max-snippet:-1, max-image-preview:large, max-video-preview:-1\" \/>\n<link rel=\"canonical\" href=\"https:\/\/www.gitetalassemtane.com\/es\/sobre-nosotras\/\" \/>\n<meta property=\"og:locale\" content=\"es_ES\" \/>\n<meta property=\"og:type\" content=\"article\" \/>\n<meta property=\"og:title\" content=\"Casa rural y empresa de ecoturismo a Chefchaouen en el Rif\" \/>\n<meta property=\"og:description\" content=\"Una nueva forma de viajar Chefchaouen, vivir aventuras \u00fanicas. Organizamos viajes de aventura con viajeros con edades e intereses similares\" \/>\n<meta property=\"og:url\" content=\"https:\/\/www.gitetalassemtane.com\/es\/sobre-nosotras\/\" \/>\n<meta property=\"og:site_name\" content=\"Ecoturismo Senderismo Chefchaouen\" \/>\n<meta property=\"article:modified_time\" content=\"2022-08-17T15:28:19+00:00\" \/>\n<meta property=\"og:image\" content=\"https:\/\/www.gitetalassemtane.com\/es\/wp-content\/uploads\/2022\/03\/resize_resize_ABOUT-US-HEADER-PHOTO.jpg\" \/>\n\t<meta property=\"og:image:width\" content=\"1600\" \/>\n\t<meta property=\"og:image:height\" content=\"800\" \/>\n\t<meta property=\"og:image:type\" content=\"image\/jpeg\" \/>\n<meta name=\"twitter:card\" content=\"summary_large_image\" \/>\n<meta name=\"twitter:label1\" content=\"Tiempo de lectura\" \/>\n\t<meta name=\"twitter:data1\" content=\"3 minutos\" \/>\n<script type=\"application\/ld+json\" class=\"yoast-schema-graph\">{\"@context\":\"https:\/\/schema.org\",\"@graph\":[{\"@type\":[\"Person\",\"Organization\"],\"@id\":\"https:\/\/www.gitetalassemtane.com\/es\/#\/schema\/person\/da2eed6234fd7fec1eff986aa57e99e2\",\"name\":\"gitetalassemtane\",\"image\":{\"@type\":\"ImageObject\",\"inLanguage\":\"es\",\"@id\":\"https:\/\/www.gitetalassemtane.com\/es\/#\/schema\/person\/image\/\",\"url\":\"https:\/\/www.gitetalassemtane.com\/es\/wp-content\/uploads\/2022\/08\/logo-gite.jpeg\",\"contentUrl\":\"https:\/\/www.gitetalassemtane.com\/es\/wp-content\/uploads\/2022\/08\/logo-gite.jpeg\",\"width\":1280,\"height\":1280,\"caption\":\"gitetalassemtane\"},\"logo\":{\"@id\":\"https:\/\/www.gitetalassemtane.com\/es\/#\/schema\/person\/image\/\"},\"sameAs\":[\"https:\/\/gitetalassemtane.com\"]},{\"@type\":\"WebSite\",\"@id\":\"https:\/\/www.gitetalassemtane.com\/es\/#website\",\"url\":\"https:\/\/www.gitetalassemtane.com\/es\/\",\"name\":\"Ecoturismo Senderismo Chefchaouen\",\"description\":\"Turismo Sostenible En Chefchaouen Y Las Monta\u00f1as Del Rif\",\"publisher\":{\"@id\":\"https:\/\/www.gitetalassemtane.com\/es\/#\/schema\/person\/da2eed6234fd7fec1eff986aa57e99e2\"},\"potentialAction\":[{\"@type\":\"SearchAction\",\"target\":{\"@type\":\"EntryPoint\",\"urlTemplate\":\"https:\/\/www.gitetalassemtane.com\/es\/?s={search_term_string}\"},\"query-input\":\"required name=search_term_string\"}],\"inLanguage\":\"es\"},{\"@type\":\"ImageObject\",\"inLanguage\":\"es\",\"@id\":\"https:\/\/www.gitetalassemtane.com\/es\/sobre-nosotras\/#primaryimage\",\"url\":\"https:\/\/www.gitetalassemtane.com\/es\/wp-content\/uploads\/2022\/03\/resize_resize_ABOUT-US-HEADER-PHOTO.jpg\",\"contentUrl\":\"https:\/\/www.gitetalassemtane.com\/es\/wp-content\/uploads\/2022\/03\/resize_resize_ABOUT-US-HEADER-PHOTO.jpg\",\"width\":1600,\"height\":800},{\"@type\":\"WebPage\",\"@id\":\"https:\/\/www.gitetalassemtane.com\/es\/sobre-nosotras\/#webpage\",\"url\":\"https:\/\/www.gitetalassemtane.com\/es\/sobre-nosotras\/\",\"name\":\"Casa rural y empresa de ecoturismo a Chefchaouen en el Rif\",\"isPartOf\":{\"@id\":\"https:\/\/www.gitetalassemtane.com\/es\/#website\"},\"primaryImageOfPage\":{\"@id\":\"https:\/\/www.gitetalassemtane.com\/es\/sobre-nosotras\/#primaryimage\"},\"datePublished\":\"2022-03-27T22:57:06+00:00\",\"dateModified\":\"2022-08-17T15:28:19+00:00\",\"description\":\"Una nueva forma de viajar Chefchaouen, vivir aventuras \u00fanicas. Organizamos viajes de aventura con viajeros con edades e intereses similares\",\"breadcrumb\":{\"@id\":\"https:\/\/www.gitetalassemtane.com\/es\/sobre-nosotras\/#breadcrumb\"},\"inLanguage\":\"es\",\"potentialAction\":[{\"@type\":\"ReadAction\",\"target\":[\"https:\/\/www.gitetalassemtane.com\/es\/sobre-nosotras\/\"]}]},{\"@type\":\"BreadcrumbList\",\"@id\":\"https:\/\/www.gitetalassemtane.com\/es\/sobre-nosotras\/#breadcrumb\",\"itemListElement\":[{\"@type\":\"ListItem\",\"position\":1,\"name\":\"Portada\",\"item\":\"https:\/\/www.gitetalassemtane.com\/es\/\"},{\"@type\":\"ListItem\",\"position\":2,\"name\":\"Sobre nosotras\"}]}]}<\/script>\n<!-- \/ Yoast SEO plugin. -->","yoast_head_json":{"title":"Casa rural y empresa de ecoturismo a Chefchaouen en el Rif","description":"Una nueva forma de viajar Chefchaouen, vivir aventuras \u00fanicas. Organizamos viajes de aventura con viajeros con edades e intereses similares","robots":{"index":"index","follow":"follow","max-snippet":"max-snippet:-1","max-image-preview":"max-image-preview:large","max-video-preview":"max-video-preview:-1"},"canonical":"https:\/\/www.gitetalassemtane.com\/es\/sobre-nosotras\/","og_locale":"es_ES","og_type":"article","og_title":"Casa rural y empresa de ecoturismo a Chefchaouen en el Rif","og_description":"Una nueva forma de viajar Chefchaouen, vivir aventuras \u00fanicas. Organizamos viajes de aventura con viajeros con edades e intereses similares","og_url":"https:\/\/www.gitetalassemtane.com\/es\/sobre-nosotras\/","og_site_name":"Ecoturismo Senderismo Chefchaouen","article_modified_time":"2022-08-17T15:28:19+00:00","og_image":[{"width":1600,"height":800,"url":"https:\/\/www.gitetalassemtane.com\/es\/wp-content\/uploads\/2022\/03\/resize_resize_ABOUT-US-HEADER-PHOTO.jpg","type":"image\/jpeg"}],"twitter_card":"summary_large_image","twitter_misc":{"Tiempo de lectura":"3 minutos"},"schema":{"@context":"https:\/\/schema.org","@graph":[{"@type":["Person","Organization"],"@id":"https:\/\/www.gitetalassemtane.com\/es\/#\/schema\/person\/da2eed6234fd7fec1eff986aa57e99e2","name":"gitetalassemtane","image":{"@type":"ImageObject","inLanguage":"es","@id":"https:\/\/www.gitetalassemtane.com\/es\/#\/schema\/person\/image\/","url":"https:\/\/www.gitetalassemtane.com\/es\/wp-content\/uploads\/2022\/08\/logo-gite.jpeg","contentUrl":"https:\/\/www.gitetalassemtane.com\/es\/wp-content\/uploads\/2022\/08\/logo-gite.jpeg","width":1280,"height":1280,"caption":"gitetalassemtane"},"logo":{"@id":"https:\/\/www.gitetalassemtane.com\/es\/#\/schema\/person\/image\/"},"sameAs":["https:\/\/gitetalassemtane.com"]},{"@type":"WebSite","@id":"https:\/\/www.gitetalassemtane.com\/es\/#website","url":"https:\/\/www.gitetalassemtane.com\/es\/","name":"Ecoturismo Senderismo Chefchaouen","description":"Turismo Sostenible En Chefchaouen Y Las Monta\u00f1as Del Rif","publisher":{"@id":"https:\/\/www.gitetalassemtane.com\/es\/#\/schema\/person\/da2eed6234fd7fec1eff986aa57e99e2"},"potentialAction":[{"@type":"SearchAction","target":{"@type":"EntryPoint","urlTemplate":"https:\/\/www.gitetalassemtane.com\/es\/?s={search_term_string}"},"query-input":"required name=search_term_string"}],"inLanguage":"es"},{"@type":"ImageObject","inLanguage":"es","@id":"https:\/\/www.gitetalassemtane.com\/es\/sobre-nosotras\/#primaryimage","url":"https:\/\/www.gitetalassemtane.com\/es\/wp-content\/uploads\/2022\/03\/resize_resize_ABOUT-US-HEADER-PHOTO.jpg","contentUrl":"https:\/\/www.gitetalassemtane.com\/es\/wp-content\/uploads\/2022\/03\/resize_resize_ABOUT-US-HEADER-PHOTO.jpg","width":1600,"height":800},{"@type":"WebPage","@id":"https:\/\/www.gitetalassemtane.com\/es\/sobre-nosotras\/#webpage","url":"https:\/\/www.gitetalassemtane.com\/es\/sobre-nosotras\/","name":"Casa rural y empresa de ecoturismo a Chefchaouen en el Rif","isPartOf":{"@id":"https:\/\/www.gitetalassemtane.com\/es\/#website"},"primaryImageOfPage":{"@id":"https:\/\/www.gitetalassemtane.com\/es\/sobre-nosotras\/#primaryimage"},"datePublished":"2022-03-27T22:57:06+00:00","dateModified":"2022-08-17T15:28:19+00:00","description":"Una nueva forma de viajar Chefchaouen, vivir aventuras \u00fanicas. Organizamos viajes de aventura con viajeros con edades e intereses similares","breadcrumb":{"@id":"https:\/\/www.gitetalassemtane.com\/es\/sobre-nosotras\/#breadcrumb"},"inLanguage":"es","potentialAction":[{"@type":"ReadAction","target":["https:\/\/www.gitetalassemtane.com\/es\/sobre-nosotras\/"]}]},{"@type":"BreadcrumbList","@id":"https:\/\/www.gitetalassemtane.com\/es\/sobre-nosotras\/#breadcrumb","itemListElement":[{"@type":"ListItem","position":1,"name":"Portada","item":"https:\/\/www.gitetalassemtane.com\/es\/"},{"@type":"ListItem","position":2,"name":"Sobre nosotras"}]}]}},"_links":{"self":[{"href":"https:\/\/www.gitetalassemtane.com\/es\/wp-json\/wp\/v2\/pages\/4709","targetHints":{"allow":["GET"]}}],"collection":[{"href":"https:\/\/www.gitetalassemtane.com\/es\/wp-json\/wp\/v2\/pages"}],"about":[{"href":"https:\/\/www.gitetalassemtane.com\/es\/wp-json\/wp\/v2\/types\/page"}],"author":[{"embeddable":true,"href":"https:\/\/www.gitetalassemtane.com\/es\/wp-json\/wp\/v2\/users\/1"}],"replies":[{"embeddable":true,"href":"https:\/\/www.gitetalassemtane.com\/es\/wp-json\/wp\/v2\/comments?post=4709"}],"version-history":[{"count":3,"href":"https:\/\/www.gitetalassemtane.com\/es\/wp-json\/wp\/v2\/pages\/4709\/revisions"}],"predecessor-version":[{"id":5623,"href":"https:\/\/www.gitetalassemtane.com\/es\/wp-json\/wp\/v2\/pages\/4709\/revisions\/5623"}],"wp:featuredmedia":[{"embeddable":true,"href":"https:\/\/www.gitetalassemtane.com\/es\/wp-json\/wp\/v2\/media\/5167"}],"wp:attachment":[{"href":"https:\/\/www.gitetalassemtane.com\/es\/wp-json\/wp\/v2\/media?parent=4709"}],"curies":[{"name":"wp","href":"https:\/\/api.w.org\/{rel}","templated":true}]}}