{"id":4290,"date":"2022-03-20T13:58:48","date_gmt":"2022-03-20T13:58:48","guid":{"rendered":"https:\/\/madigitale.com\/?page_id=4290"},"modified":"2022-08-10T13:20:00","modified_gmt":"2022-08-10T13:20:00","slug":"actividades","status":"publish","type":"page","link":"https:\/\/www.gitetalassemtane.com\/es\/actividades\/","title":{"rendered":"Actividades"},"content":{"rendered":"<div  class=\"one withsmallpadding ppb_header \" style=\"text-align:left;padding:30px 0 30px 0;\" >\n<div class=\"standard_wrapper\">\n<div class=\"page_content_wrapper\">\n<div class=\"inner\">\n<div style=\"margin:auto;width:100%\">\n<h2 class=\"ppb_title\" style=\"\">DESCUBRIR LOS ALREDEDORES DELA PROVINCIA DE CHAOUEN Y HACER EXCURCIONES EN EL RIF<\/h2>\n<div class=\"ppb_header_content\">\n<p>Si est\u00e1 buscando viajes de deportes o excursiones tranquilas, Chefchaouen es el punto ideal de partida para diversificarse en los pueblos y los alrededores de las monta\u00f1as del Rif.<br \/>\nEstancia en el sitio es m\u00ednimo 2 d\u00edas. Puede integrarse despu\u00e9s de una caminata que proponemos en la regi\u00f3n<\/p>\n<\/div>\n<\/div>\n<\/div>\n<\/div>\n<\/div>\n<\/div>\n<div  class=\"one withsmallpadding ppb_header \" style=\"text-align:left;padding:30px 0 30px 0;\" >\n<div class=\"standard_wrapper\">\n<div class=\"page_content_wrapper\">\n<div class=\"inner\">\n<div style=\"margin:auto;width:100%\">\n<h2 class=\"ppb_title\" style=\"\">EXCURCIONES DE UN DIA PARA CONOCER LA CULTURA Y VIDA RURAL DE JBALA<\/h2>\n<div class=\"ppb_header_content\">\n<p>Tome un viaje de un d\u00eda con gu\u00eda para descubrir la cultura del Rif, para vivir de cerca la aut\u00e9ntica vida rural en la provincia de Chefchaouen en el norte de Marruecos. Entre nuestras proposiciones:<\/p>\n<\/div>\n<\/div>\n<\/div>\n<\/div>\n<\/div>\n<\/div>\n<div  class=\"one withsmallpadding ppb_header \" style=\"text-align:left;padding:30px 0 30px 0;\" >\n<div class=\"standard_wrapper\">\n<div class=\"page_content_wrapper\">\n<div class=\"inner\">\n<div style=\"margin:auto;width:100%\">\n<h2 class=\"ppb_title\" style=\"\">EXCURCIONES DE UN DIA PARA CONOCER LA CULTURA Y VIDA RURAL DE JBALA<\/h2>\n<div class=\"ppb_header_content\">\n<p>Tome un viaje de un d\u00eda con gu\u00eda para descubrir la cultura del Rif, para vivir de cerca la aut\u00e9ntica vida rural en la provincia de Chefchaouen en el norte de Marruecos. Entre nuestras proposiciones:<\/p>\n<\/div>\n<\/div>\n<\/div>\n<\/div>\n<\/div>\n<\/div>\n<div  class=\"one withsmallpadding ppb_header \" style=\"text-align:left;padding:30px 0 30px 0;\" >\n<div class=\"standard_wrapper\">\n<div class=\"page_content_wrapper\">\n<div class=\"inner\">\n<div style=\"margin:auto;width:100%\">\n<h2 class=\"ppb_title\" style=\"\">CAMINATAS Y SENDIRISMO<\/h2>\n<div class=\"ppb_header_content\">\n<p>Le ofrecemos caminatas y excursiones desde nuestra casa Gite Talassemtane para explorar las riquezas naturaliza y cultura de la regi\u00f3n de Chefchaouen. Monta\u00f1as, Parques Naturales impresionantemente bellos para vivir una experiencia inolvidable. Entre nuestras proposiciones:<\/p>\n<\/div>\n<\/div>\n<\/div>\n<\/div>\n<\/div>\n<\/div>\n<div  class=\"one withsmallpadding ppb_header \" style=\"text-align:left;padding:30px 0 30px 0;\" >\n<div class=\"standard_wrapper\">\n<div class=\"page_content_wrapper\">\n<div class=\"inner\">\n<div style=\"margin:auto;width:100%\">\n<h2 class=\"ppb_title\" style=\"\">CAMINATAS Y SENDIRISMO<\/h2>\n<div class=\"ppb_header_content\">\n<p>Le ofrecemos caminatas y excursiones desde nuestra casa Gite Talassemtane para explorar las riquezas naturaliza y cultura de la regi\u00f3n de Chefchaouen. Monta\u00f1as, Parques Naturales impresionantemente bellos para vivir una experiencia inolvidable. Entre nuestras proposiciones:<\/p>\n<\/div>\n<\/div>\n<\/div>\n<\/div>\n<\/div>\n<\/div>\n<div  class=\"one withsmallpadding ppb_header \" style=\"text-align:left;padding:30px 0 30px 0;\" >\n<div class=\"standard_wrapper\">\n<div class=\"page_content_wrapper\">\n<div class=\"inner\">\n<div style=\"margin:auto;width:100%\">\n<div class=\"ppb_header_content\">\n<p>Estas excursiones y caminatas son flexibles. Nosotros tomaremos en consideraci\u00f3n sus necesidades y expectativas<\/p>\n<\/div>\n<\/div>\n<\/div>\n<\/div>\n<\/div>\n<\/div>\n<div  class=\"one withsmallpadding ppb_header \" style=\"text-align:left;padding:30px 0 30px 0;\" >\n<div class=\"standard_wrapper\">\n<div class=\"page_content_wrapper\">\n<div class=\"inner\">\n<div style=\"margin:auto;width:100%\">\n<h2 class=\"ppb_title\" style=\"\">EL RIF EN BICICLETA DE MONTANA<\/h2>\n<\/div>\n<\/div>\n<\/div>\n<\/div>\n<\/div>\n<div  class=\"one withsmallpadding ppb_header \" style=\"text-align:left;padding:30px 0 30px 0;\" >\n<div class=\"standard_wrapper\">\n<div class=\"page_content_wrapper\">\n<div class=\"inner\">\n<div style=\"margin:auto;width:100%\">\n<h2 class=\"ppb_title\" style=\"\">EL RIF EN BICICLETA DE MONTANA<\/h2>\n<\/div>\n<\/div>\n<\/div>\n<\/div>\n<\/div>\n<div  class=\"one withsmallpadding ppb_header \" style=\"text-align:left;padding:30px 0 30px 0;\" >\n<div class=\"standard_wrapper\">\n<div class=\"page_content_wrapper\">\n<div class=\"inner\">\n<div style=\"margin:auto;width:100%\">\n<h2 class=\"ppb_title\" style=\"\">COMO TRABAJAMOS<\/h2>\n<div class=\"ppb_header_content\">\n<p>Respecto a las excursiones, usted ser\u00e1 acompa\u00f1ado por un gu\u00eda de monta\u00f1a, un gu\u00eda que habla franc\u00e9s, ingl\u00e9s o espa\u00f1ol. El equipaje ser\u00e1 transportado por mulas. Todo esta pensado para facilitarle que disfrute de unas vacaciones inolvidables<\/p>\n<\/div>\n<\/div>\n<\/div>\n<\/div>\n<\/div>\n<\/div>\n","protected":false},"excerpt":{"rendered":"<p>DESCUBRIR LOS ALREDEDORES DELA PROVINCIA DE CHAOUEN Y HACER EXCURCIONES EN EL RIF Si est\u00e1 buscando viajes de deportes o excursiones tranquilas, Chefchaouen es el punto ideal de partida para diversificarse en los pueblos y los alrededores de las monta\u00f1as [&hellip;]<\/p>\n","protected":false},"author":1,"featured_media":5162,"parent":0,"menu_order":0,"comment_status":"closed","ping_status":"closed","template":"","meta":{"footnotes":""},"class_list":["post-4290","page","type-page","status-publish","has-post-thumbnail","hentry"],"yoast_head":"<!-- This site is optimized with the Yoast SEO plugin v19.1 - https:\/\/yoast.com\/wordpress\/plugins\/seo\/ -->\n<title>Actividades - Ecoturismo Senderismo Chefchaouen trekking por el Rif<\/title>\n<meta name=\"description\" content=\"Descubrir los alrededores de Chefchaouen. Hacer excreciones el parque Talassemtane. Alojarse en casa rural t\u00edpica con el gente de Jebala.\" \/>\n<meta name=\"robots\" content=\"index, follow, max-snippet:-1, max-image-preview:large, max-video-preview:-1\" \/>\n<link rel=\"canonical\" href=\"https:\/\/www.gitetalassemtane.com\/es\/actividades\/\" \/>\n<meta property=\"og:locale\" content=\"es_ES\" \/>\n<meta property=\"og:type\" content=\"article\" \/>\n<meta property=\"og:title\" content=\"Actividades - Ecoturismo Senderismo Chefchaouen trekking por el Rif\" \/>\n<meta property=\"og:description\" content=\"Descubrir los alrededores de Chefchaouen. Hacer excreciones el parque Talassemtane. Alojarse en casa rural t\u00edpica con el gente de Jebala.\" \/>\n<meta property=\"og:url\" content=\"https:\/\/www.gitetalassemtane.com\/es\/actividades\/\" \/>\n<meta property=\"og:site_name\" content=\"Ecoturismo Senderismo Chefchaouen\" \/>\n<meta property=\"article:modified_time\" content=\"2022-08-10T13:20:00+00:00\" \/>\n<meta property=\"og:image\" content=\"https:\/\/www.gitetalassemtane.com\/es\/wp-content\/uploads\/2022\/03\/resize_EXPERIENCES-HEADER-PHOTO.jpg\" \/>\n\t<meta property=\"og:image:width\" content=\"1600\" \/>\n\t<meta property=\"og:image:height\" content=\"800\" \/>\n\t<meta property=\"og:image:type\" content=\"image\/jpeg\" \/>\n<meta name=\"twitter:card\" content=\"summary_large_image\" \/>\n<meta name=\"twitter:label1\" content=\"Tiempo de lectura\" \/>\n\t<meta name=\"twitter:data1\" content=\"2 minutos\" \/>\n<script type=\"application\/ld+json\" class=\"yoast-schema-graph\">{\"@context\":\"https:\/\/schema.org\",\"@graph\":[{\"@type\":[\"Person\",\"Organization\"],\"@id\":\"https:\/\/www.gitetalassemtane.com\/es\/#\/schema\/person\/da2eed6234fd7fec1eff986aa57e99e2\",\"name\":\"gitetalassemtane\",\"image\":{\"@type\":\"ImageObject\",\"inLanguage\":\"es\",\"@id\":\"https:\/\/www.gitetalassemtane.com\/es\/#\/schema\/person\/image\/\",\"url\":\"https:\/\/www.gitetalassemtane.com\/es\/wp-content\/uploads\/2022\/08\/logo-gite.jpeg\",\"contentUrl\":\"https:\/\/www.gitetalassemtane.com\/es\/wp-content\/uploads\/2022\/08\/logo-gite.jpeg\",\"width\":1280,\"height\":1280,\"caption\":\"gitetalassemtane\"},\"logo\":{\"@id\":\"https:\/\/www.gitetalassemtane.com\/es\/#\/schema\/person\/image\/\"},\"sameAs\":[\"https:\/\/gitetalassemtane.com\"]},{\"@type\":\"WebSite\",\"@id\":\"https:\/\/www.gitetalassemtane.com\/es\/#website\",\"url\":\"https:\/\/www.gitetalassemtane.com\/es\/\",\"name\":\"Ecoturismo Senderismo Chefchaouen\",\"description\":\"Turismo Sostenible En Chefchaouen Y Las Monta\u00f1as Del Rif\",\"publisher\":{\"@id\":\"https:\/\/www.gitetalassemtane.com\/es\/#\/schema\/person\/da2eed6234fd7fec1eff986aa57e99e2\"},\"potentialAction\":[{\"@type\":\"SearchAction\",\"target\":{\"@type\":\"EntryPoint\",\"urlTemplate\":\"https:\/\/www.gitetalassemtane.com\/es\/?s={search_term_string}\"},\"query-input\":\"required name=search_term_string\"}],\"inLanguage\":\"es\"},{\"@type\":\"ImageObject\",\"inLanguage\":\"es\",\"@id\":\"https:\/\/www.gitetalassemtane.com\/es\/actividades\/#primaryimage\",\"url\":\"https:\/\/www.gitetalassemtane.com\/es\/wp-content\/uploads\/2022\/03\/resize_EXPERIENCES-HEADER-PHOTO.jpg\",\"contentUrl\":\"https:\/\/www.gitetalassemtane.com\/es\/wp-content\/uploads\/2022\/03\/resize_EXPERIENCES-HEADER-PHOTO.jpg\",\"width\":1600,\"height\":800},{\"@type\":\"WebPage\",\"@id\":\"https:\/\/www.gitetalassemtane.com\/es\/actividades\/#webpage\",\"url\":\"https:\/\/www.gitetalassemtane.com\/es\/actividades\/\",\"name\":\"Actividades - Ecoturismo Senderismo Chefchaouen trekking por el Rif\",\"isPartOf\":{\"@id\":\"https:\/\/www.gitetalassemtane.com\/es\/#website\"},\"primaryImageOfPage\":{\"@id\":\"https:\/\/www.gitetalassemtane.com\/es\/actividades\/#primaryimage\"},\"datePublished\":\"2022-03-20T13:58:48+00:00\",\"dateModified\":\"2022-08-10T13:20:00+00:00\",\"description\":\"Descubrir los alrededores de Chefchaouen. Hacer excreciones el parque Talassemtane. Alojarse en casa rural t\u00edpica con el gente de Jebala.\",\"breadcrumb\":{\"@id\":\"https:\/\/www.gitetalassemtane.com\/es\/actividades\/#breadcrumb\"},\"inLanguage\":\"es\",\"potentialAction\":[{\"@type\":\"ReadAction\",\"target\":[\"https:\/\/www.gitetalassemtane.com\/es\/actividades\/\"]}]},{\"@type\":\"BreadcrumbList\",\"@id\":\"https:\/\/www.gitetalassemtane.com\/es\/actividades\/#breadcrumb\",\"itemListElement\":[{\"@type\":\"ListItem\",\"position\":1,\"name\":\"Portada\",\"item\":\"https:\/\/www.gitetalassemtane.com\/es\/\"},{\"@type\":\"ListItem\",\"position\":2,\"name\":\"Actividades\"}]}]}<\/script>\n<!-- \/ Yoast SEO plugin. -->","yoast_head_json":{"title":"Actividades - Ecoturismo Senderismo Chefchaouen trekking por el Rif","description":"Descubrir los alrededores de Chefchaouen. Hacer excreciones el parque Talassemtane. Alojarse en casa rural t\u00edpica con el gente de Jebala.","robots":{"index":"index","follow":"follow","max-snippet":"max-snippet:-1","max-image-preview":"max-image-preview:large","max-video-preview":"max-video-preview:-1"},"canonical":"https:\/\/www.gitetalassemtane.com\/es\/actividades\/","og_locale":"es_ES","og_type":"article","og_title":"Actividades - Ecoturismo Senderismo Chefchaouen trekking por el Rif","og_description":"Descubrir los alrededores de Chefchaouen. Hacer excreciones el parque Talassemtane. Alojarse en casa rural t\u00edpica con el gente de Jebala.","og_url":"https:\/\/www.gitetalassemtane.com\/es\/actividades\/","og_site_name":"Ecoturismo Senderismo Chefchaouen","article_modified_time":"2022-08-10T13:20:00+00:00","og_image":[{"width":1600,"height":800,"url":"https:\/\/www.gitetalassemtane.com\/es\/wp-content\/uploads\/2022\/03\/resize_EXPERIENCES-HEADER-PHOTO.jpg","type":"image\/jpeg"}],"twitter_card":"summary_large_image","twitter_misc":{"Tiempo de lectura":"2 minutos"},"schema":{"@context":"https:\/\/schema.org","@graph":[{"@type":["Person","Organization"],"@id":"https:\/\/www.gitetalassemtane.com\/es\/#\/schema\/person\/da2eed6234fd7fec1eff986aa57e99e2","name":"gitetalassemtane","image":{"@type":"ImageObject","inLanguage":"es","@id":"https:\/\/www.gitetalassemtane.com\/es\/#\/schema\/person\/image\/","url":"https:\/\/www.gitetalassemtane.com\/es\/wp-content\/uploads\/2022\/08\/logo-gite.jpeg","contentUrl":"https:\/\/www.gitetalassemtane.com\/es\/wp-content\/uploads\/2022\/08\/logo-gite.jpeg","width":1280,"height":1280,"caption":"gitetalassemtane"},"logo":{"@id":"https:\/\/www.gitetalassemtane.com\/es\/#\/schema\/person\/image\/"},"sameAs":["https:\/\/gitetalassemtane.com"]},{"@type":"WebSite","@id":"https:\/\/www.gitetalassemtane.com\/es\/#website","url":"https:\/\/www.gitetalassemtane.com\/es\/","name":"Ecoturismo Senderismo Chefchaouen","description":"Turismo Sostenible En Chefchaouen Y Las Monta\u00f1as Del Rif","publisher":{"@id":"https:\/\/www.gitetalassemtane.com\/es\/#\/schema\/person\/da2eed6234fd7fec1eff986aa57e99e2"},"potentialAction":[{"@type":"SearchAction","target":{"@type":"EntryPoint","urlTemplate":"https:\/\/www.gitetalassemtane.com\/es\/?s={search_term_string}"},"query-input":"required name=search_term_string"}],"inLanguage":"es"},{"@type":"ImageObject","inLanguage":"es","@id":"https:\/\/www.gitetalassemtane.com\/es\/actividades\/#primaryimage","url":"https:\/\/www.gitetalassemtane.com\/es\/wp-content\/uploads\/2022\/03\/resize_EXPERIENCES-HEADER-PHOTO.jpg","contentUrl":"https:\/\/www.gitetalassemtane.com\/es\/wp-content\/uploads\/2022\/03\/resize_EXPERIENCES-HEADER-PHOTO.jpg","width":1600,"height":800},{"@type":"WebPage","@id":"https:\/\/www.gitetalassemtane.com\/es\/actividades\/#webpage","url":"https:\/\/www.gitetalassemtane.com\/es\/actividades\/","name":"Actividades - Ecoturismo Senderismo Chefchaouen trekking por el Rif","isPartOf":{"@id":"https:\/\/www.gitetalassemtane.com\/es\/#website"},"primaryImageOfPage":{"@id":"https:\/\/www.gitetalassemtane.com\/es\/actividades\/#primaryimage"},"datePublished":"2022-03-20T13:58:48+00:00","dateModified":"2022-08-10T13:20:00+00:00","description":"Descubrir los alrededores de Chefchaouen. Hacer excreciones el parque Talassemtane. Alojarse en casa rural t\u00edpica con el gente de Jebala.","breadcrumb":{"@id":"https:\/\/www.gitetalassemtane.com\/es\/actividades\/#breadcrumb"},"inLanguage":"es","potentialAction":[{"@type":"ReadAction","target":["https:\/\/www.gitetalassemtane.com\/es\/actividades\/"]}]},{"@type":"BreadcrumbList","@id":"https:\/\/www.gitetalassemtane.com\/es\/actividades\/#breadcrumb","itemListElement":[{"@type":"ListItem","position":1,"name":"Portada","item":"https:\/\/www.gitetalassemtane.com\/es\/"},{"@type":"ListItem","position":2,"name":"Actividades"}]}]}},"_links":{"self":[{"href":"https:\/\/www.gitetalassemtane.com\/es\/wp-json\/wp\/v2\/pages\/4290","targetHints":{"allow":["GET"]}}],"collection":[{"href":"https:\/\/www.gitetalassemtane.com\/es\/wp-json\/wp\/v2\/pages"}],"about":[{"href":"https:\/\/www.gitetalassemtane.com\/es\/wp-json\/wp\/v2\/types\/page"}],"author":[{"embeddable":true,"href":"https:\/\/www.gitetalassemtane.com\/es\/wp-json\/wp\/v2\/users\/1"}],"replies":[{"embeddable":true,"href":"https:\/\/www.gitetalassemtane.com\/es\/wp-json\/wp\/v2\/comments?post=4290"}],"version-history":[{"count":0,"href":"https:\/\/www.gitetalassemtane.com\/es\/wp-json\/wp\/v2\/pages\/4290\/revisions"}],"wp:featuredmedia":[{"embeddable":true,"href":"https:\/\/www.gitetalassemtane.com\/es\/wp-json\/wp\/v2\/media\/5162"}],"wp:attachment":[{"href":"https:\/\/www.gitetalassemtane.com\/es\/wp-json\/wp\/v2\/media?parent=4290"}],"curies":[{"name":"wp","href":"https:\/\/api.w.org\/{rel}","templated":true}]}}