{"id":4235,"date":"2022-03-17T14:14:25","date_gmt":"2022-03-17T14:14:25","guid":{"rendered":"https:\/\/madigitale.com\/?page_id=4235"},"modified":"2022-09-11T18:46:38","modified_gmt":"2022-09-11T18:46:38","slug":"tarifas-alojamiento-comida","status":"publish","type":"page","link":"https:\/\/www.gitetalassemtane.com\/es\/tarifas-alojamiento-comida\/","title":{"rendered":"Tarifas"},"content":{"rendered":"<div  class=\"one\" >\n<div class=\"standard_wrapper\">\n<div class=\"page_content_wrapper\">\n<div class=\"inner\">\n<div class=\"one_half content_middle textright\" style=\"padding:0px;\">\n<div class=\"ppb_header_content\">\n<h3>TARIFAS 2022<\/h3>\n<p>Los precios son por persona y noche:<br \/>\n45\u20ac pensi\u00f3n completa<br \/>\nServicios incluidos: Habitaci\u00f3n, desayuno, almuerzo y cena<\/p>\n<p>35\u20ac media Pensi\u00f3n<br \/>\nServicios incluidos: Habitaci\u00f3n, desayuno y cena<\/p>\n<p>25\u20ac Alojamiento y desayuno<br \/>\nServicios incluidos: Habitaci\u00f3n y desayuno<\/p>\n<p>Para ni\u00f1os menores de 10 a\u00f1os, por favor contacte con nosotros.<br \/>\nEn todos los caso, el alojamiento lleva incluida la ropa de cama y de aseo (s\u00e1banas, almohada, mantas y toallas).<\/p>\n<h3>CONDICIONES PARA LA RESERVA<\/h3>\n<p>Las reservas deben hacerse, al menos, con una semana de antelaci\u00f3n y estar\u00e1n en funci\u00f3n de la disponibilidad. Para las reservas hechas con menos de un mes de antelaci\u00f3n a la fecha de llegada, ser\u00e1 necesario el pago del total del coste de la estancia.<\/p>\n<p>Para confirmar la reserva es necesario efectuar el pago del 50% de la cantidad total a trav\u00e9s de transferencia bancaria.<\/p>\n<p>El total del importe de la reserva deber\u00e1 ser enviado como m\u00ednimo un mes antes de la fecha de ocupaci\u00f3n.<br \/>\nPara las reservas de \u00faltima hora, habr\u00e1 de pagarse en el acto el total de la estancia bien en Euros o en D\u00edrhams.<\/p>\n<\/div>\n<\/div>\n<div class=\"one_half last\"><\/div>\n<p><br class=\"clear\"\/><\/div>\n<\/div>\n<\/div>\n<\/div>\n<div  class=\"one\" >\n<div class=\"standard_wrapper\">\n<div class=\"page_content_wrapper\">\n<div class=\"inner\">\n<div class=\"one_half content_middle textright\" style=\"padding:0px;\">\n<div class=\"ppb_header_content\">\n<h3>TARIFAS 2022<\/h3>\n<p>Los precios son por persona y noche:<br \/>\n45\u20ac pensi\u00f3n completa<br \/>\nServicios incluidos: Habitaci\u00f3n, desayuno, almuerzo y cena<\/p>\n<p>35\u20ac media Pensi\u00f3n<br \/>\nServicios incluidos: Habitaci\u00f3n, desayuno y cena<\/p>\n<p>25\u20ac Alojamiento y desayuno<br \/>\nServicios incluidos: Habitaci\u00f3n y desayuno<\/p>\n<p>Para ni\u00f1os menores de 10 a\u00f1os, por favor contacte con nosotros.<br \/>\nEn todos los caso, el alojamiento lleva incluida la ropa de cama y de aseo (s\u00e1banas, almohada, mantas y toallas).<\/p>\n<h3>CONDICIONES PARA LA RESERVA<\/h3>\n<p>Las reservas deben hacerse, al menos, con una semana de antelaci\u00f3n y estar\u00e1n en funci\u00f3n de la disponibilidad. Para las reservas hechas con menos de un mes de antelaci\u00f3n a la fecha de llegada, ser\u00e1 necesario el pago del total del coste de la estancia.<\/p>\n<p>Para confirmar la reserva es necesario efectuar el pago del 50% de la cantidad total a trav\u00e9s de transferencia bancaria.<\/p>\n<p>El total del importe de la reserva deber\u00e1 ser enviado como m\u00ednimo un mes antes de la fecha de ocupaci\u00f3n.<br \/>\nPara las reservas de \u00faltima hora, habr\u00e1 de pagarse en el acto el total de la estancia bien en Euros o en D\u00edrhams.<\/p>\n<\/div>\n<\/div>\n<div class=\"one_half last\"><\/div>\n<p><br class=\"clear\"\/><\/div>\n<\/div>\n<\/div>\n<\/div>\n<div class=\"standard_wrapper\">\n<div  class=\"one_half last withsmallpadding ppb_header \" style=\"text-align:left;padding:30px 0 30px 0;\" >\n<div class=\"page_content_wrapper\">\n<div class=\"inner\">\n<div style=\"margin:auto;width:100%\">\n<div class=\"ppb_header_content\">\n<h3>GASTOS DE ANNULACIONES DE LA RESERVAS<\/h3>\n<p>Se aplicar\u00e1 la siguiente tarifa en funci\u00f3n de la fecha de cancelaci\u00f3n:<br \/>\nCon m\u00e1s de un mes de antelaci\u00f3n, 20% del total de la reserva<br \/>\nEntre 15 a 30 d\u00edas, 50% del total de la reserva<br \/>\nMenos de 15 d\u00edas, 100% del total de la reserva<\/p>\n<h3>OTROS SERVICIOS<\/h3>\n<p>Si est\u00e1 interesado en alguno de ellos, ind\u00edquenoslo cuando haga la reserva<br \/>\n<span style=\"color: #222222;\">\u2713<\/span> Traslado desde T\u00e1nger\/Ceuta\/Fes<br \/>\nPodemos facilit\u00e1rselo a precios atractivos<br \/>\n<span style=\"color: #222222;\">\u2713<\/span> Alojamiento en Chefchaouen<br \/>\nAlojamiento en Hotel Riad * o en apartamento<br \/>\n<span style=\"color: #222222;\">\u2713<\/span> Estancia a la carta<br \/>\n\u00bfViaje en grupo? podemos ofrecerle circuitos adaptados a su gusto, incluyendo algunas noches en la regi\u00f3n de Chefchaouen<\/p>\n<\/div>\n<\/div>\n<\/div>\n<\/div>\n<\/div>\n<\/div>\n","protected":false},"excerpt":{"rendered":"<p>TARIFAS 2022 Los precios son por persona y noche: 45\u20ac pensi\u00f3n completa Servicios incluidos: Habitaci\u00f3n, desayuno, almuerzo y cena 35\u20ac media Pensi\u00f3n Servicios incluidos: Habitaci\u00f3n, desayuno y cena 25\u20ac Alojamiento y desayuno Servicios incluidos: Habitaci\u00f3n y desayuno Para ni\u00f1os menores [&hellip;]<\/p>\n","protected":false},"author":1,"featured_media":5165,"parent":0,"menu_order":0,"comment_status":"closed","ping_status":"closed","template":"","meta":{"footnotes":""},"class_list":["post-4235","page","type-page","status-publish","has-post-thumbnail","hentry"],"yoast_head":"<!-- This site is optimized with the Yoast SEO plugin v19.1 - https:\/\/yoast.com\/wordpress\/plugins\/seo\/ -->\n<title>Tarifas - Ecoturismo en Chefchaouen, vive la naturaleza a tu proprio ritmo<\/title>\n<meta name=\"description\" content=\"El ecoturismo en Chefchaouen es una de las actividades m\u00e1s recomendables. Experimenta, disfruta, conoce el entorno con nosotros !\" \/>\n<meta name=\"robots\" content=\"index, follow, max-snippet:-1, max-image-preview:large, max-video-preview:-1\" \/>\n<link rel=\"canonical\" href=\"https:\/\/www.gitetalassemtane.com\/es\/tarifas-alojamiento-comida\/\" \/>\n<meta property=\"og:locale\" content=\"es_ES\" \/>\n<meta property=\"og:type\" content=\"article\" \/>\n<meta property=\"og:title\" content=\"Tarifas - Ecoturismo en Chefchaouen, vive la naturaleza a tu proprio ritmo\" \/>\n<meta property=\"og:description\" content=\"El ecoturismo en Chefchaouen es una de las actividades m\u00e1s recomendables. Experimenta, disfruta, conoce el entorno con nosotros !\" \/>\n<meta property=\"og:url\" content=\"https:\/\/www.gitetalassemtane.com\/es\/tarifas-alojamiento-comida\/\" \/>\n<meta property=\"og:site_name\" content=\"Ecoturismo Senderismo Chefchaouen\" \/>\n<meta property=\"article:modified_time\" content=\"2022-09-11T18:46:38+00:00\" \/>\n<meta property=\"og:image\" content=\"https:\/\/www.gitetalassemtane.com\/es\/wp-content\/uploads\/2022\/03\/resize_RATE-HEADER-PHOTO.jpg\" \/>\n\t<meta property=\"og:image:width\" content=\"1600\" \/>\n\t<meta property=\"og:image:height\" content=\"800\" \/>\n\t<meta property=\"og:image:type\" content=\"image\/jpeg\" \/>\n<meta name=\"twitter:card\" content=\"summary_large_image\" \/>\n<meta name=\"twitter:label1\" content=\"Tiempo de lectura\" \/>\n\t<meta name=\"twitter:data1\" content=\"2 minutos\" \/>\n<script type=\"application\/ld+json\" class=\"yoast-schema-graph\">{\"@context\":\"https:\/\/schema.org\",\"@graph\":[{\"@type\":[\"Person\",\"Organization\"],\"@id\":\"https:\/\/www.gitetalassemtane.com\/es\/#\/schema\/person\/da2eed6234fd7fec1eff986aa57e99e2\",\"name\":\"gitetalassemtane\",\"image\":{\"@type\":\"ImageObject\",\"inLanguage\":\"es\",\"@id\":\"https:\/\/www.gitetalassemtane.com\/es\/#\/schema\/person\/image\/\",\"url\":\"https:\/\/www.gitetalassemtane.com\/es\/wp-content\/uploads\/2022\/08\/logo-gite.jpeg\",\"contentUrl\":\"https:\/\/www.gitetalassemtane.com\/es\/wp-content\/uploads\/2022\/08\/logo-gite.jpeg\",\"width\":1280,\"height\":1280,\"caption\":\"gitetalassemtane\"},\"logo\":{\"@id\":\"https:\/\/www.gitetalassemtane.com\/es\/#\/schema\/person\/image\/\"},\"sameAs\":[\"https:\/\/gitetalassemtane.com\"]},{\"@type\":\"WebSite\",\"@id\":\"https:\/\/www.gitetalassemtane.com\/es\/#website\",\"url\":\"https:\/\/www.gitetalassemtane.com\/es\/\",\"name\":\"Ecoturismo Senderismo Chefchaouen\",\"description\":\"Turismo Sostenible En Chefchaouen Y Las Monta\u00f1as Del Rif\",\"publisher\":{\"@id\":\"https:\/\/www.gitetalassemtane.com\/es\/#\/schema\/person\/da2eed6234fd7fec1eff986aa57e99e2\"},\"potentialAction\":[{\"@type\":\"SearchAction\",\"target\":{\"@type\":\"EntryPoint\",\"urlTemplate\":\"https:\/\/www.gitetalassemtane.com\/es\/?s={search_term_string}\"},\"query-input\":\"required name=search_term_string\"}],\"inLanguage\":\"es\"},{\"@type\":\"ImageObject\",\"inLanguage\":\"es\",\"@id\":\"https:\/\/www.gitetalassemtane.com\/es\/tarifas-alojamiento-comida\/#primaryimage\",\"url\":\"https:\/\/www.gitetalassemtane.com\/es\/wp-content\/uploads\/2022\/03\/resize_RATE-HEADER-PHOTO.jpg\",\"contentUrl\":\"https:\/\/www.gitetalassemtane.com\/es\/wp-content\/uploads\/2022\/03\/resize_RATE-HEADER-PHOTO.jpg\",\"width\":1600,\"height\":800},{\"@type\":\"WebPage\",\"@id\":\"https:\/\/www.gitetalassemtane.com\/es\/tarifas-alojamiento-comida\/#webpage\",\"url\":\"https:\/\/www.gitetalassemtane.com\/es\/tarifas-alojamiento-comida\/\",\"name\":\"Tarifas - Ecoturismo en Chefchaouen, vive la naturaleza a tu proprio ritmo\",\"isPartOf\":{\"@id\":\"https:\/\/www.gitetalassemtane.com\/es\/#website\"},\"primaryImageOfPage\":{\"@id\":\"https:\/\/www.gitetalassemtane.com\/es\/tarifas-alojamiento-comida\/#primaryimage\"},\"datePublished\":\"2022-03-17T14:14:25+00:00\",\"dateModified\":\"2022-09-11T18:46:38+00:00\",\"description\":\"El ecoturismo en Chefchaouen es una de las actividades m\u00e1s recomendables. Experimenta, disfruta, conoce el entorno con nosotros !\",\"breadcrumb\":{\"@id\":\"https:\/\/www.gitetalassemtane.com\/es\/tarifas-alojamiento-comida\/#breadcrumb\"},\"inLanguage\":\"es\",\"potentialAction\":[{\"@type\":\"ReadAction\",\"target\":[\"https:\/\/www.gitetalassemtane.com\/es\/tarifas-alojamiento-comida\/\"]}]},{\"@type\":\"BreadcrumbList\",\"@id\":\"https:\/\/www.gitetalassemtane.com\/es\/tarifas-alojamiento-comida\/#breadcrumb\",\"itemListElement\":[{\"@type\":\"ListItem\",\"position\":1,\"name\":\"Portada\",\"item\":\"https:\/\/www.gitetalassemtane.com\/es\/\"},{\"@type\":\"ListItem\",\"position\":2,\"name\":\"Tarifas\"}]}]}<\/script>\n<!-- \/ Yoast SEO plugin. -->","yoast_head_json":{"title":"Tarifas - Ecoturismo en Chefchaouen, vive la naturaleza a tu proprio ritmo","description":"El ecoturismo en Chefchaouen es una de las actividades m\u00e1s recomendables. Experimenta, disfruta, conoce el entorno con nosotros !","robots":{"index":"index","follow":"follow","max-snippet":"max-snippet:-1","max-image-preview":"max-image-preview:large","max-video-preview":"max-video-preview:-1"},"canonical":"https:\/\/www.gitetalassemtane.com\/es\/tarifas-alojamiento-comida\/","og_locale":"es_ES","og_type":"article","og_title":"Tarifas - Ecoturismo en Chefchaouen, vive la naturaleza a tu proprio ritmo","og_description":"El ecoturismo en Chefchaouen es una de las actividades m\u00e1s recomendables. Experimenta, disfruta, conoce el entorno con nosotros !","og_url":"https:\/\/www.gitetalassemtane.com\/es\/tarifas-alojamiento-comida\/","og_site_name":"Ecoturismo Senderismo Chefchaouen","article_modified_time":"2022-09-11T18:46:38+00:00","og_image":[{"width":1600,"height":800,"url":"https:\/\/www.gitetalassemtane.com\/es\/wp-content\/uploads\/2022\/03\/resize_RATE-HEADER-PHOTO.jpg","type":"image\/jpeg"}],"twitter_card":"summary_large_image","twitter_misc":{"Tiempo de lectura":"2 minutos"},"schema":{"@context":"https:\/\/schema.org","@graph":[{"@type":["Person","Organization"],"@id":"https:\/\/www.gitetalassemtane.com\/es\/#\/schema\/person\/da2eed6234fd7fec1eff986aa57e99e2","name":"gitetalassemtane","image":{"@type":"ImageObject","inLanguage":"es","@id":"https:\/\/www.gitetalassemtane.com\/es\/#\/schema\/person\/image\/","url":"https:\/\/www.gitetalassemtane.com\/es\/wp-content\/uploads\/2022\/08\/logo-gite.jpeg","contentUrl":"https:\/\/www.gitetalassemtane.com\/es\/wp-content\/uploads\/2022\/08\/logo-gite.jpeg","width":1280,"height":1280,"caption":"gitetalassemtane"},"logo":{"@id":"https:\/\/www.gitetalassemtane.com\/es\/#\/schema\/person\/image\/"},"sameAs":["https:\/\/gitetalassemtane.com"]},{"@type":"WebSite","@id":"https:\/\/www.gitetalassemtane.com\/es\/#website","url":"https:\/\/www.gitetalassemtane.com\/es\/","name":"Ecoturismo Senderismo Chefchaouen","description":"Turismo Sostenible En Chefchaouen Y Las Monta\u00f1as Del Rif","publisher":{"@id":"https:\/\/www.gitetalassemtane.com\/es\/#\/schema\/person\/da2eed6234fd7fec1eff986aa57e99e2"},"potentialAction":[{"@type":"SearchAction","target":{"@type":"EntryPoint","urlTemplate":"https:\/\/www.gitetalassemtane.com\/es\/?s={search_term_string}"},"query-input":"required name=search_term_string"}],"inLanguage":"es"},{"@type":"ImageObject","inLanguage":"es","@id":"https:\/\/www.gitetalassemtane.com\/es\/tarifas-alojamiento-comida\/#primaryimage","url":"https:\/\/www.gitetalassemtane.com\/es\/wp-content\/uploads\/2022\/03\/resize_RATE-HEADER-PHOTO.jpg","contentUrl":"https:\/\/www.gitetalassemtane.com\/es\/wp-content\/uploads\/2022\/03\/resize_RATE-HEADER-PHOTO.jpg","width":1600,"height":800},{"@type":"WebPage","@id":"https:\/\/www.gitetalassemtane.com\/es\/tarifas-alojamiento-comida\/#webpage","url":"https:\/\/www.gitetalassemtane.com\/es\/tarifas-alojamiento-comida\/","name":"Tarifas - Ecoturismo en Chefchaouen, vive la naturaleza a tu proprio ritmo","isPartOf":{"@id":"https:\/\/www.gitetalassemtane.com\/es\/#website"},"primaryImageOfPage":{"@id":"https:\/\/www.gitetalassemtane.com\/es\/tarifas-alojamiento-comida\/#primaryimage"},"datePublished":"2022-03-17T14:14:25+00:00","dateModified":"2022-09-11T18:46:38+00:00","description":"El ecoturismo en Chefchaouen es una de las actividades m\u00e1s recomendables. Experimenta, disfruta, conoce el entorno con nosotros !","breadcrumb":{"@id":"https:\/\/www.gitetalassemtane.com\/es\/tarifas-alojamiento-comida\/#breadcrumb"},"inLanguage":"es","potentialAction":[{"@type":"ReadAction","target":["https:\/\/www.gitetalassemtane.com\/es\/tarifas-alojamiento-comida\/"]}]},{"@type":"BreadcrumbList","@id":"https:\/\/www.gitetalassemtane.com\/es\/tarifas-alojamiento-comida\/#breadcrumb","itemListElement":[{"@type":"ListItem","position":1,"name":"Portada","item":"https:\/\/www.gitetalassemtane.com\/es\/"},{"@type":"ListItem","position":2,"name":"Tarifas"}]}]}},"_links":{"self":[{"href":"https:\/\/www.gitetalassemtane.com\/es\/wp-json\/wp\/v2\/pages\/4235","targetHints":{"allow":["GET"]}}],"collection":[{"href":"https:\/\/www.gitetalassemtane.com\/es\/wp-json\/wp\/v2\/pages"}],"about":[{"href":"https:\/\/www.gitetalassemtane.com\/es\/wp-json\/wp\/v2\/types\/page"}],"author":[{"embeddable":true,"href":"https:\/\/www.gitetalassemtane.com\/es\/wp-json\/wp\/v2\/users\/1"}],"replies":[{"embeddable":true,"href":"https:\/\/www.gitetalassemtane.com\/es\/wp-json\/wp\/v2\/comments?post=4235"}],"version-history":[{"count":9,"href":"https:\/\/www.gitetalassemtane.com\/es\/wp-json\/wp\/v2\/pages\/4235\/revisions"}],"predecessor-version":[{"id":5678,"href":"https:\/\/www.gitetalassemtane.com\/es\/wp-json\/wp\/v2\/pages\/4235\/revisions\/5678"}],"wp:featuredmedia":[{"embeddable":true,"href":"https:\/\/www.gitetalassemtane.com\/es\/wp-json\/wp\/v2\/media\/5165"}],"wp:attachment":[{"href":"https:\/\/www.gitetalassemtane.com\/es\/wp-json\/wp\/v2\/media?parent=4235"}],"curies":[{"name":"wp","href":"https:\/\/api.w.org\/{rel}","templated":true}]}}