{"id":4171,"date":"2022-03-17T10:39:46","date_gmt":"2022-03-17T10:39:46","guid":{"rendered":"https:\/\/madigitale.com\/?page_id=4171"},"modified":"2022-08-17T15:53:58","modified_gmt":"2022-08-17T15:53:58","slug":"voluntario","status":"publish","type":"page","link":"https:\/\/www.gitetalassemtane.com\/es\/voluntario\/","title":{"rendered":"Voluntario"},"content":{"rendered":"<div  class=\"one withsmallpadding ppb_text\" style=\"text-align:left;padding:30px 0 30px 0;\" >\n<div class=\"standard_wrapper\">\n<div class=\"page_content_wrapper\">\n<div class=\"inner\">\n<div style=\"margin:auto;width:100%\">\n<h3>Turismo Comunitario en Chefchaouen<\/h3>\n<p>Como una empresa de ecoturismo, apoyamos los principios del turismo sostenible. Contribuimos activamente a la conservaci\u00f3n del patrimonio natural y cultural de Chefchaouen, implicando a las comunidades locales en nuestras acciones, respetando su bienestar y cultura.<\/p>\n<p>Nuestros programas combinan un aprendizaje serio y una gran diversi\u00f3n, equilibrando actividades estructuradas para fomentar una verdadera inmersi\u00f3n cultural. Nos centramos en la educaci\u00f3n, el medio ambiente y los intercambios culturales &#8230;<\/p>\n<h3>ITINIRARIOS<\/h3>\n<h3>D\u00cdA 1 : T\u00c1NGER\/FEZ\/RABAT\/CASABLANCA-CHEFCHAOUEN<\/h3>\n<p>Recepci\u00f3n en el aeropuerto y traslado a Chefchaouen, check-in en el hotel (hotel econ\u00f3mico en la medina). Luego visite la perla azul Chefchaouen. Cena en un restaurante local en el coraz\u00f3n de la medina. Alojamiento B&#038;B en un hotel en la medina<\/p>\n<h3>D\u00cdA 2: CHAOUEN \u2013 ZAWIYA HABTEENE (TALASSEMTANE<\/h3>\n<p>El desayuno se servir\u00e1 a las 8 am en el hotel, luego traslado en coche al pueblo de Zaouiya Habteen, donde tendremos nuestro trabajo voluntario. El pueblo est\u00e1 a 12 km de la ciudad de Chefchaouen. Se tarda hasta 30 minutos en coche. El pueblo tiene un significado hist\u00f3rico en t\u00e9rminos de educaci\u00f3n, ya que hist\u00f3ricamente fue el pueblo de Abdellah Habt\u00e9, una figura influyente que dedic\u00f3 su vida a la ense\u00f1anza de estudios isl\u00e1micos. Ahora el pueblo contiene su tumba y cada a\u00f1o la comunidad y los pueblos cercanos vienen a celebrar el cumplea\u00f1os del profeta Mahoma.<br \/>\nLlegamos a la Casa Rural Talassemtane donde seremos alojados por la familia Habt\u00e9. El apellido de todo el habitante de este pueblo es Habt\u00e9. Despu\u00e9s de la pausa para el t\u00e9, discusi\u00f3n sobre el proyecto del d\u00eda siguiente \u00abPintando la escuela del pueblo\u00bb donde ayudamos a la comunidad a mejorar la escuela. Almuerzo, luego caminata para descubrir la regi\u00f3n. Cena y pernoctaci\u00f3n<\/p>\n<h3>D\u00cdA 3 y 4: Pintura de la escuela comunitaria<\/h3>\n<p>El desayuno tradicional se servir\u00e1 a las 9 am (miel, mantequilla, queso de cabra, etc.), luego caminaremos hasta el centro del pueblo (5min) y comenzaremos a pintar la escuela. Despu\u00e9s de terminar el trabajo, hacemos una clase de cocina local. Cena y alojamiento en Gite Talassemtane. Planificaci\u00f3n y discusi\u00f3n sobre el proyecto del d\u00eda siguiente<\/p>\n<h3>5: Medio ambiente<\/h3>\n<p>Desayuno tradicional a las 9 am y luego comenzamos nuestro proyecto del d\u00eda \u00abCONCIENCIA HACIA EL MEDIO AMBIENTE &#8211; LIMPIEZA DEL PUEBLO\u00bb. Ayudaremos a la comunidad a comprender la importancia del medio ambiente y les ense\u00f1aremos buenas pr\u00e1cticas. Limpiamos el pueblo y las fuentes de agua esenciales de la comunidad. Ya que las personas no son conscientes del peligro de la contaminaci\u00f3n pl\u00e1stica y del agua. Regrese a la casa rural para almorzar, luego contin\u00fae la limpieza con la comunidad.<br \/>\nLa cena y el alojamiento ser\u00e1n en Gite Talassemtane. Discusi\u00f3n sobre el proyecto de servicio comunitario del d\u00eda siguiente.<\/p>\n<h3>D\u00cdA 6: EXCURSI\u00d3N A LA RESERVA NACIONAL TALASSEMTANE DECLARADA PATRIMONIO NACIONAL<\/h3>\n<p>Despu\u00e9s de disfrutar de un desayuno local, comenzaremos nuestra expedici\u00f3n a las 9 am. Tomando el 4&#215;4 hasta la reserva natural del Parque Nacional de Talassemtane declarado patrimonio nacional debido a sus raras especies end\u00e9micas de abeto \u00ababeto marroqu\u00ed\u00bb que solo se encuentra en este lugar en particular en todo el continente. Se tarda hasta 1 hora en coche en llegar y donde podemos contemplar miles de abetos repartidos por las monta\u00f1as del Rif. Tambi\u00e9n veremos la cima del Monte Lakraa a 2159m, el pico m\u00e1s alto de la provincia de Chefchaouen. Aquellos que est\u00e9n interesados en el senderismo estar\u00e1n acompa\u00f1ados por el gu\u00eda para disfrutar de maravillosos paisajes. Se necesitan hasta 2 horas de caminata para llegar a la cima; otros pueden explorar la zona y disfrutar del hermoso paisaje. El almuerzo ser\u00e1 un picnic al aire libre. Despu\u00e9s de eso, habr\u00e1 una breve presentaci\u00f3n sobre el parque. Tiempo libre y luego regreso al pueblo. Cena y alojamiento en Gite Talassemtane<\/p>\n<h3>D\u00cdA 7: EXCURSI\u00d3N AL PUENTE DE GODGE<\/h3>\n<p>Desayuno a las 8 am, luego nos dirigimos a un maravilloso pueblo en el parque nacional que contiene cascadas y el Puente de Dios (un arco natural). Se tarda aproximadamente 1 hora en conducir para estar en el pueblo de Akchour. Luego caminaremos para llegar al Puente de Dios 2 horas de caminata en total. Despu\u00e9s de la caminata (caminata moderada), almorzaremos en un restaurante local en el pueblo. Y dar un paseo por el r\u00edo para disfrutar del agua fr\u00eda. Alrededor de las 14:00, regresamos a la caba\u00f1a Talassemtane para cenar y pasar la noche.<\/p>\n<h3>D\u00cdA 8: SALIDA \u2013 CHEFCHAOUEN- T\u00c1NGER \/ SU DESTINO<\/h3>\n<p>Desayuno y traslado a T\u00e1nger. Incluiremos una parada en Chefchaouen para ir de compras y almorzar antes de la salida a su destino.<\/p>\n<\/div>\n<\/div>\n<\/div>\n<\/div>\n<\/div>\n<div  class=\"one withsmallpadding ppb_text\" style=\"text-align:left;padding:30px 0 30px 0;\" >\n<div class=\"standard_wrapper\">\n<div class=\"page_content_wrapper\">\n<div class=\"inner\">\n<div style=\"margin:auto;width:100%\">\n<h3>Turismo Comunitario en Chefchaouen<\/h3>\n<p>Como una empresa de ecoturismo, apoyamos los principios del turismo sostenible. Contribuimos activamente a la conservaci\u00f3n del patrimonio natural y cultural de Chefchaouen, implicando a las comunidades locales en nuestras acciones, respetando su bienestar y cultura.<\/p>\n<p>Nuestros programas combinan un aprendizaje serio y una gran diversi\u00f3n, equilibrando actividades estructuradas para fomentar una verdadera inmersi\u00f3n cultural. Nos centramos en la educaci\u00f3n, el medio ambiente y los intercambios culturales &#8230;<\/p>\n<h3>ITINIRARIOS<\/h3>\n<h3>D\u00cdA 1 : T\u00c1NGER\/FEZ\/RABAT\/CASABLANCA-CHEFCHAOUEN<\/h3>\n<p>Recepci\u00f3n en el aeropuerto y traslado a Chefchaouen, check-in en el hotel (hotel econ\u00f3mico en la medina). Luego visite la perla azul Chefchaouen. Cena en un restaurante local en el coraz\u00f3n de la medina. Alojamiento B&#038;B en un hotel en la medina<\/p>\n<h3>D\u00cdA 2: CHAOUEN \u2013 ZAWIYA HABTEENE (TALASSEMTANE<\/h3>\n<p>El desayuno se servir\u00e1 a las 8 am en el hotel, luego traslado en coche al pueblo de Zaouiya Habteen, donde tendremos nuestro trabajo voluntario. El pueblo est\u00e1 a 12 km de la ciudad de Chefchaouen. Se tarda hasta 30 minutos en coche. El pueblo tiene un significado hist\u00f3rico en t\u00e9rminos de educaci\u00f3n, ya que hist\u00f3ricamente fue el pueblo de Abdellah Habt\u00e9, una figura influyente que dedic\u00f3 su vida a la ense\u00f1anza de estudios isl\u00e1micos. Ahora el pueblo contiene su tumba y cada a\u00f1o la comunidad y los pueblos cercanos vienen a celebrar el cumplea\u00f1os del profeta Mahoma.<br \/>\nLlegamos a la Casa Rural Talassemtane donde seremos alojados por la familia Habt\u00e9. El apellido de todo el habitante de este pueblo es Habt\u00e9. Despu\u00e9s de la pausa para el t\u00e9, discusi\u00f3n sobre el proyecto del d\u00eda siguiente \u00abPintando la escuela del pueblo\u00bb donde ayudamos a la comunidad a mejorar la escuela. Almuerzo, luego caminata para descubrir la regi\u00f3n. Cena y pernoctaci\u00f3n<\/p>\n<h3>D\u00cdA 3 y 4: Pintura de la escuela comunitaria<\/h3>\n<p>El desayuno tradicional se servir\u00e1 a las 9 am (miel, mantequilla, queso de cabra, etc.), luego caminaremos hasta el centro del pueblo (5min) y comenzaremos a pintar la escuela. Despu\u00e9s de terminar el trabajo, hacemos una clase de cocina local. Cena y alojamiento en Gite Talassemtane. Planificaci\u00f3n y discusi\u00f3n sobre el proyecto del d\u00eda siguiente<\/p>\n<h3>5: Medio ambiente<\/h3>\n<p>Desayuno tradicional a las 9 am y luego comenzamos nuestro proyecto del d\u00eda \u00abCONCIENCIA HACIA EL MEDIO AMBIENTE &#8211; LIMPIEZA DEL PUEBLO\u00bb. Ayudaremos a la comunidad a comprender la importancia del medio ambiente y les ense\u00f1aremos buenas pr\u00e1cticas. Limpiamos el pueblo y las fuentes de agua esenciales de la comunidad. Ya que las personas no son conscientes del peligro de la contaminaci\u00f3n pl\u00e1stica y del agua. Regrese a la casa rural para almorzar, luego contin\u00fae la limpieza con la comunidad.<br \/>\nLa cena y el alojamiento ser\u00e1n en Gite Talassemtane. Discusi\u00f3n sobre el proyecto de servicio comunitario del d\u00eda siguiente.<\/p>\n<h3>D\u00cdA 6: EXCURSI\u00d3N A LA RESERVA NACIONAL TALASSEMTANE DECLARADA PATRIMONIO NACIONAL<\/h3>\n<p>Despu\u00e9s de disfrutar de un desayuno local, comenzaremos nuestra expedici\u00f3n a las 9 am. Tomando el 4&#215;4 hasta la reserva natural del Parque Nacional de Talassemtane declarado patrimonio nacional debido a sus raras especies end\u00e9micas de abeto \u00ababeto marroqu\u00ed\u00bb que solo se encuentra en este lugar en particular en todo el continente. Se tarda hasta 1 hora en coche en llegar y donde podemos contemplar miles de abetos repartidos por las monta\u00f1as del Rif. Tambi\u00e9n veremos la cima del Monte Lakraa a 2159m, el pico m\u00e1s alto de la provincia de Chefchaouen. Aquellos que est\u00e9n interesados en el senderismo estar\u00e1n acompa\u00f1ados por el gu\u00eda para disfrutar de maravillosos paisajes. Se necesitan hasta 2 horas de caminata para llegar a la cima; otros pueden explorar la zona y disfrutar del hermoso paisaje. El almuerzo ser\u00e1 un picnic al aire libre. Despu\u00e9s de eso, habr\u00e1 una breve presentaci\u00f3n sobre el parque. Tiempo libre y luego regreso al pueblo. Cena y alojamiento en Gite Talassemtane<\/p>\n<h3>D\u00cdA 7: EXCURSI\u00d3N AL PUENTE DE GODGE<\/h3>\n<p>Desayuno a las 8 am, luego nos dirigimos a un maravilloso pueblo en el parque nacional que contiene cascadas y el Puente de Dios (un arco natural). Se tarda aproximadamente 1 hora en conducir para estar en el pueblo de Akchour. Luego caminaremos para llegar al Puente de Dios 2 horas de caminata en total. Despu\u00e9s de la caminata (caminata moderada), almorzaremos en un restaurante local en el pueblo. Y dar un paseo por el r\u00edo para disfrutar del agua fr\u00eda. Alrededor de las 14:00, regresamos a la caba\u00f1a Talassemtane para cenar y pasar la noche.<\/p>\n<h3>D\u00cdA 8: SALIDA \u2013 CHEFCHAOUEN- T\u00c1NGER \/ SU DESTINO<\/h3>\n<p>Desayuno y traslado a T\u00e1nger. Incluiremos una parada en Chefchaouen para ir de compras y almorzar antes de la salida a su destino.<\/p>\n<\/div>\n<\/div>\n<\/div>\n<\/div>\n<\/div>\n<div  class=\"one withsmallpadding ppb_text\" style=\"text-align:left;padding:30px 0 30px 0;\" >\n<div class=\"standard_wrapper\">\n<div class=\"page_content_wrapper\">\n<div class=\"inner\">\n<div style=\"margin:auto;width:100%\">\n<h3>Turismo Comunitario en Chefchaouen<\/h3>\n<p>Como una empresa de ecoturismo, apoyamos los principios del turismo sostenible. Contribuimos activamente a la conservaci\u00f3n del patrimonio natural y cultural de Chefchaouen, implicando a las comunidades locales en nuestras acciones, respetando su bienestar y cultura.<\/p>\n<p>Nuestros programas combinan un aprendizaje serio y una gran diversi\u00f3n, equilibrando actividades estructuradas para fomentar una verdadera inmersi\u00f3n cultural. Nos centramos en la educaci\u00f3n, el medio ambiente y los intercambios culturales &#8230;<\/p>\n<h3>ITINIRARIOS<\/h3>\n<h3>D\u00cdA 1 : T\u00c1NGER\/FEZ\/RABAT\/CASABLANCA-CHEFCHAOUEN<\/h3>\n<p>Recepci\u00f3n en el aeropuerto y traslado a Chefchaouen, check-in en el hotel (hotel econ\u00f3mico en la medina). Luego visite la perla azul Chefchaouen. Cena en un restaurante local en el coraz\u00f3n de la medina. Alojamiento B&#038;B en un hotel en la medina<\/p>\n<h3>D\u00cdA 2: CHAOUEN \u2013 ZAWIYA HABTEENE (TALASSEMTANE<\/h3>\n<p>El desayuno se servir\u00e1 a las 8 am en el hotel, luego traslado en coche al pueblo de Zaouiya Habteen, donde tendremos nuestro trabajo voluntario. El pueblo est\u00e1 a 12 km de la ciudad de Chefchaouen. Se tarda hasta 30 minutos en coche. El pueblo tiene un significado hist\u00f3rico en t\u00e9rminos de educaci\u00f3n, ya que hist\u00f3ricamente fue el pueblo de Abdellah Habt\u00e9, una figura influyente que dedic\u00f3 su vida a la ense\u00f1anza de estudios isl\u00e1micos. Ahora el pueblo contiene su tumba y cada a\u00f1o la comunidad y los pueblos cercanos vienen a celebrar el cumplea\u00f1os del profeta Mahoma.<br \/>\nLlegamos a la Casa Rural Talassemtane donde seremos alojados por la familia Habt\u00e9. El apellido de todo el habitante de este pueblo es Habt\u00e9. Despu\u00e9s de la pausa para el t\u00e9, discusi\u00f3n sobre el proyecto del d\u00eda siguiente \u00abPintando la escuela del pueblo\u00bb donde ayudamos a la comunidad a mejorar la escuela. Almuerzo, luego caminata para descubrir la regi\u00f3n. Cena y pernoctaci\u00f3n<\/p>\n<h3>D\u00cdA 3 y 4: Pintura de la escuela comunitaria<\/h3>\n<p>El desayuno tradicional se servir\u00e1 a las 9 am (miel, mantequilla, queso de cabra, etc.), luego caminaremos hasta el centro del pueblo (5min) y comenzaremos a pintar la escuela. Despu\u00e9s de terminar el trabajo, hacemos una clase de cocina local. Cena y alojamiento en Gite Talassemtane. Planificaci\u00f3n y discusi\u00f3n sobre el proyecto del d\u00eda siguiente<\/p>\n<h3>5: Medio ambiente<\/h3>\n<p>Desayuno tradicional a las 9 am y luego comenzamos nuestro proyecto del d\u00eda \u00abCONCIENCIA HACIA EL MEDIO AMBIENTE &#8211; LIMPIEZA DEL PUEBLO\u00bb. Ayudaremos a la comunidad a comprender la importancia del medio ambiente y les ense\u00f1aremos buenas pr\u00e1cticas. Limpiamos el pueblo y las fuentes de agua esenciales de la comunidad. Ya que las personas no son conscientes del peligro de la contaminaci\u00f3n pl\u00e1stica y del agua. Regrese a la casa rural para almorzar, luego contin\u00fae la limpieza con la comunidad.<br \/>\nLa cena y el alojamiento ser\u00e1n en Gite Talassemtane. Discusi\u00f3n sobre el proyecto de servicio comunitario del d\u00eda siguiente.<\/p>\n<h3>D\u00cdA 6: EXCURSI\u00d3N A LA RESERVA NACIONAL TALASSEMTANE DECLARADA PATRIMONIO NACIONAL<\/h3>\n<p>Despu\u00e9s de disfrutar de un desayuno local, comenzaremos nuestra expedici\u00f3n a las 9 am. Tomando el 4&#215;4 hasta la reserva natural del Parque Nacional de Talassemtane declarado patrimonio nacional debido a sus raras especies end\u00e9micas de abeto \u00ababeto marroqu\u00ed\u00bb que solo se encuentra en este lugar en particular en todo el continente. Se tarda hasta 1 hora en coche en llegar y donde podemos contemplar miles de abetos repartidos por las monta\u00f1as del Rif. Tambi\u00e9n veremos la cima del Monte Lakraa a 2159m, el pico m\u00e1s alto de la provincia de Chefchaouen. Aquellos que est\u00e9n interesados en el senderismo estar\u00e1n acompa\u00f1ados por el gu\u00eda para disfrutar de maravillosos paisajes. Se necesitan hasta 2 horas de caminata para llegar a la cima; otros pueden explorar la zona y disfrutar del hermoso paisaje. El almuerzo ser\u00e1 un picnic al aire libre. Despu\u00e9s de eso, habr\u00e1 una breve presentaci\u00f3n sobre el parque. Tiempo libre y luego regreso al pueblo. Cena y alojamiento en Gite Talassemtane<\/p>\n<h3>D\u00cdA 7: EXCURSI\u00d3N AL PUENTE DE GODGE<\/h3>\n<p>Desayuno a las 8 am, luego nos dirigimos a un maravilloso pueblo en el parque nacional que contiene cascadas y el Puente de Dios (un arco natural). Se tarda aproximadamente 1 hora en conducir para estar en el pueblo de Akchour. Luego caminaremos para llegar al Puente de Dios 2 horas de caminata en total. Despu\u00e9s de la caminata (caminata moderada), almorzaremos en un restaurante local en el pueblo. Y dar un paseo por el r\u00edo para disfrutar del agua fr\u00eda. Alrededor de las 14:00, regresamos a la caba\u00f1a Talassemtane para cenar y pasar la noche.<\/p>\n<h3>D\u00cdA 8: SALIDA \u2013 CHEFCHAOUEN- T\u00c1NGER \/ SU DESTINO<\/h3>\n<p>Desayuno y traslado a T\u00e1nger. Incluiremos una parada en Chefchaouen para ir de compras y almorzar antes de la salida a su destino.<\/p>\n<\/div>\n<\/div>\n<\/div>\n<\/div>\n<\/div>\n","protected":false},"excerpt":{"rendered":"<p>Turismo Comunitario en Chefchaouen Como una empresa de ecoturismo, apoyamos los principios del turismo sostenible. Contribuimos activamente a la conservaci\u00f3n del patrimonio natural y cultural de Chefchaouen, implicando a las comunidades locales en nuestras acciones, respetando su bienestar y cultura. [&hellip;]<\/p>\n","protected":false},"author":1,"featured_media":5168,"parent":0,"menu_order":0,"comment_status":"closed","ping_status":"closed","template":"","meta":{"footnotes":""},"class_list":["post-4171","page","type-page","status-publish","has-post-thumbnail","hentry"],"yoast_head":"<!-- This site is optimized with the Yoast SEO plugin v19.1 - https:\/\/yoast.com\/wordpress\/plugins\/seo\/ -->\n<title>Voluntario - Turismo solidario en la provincia de Chefchaouen<\/title>\n<meta name=\"description\" content=\"El Turismo Solidario en Chefchaouen permite de disfrutar del la region. Tambi\u00e9n, colaborar con el desarrollo local y descubrir la vida local\" \/>\n<meta name=\"robots\" content=\"index, follow, max-snippet:-1, max-image-preview:large, max-video-preview:-1\" \/>\n<link rel=\"canonical\" href=\"https:\/\/www.gitetalassemtane.com\/es\/voluntario\/\" \/>\n<meta property=\"og:locale\" content=\"es_ES\" \/>\n<meta property=\"og:type\" content=\"article\" \/>\n<meta property=\"og:title\" content=\"Voluntario - Turismo solidario en la provincia de Chefchaouen\" \/>\n<meta property=\"og:description\" content=\"El Turismo Solidario en Chefchaouen permite de disfrutar del la region. Tambi\u00e9n, colaborar con el desarrollo local y descubrir la vida local\" \/>\n<meta property=\"og:url\" content=\"https:\/\/www.gitetalassemtane.com\/es\/voluntario\/\" \/>\n<meta property=\"og:site_name\" content=\"Ecoturismo Senderismo Chefchaouen\" \/>\n<meta property=\"article:modified_time\" content=\"2022-08-17T15:53:58+00:00\" \/>\n<meta property=\"og:image\" content=\"https:\/\/www.gitetalassemtane.com\/es\/wp-content\/uploads\/2022\/03\/resize_VOLUNTEERING-HEADER-PHOTO.jpg\" \/>\n\t<meta property=\"og:image:width\" content=\"1422\" \/>\n\t<meta property=\"og:image:height\" content=\"800\" \/>\n\t<meta property=\"og:image:type\" content=\"image\/jpeg\" \/>\n<meta name=\"twitter:card\" content=\"summary_large_image\" \/>\n<meta name=\"twitter:label1\" content=\"Tiempo de lectura\" \/>\n\t<meta name=\"twitter:data1\" content=\"12 minutos\" \/>\n<script type=\"application\/ld+json\" class=\"yoast-schema-graph\">{\"@context\":\"https:\/\/schema.org\",\"@graph\":[{\"@type\":[\"Person\",\"Organization\"],\"@id\":\"https:\/\/www.gitetalassemtane.com\/es\/#\/schema\/person\/da2eed6234fd7fec1eff986aa57e99e2\",\"name\":\"gitetalassemtane\",\"image\":{\"@type\":\"ImageObject\",\"inLanguage\":\"es\",\"@id\":\"https:\/\/www.gitetalassemtane.com\/es\/#\/schema\/person\/image\/\",\"url\":\"https:\/\/www.gitetalassemtane.com\/es\/wp-content\/uploads\/2022\/08\/logo-gite.jpeg\",\"contentUrl\":\"https:\/\/www.gitetalassemtane.com\/es\/wp-content\/uploads\/2022\/08\/logo-gite.jpeg\",\"width\":1280,\"height\":1280,\"caption\":\"gitetalassemtane\"},\"logo\":{\"@id\":\"https:\/\/www.gitetalassemtane.com\/es\/#\/schema\/person\/image\/\"},\"sameAs\":[\"https:\/\/gitetalassemtane.com\"]},{\"@type\":\"WebSite\",\"@id\":\"https:\/\/www.gitetalassemtane.com\/es\/#website\",\"url\":\"https:\/\/www.gitetalassemtane.com\/es\/\",\"name\":\"Ecoturismo Senderismo Chefchaouen\",\"description\":\"Turismo Sostenible En Chefchaouen Y Las Monta\u00f1as Del Rif\",\"publisher\":{\"@id\":\"https:\/\/www.gitetalassemtane.com\/es\/#\/schema\/person\/da2eed6234fd7fec1eff986aa57e99e2\"},\"potentialAction\":[{\"@type\":\"SearchAction\",\"target\":{\"@type\":\"EntryPoint\",\"urlTemplate\":\"https:\/\/www.gitetalassemtane.com\/es\/?s={search_term_string}\"},\"query-input\":\"required name=search_term_string\"}],\"inLanguage\":\"es\"},{\"@type\":\"ImageObject\",\"inLanguage\":\"es\",\"@id\":\"https:\/\/www.gitetalassemtane.com\/es\/voluntario\/#primaryimage\",\"url\":\"https:\/\/www.gitetalassemtane.com\/es\/wp-content\/uploads\/2022\/03\/resize_VOLUNTEERING-HEADER-PHOTO.jpg\",\"contentUrl\":\"https:\/\/www.gitetalassemtane.com\/es\/wp-content\/uploads\/2022\/03\/resize_VOLUNTEERING-HEADER-PHOTO.jpg\",\"width\":1422,\"height\":800},{\"@type\":\"WebPage\",\"@id\":\"https:\/\/www.gitetalassemtane.com\/es\/voluntario\/#webpage\",\"url\":\"https:\/\/www.gitetalassemtane.com\/es\/voluntario\/\",\"name\":\"Voluntario - Turismo solidario en la provincia de Chefchaouen\",\"isPartOf\":{\"@id\":\"https:\/\/www.gitetalassemtane.com\/es\/#website\"},\"primaryImageOfPage\":{\"@id\":\"https:\/\/www.gitetalassemtane.com\/es\/voluntario\/#primaryimage\"},\"datePublished\":\"2022-03-17T10:39:46+00:00\",\"dateModified\":\"2022-08-17T15:53:58+00:00\",\"description\":\"El Turismo Solidario en Chefchaouen permite de disfrutar del la region. Tambi\u00e9n, colaborar con el desarrollo local y descubrir la vida local\",\"breadcrumb\":{\"@id\":\"https:\/\/www.gitetalassemtane.com\/es\/voluntario\/#breadcrumb\"},\"inLanguage\":\"es\",\"potentialAction\":[{\"@type\":\"ReadAction\",\"target\":[\"https:\/\/www.gitetalassemtane.com\/es\/voluntario\/\"]}]},{\"@type\":\"BreadcrumbList\",\"@id\":\"https:\/\/www.gitetalassemtane.com\/es\/voluntario\/#breadcrumb\",\"itemListElement\":[{\"@type\":\"ListItem\",\"position\":1,\"name\":\"Portada\",\"item\":\"https:\/\/www.gitetalassemtane.com\/es\/\"},{\"@type\":\"ListItem\",\"position\":2,\"name\":\"Voluntario\"}]}]}<\/script>\n<!-- \/ Yoast SEO plugin. -->","yoast_head_json":{"title":"Voluntario - Turismo solidario en la provincia de Chefchaouen","description":"El Turismo Solidario en Chefchaouen permite de disfrutar del la region. Tambi\u00e9n, colaborar con el desarrollo local y descubrir la vida local","robots":{"index":"index","follow":"follow","max-snippet":"max-snippet:-1","max-image-preview":"max-image-preview:large","max-video-preview":"max-video-preview:-1"},"canonical":"https:\/\/www.gitetalassemtane.com\/es\/voluntario\/","og_locale":"es_ES","og_type":"article","og_title":"Voluntario - Turismo solidario en la provincia de Chefchaouen","og_description":"El Turismo Solidario en Chefchaouen permite de disfrutar del la region. Tambi\u00e9n, colaborar con el desarrollo local y descubrir la vida local","og_url":"https:\/\/www.gitetalassemtane.com\/es\/voluntario\/","og_site_name":"Ecoturismo Senderismo Chefchaouen","article_modified_time":"2022-08-17T15:53:58+00:00","og_image":[{"width":1422,"height":800,"url":"https:\/\/www.gitetalassemtane.com\/es\/wp-content\/uploads\/2022\/03\/resize_VOLUNTEERING-HEADER-PHOTO.jpg","type":"image\/jpeg"}],"twitter_card":"summary_large_image","twitter_misc":{"Tiempo de lectura":"12 minutos"},"schema":{"@context":"https:\/\/schema.org","@graph":[{"@type":["Person","Organization"],"@id":"https:\/\/www.gitetalassemtane.com\/es\/#\/schema\/person\/da2eed6234fd7fec1eff986aa57e99e2","name":"gitetalassemtane","image":{"@type":"ImageObject","inLanguage":"es","@id":"https:\/\/www.gitetalassemtane.com\/es\/#\/schema\/person\/image\/","url":"https:\/\/www.gitetalassemtane.com\/es\/wp-content\/uploads\/2022\/08\/logo-gite.jpeg","contentUrl":"https:\/\/www.gitetalassemtane.com\/es\/wp-content\/uploads\/2022\/08\/logo-gite.jpeg","width":1280,"height":1280,"caption":"gitetalassemtane"},"logo":{"@id":"https:\/\/www.gitetalassemtane.com\/es\/#\/schema\/person\/image\/"},"sameAs":["https:\/\/gitetalassemtane.com"]},{"@type":"WebSite","@id":"https:\/\/www.gitetalassemtane.com\/es\/#website","url":"https:\/\/www.gitetalassemtane.com\/es\/","name":"Ecoturismo Senderismo Chefchaouen","description":"Turismo Sostenible En Chefchaouen Y Las Monta\u00f1as Del Rif","publisher":{"@id":"https:\/\/www.gitetalassemtane.com\/es\/#\/schema\/person\/da2eed6234fd7fec1eff986aa57e99e2"},"potentialAction":[{"@type":"SearchAction","target":{"@type":"EntryPoint","urlTemplate":"https:\/\/www.gitetalassemtane.com\/es\/?s={search_term_string}"},"query-input":"required name=search_term_string"}],"inLanguage":"es"},{"@type":"ImageObject","inLanguage":"es","@id":"https:\/\/www.gitetalassemtane.com\/es\/voluntario\/#primaryimage","url":"https:\/\/www.gitetalassemtane.com\/es\/wp-content\/uploads\/2022\/03\/resize_VOLUNTEERING-HEADER-PHOTO.jpg","contentUrl":"https:\/\/www.gitetalassemtane.com\/es\/wp-content\/uploads\/2022\/03\/resize_VOLUNTEERING-HEADER-PHOTO.jpg","width":1422,"height":800},{"@type":"WebPage","@id":"https:\/\/www.gitetalassemtane.com\/es\/voluntario\/#webpage","url":"https:\/\/www.gitetalassemtane.com\/es\/voluntario\/","name":"Voluntario - Turismo solidario en la provincia de Chefchaouen","isPartOf":{"@id":"https:\/\/www.gitetalassemtane.com\/es\/#website"},"primaryImageOfPage":{"@id":"https:\/\/www.gitetalassemtane.com\/es\/voluntario\/#primaryimage"},"datePublished":"2022-03-17T10:39:46+00:00","dateModified":"2022-08-17T15:53:58+00:00","description":"El Turismo Solidario en Chefchaouen permite de disfrutar del la region. Tambi\u00e9n, colaborar con el desarrollo local y descubrir la vida local","breadcrumb":{"@id":"https:\/\/www.gitetalassemtane.com\/es\/voluntario\/#breadcrumb"},"inLanguage":"es","potentialAction":[{"@type":"ReadAction","target":["https:\/\/www.gitetalassemtane.com\/es\/voluntario\/"]}]},{"@type":"BreadcrumbList","@id":"https:\/\/www.gitetalassemtane.com\/es\/voluntario\/#breadcrumb","itemListElement":[{"@type":"ListItem","position":1,"name":"Portada","item":"https:\/\/www.gitetalassemtane.com\/es\/"},{"@type":"ListItem","position":2,"name":"Voluntario"}]}]}},"_links":{"self":[{"href":"https:\/\/www.gitetalassemtane.com\/es\/wp-json\/wp\/v2\/pages\/4171","targetHints":{"allow":["GET"]}}],"collection":[{"href":"https:\/\/www.gitetalassemtane.com\/es\/wp-json\/wp\/v2\/pages"}],"about":[{"href":"https:\/\/www.gitetalassemtane.com\/es\/wp-json\/wp\/v2\/types\/page"}],"author":[{"embeddable":true,"href":"https:\/\/www.gitetalassemtane.com\/es\/wp-json\/wp\/v2\/users\/1"}],"replies":[{"embeddable":true,"href":"https:\/\/www.gitetalassemtane.com\/es\/wp-json\/wp\/v2\/comments?post=4171"}],"version-history":[{"count":3,"href":"https:\/\/www.gitetalassemtane.com\/es\/wp-json\/wp\/v2\/pages\/4171\/revisions"}],"predecessor-version":[{"id":5632,"href":"https:\/\/www.gitetalassemtane.com\/es\/wp-json\/wp\/v2\/pages\/4171\/revisions\/5632"}],"wp:featuredmedia":[{"embeddable":true,"href":"https:\/\/www.gitetalassemtane.com\/es\/wp-json\/wp\/v2\/media\/5168"}],"wp:attachment":[{"href":"https:\/\/www.gitetalassemtane.com\/es\/wp-json\/wp\/v2\/media?parent=4171"}],"curies":[{"name":"wp","href":"https:\/\/api.w.org\/{rel}","templated":true}]}}