{"id":4132,"date":"2022-03-17T09:56:10","date_gmt":"2022-03-17T09:56:10","guid":{"rendered":"https:\/\/madigitale.com\/?page_id=4132"},"modified":"2022-08-17T15:22:38","modified_gmt":"2022-08-17T15:22:38","slug":"la-region-posee-una-enorme-riqueza-cultural","status":"publish","type":"page","link":"https:\/\/www.gitetalassemtane.com\/es\/la-region-posee-una-enorme-riqueza-cultural\/","title":{"rendered":"Region"},"content":{"rendered":"<div  class=\"one withsmallpadding ppb_text\" style=\"text-align:left;padding:30px 0 30px 0;\" >\n<div class=\"standard_wrapper\">\n<div class=\"page_content_wrapper\">\n<div class=\"inner\">\n<div style=\"margin:auto;width:100%\">\n<h3>SETUACION GEOGRAFICA DE LA PROVINCIA DE CHEFCHAOUEN<\/h3>\n<p>La provincia de Chefchaouen est\u00e1 sirtuada en el noroeste de Marruecos en la Cadena del Rif, parte de su territorio limita al norte con el mar Mediterr\u00e1neo, al sur con las provincias de Tounate y Sidi Kacem, Al Hoceima al este y las provincias de Teouan y Larache al oeste<\/p>\n<h3>COMO LLEGAR A CHAOUEN<\/h3>\n<p>Marruecos es la frontera de Europa. Est\u00e1 separado de Espa\u00f1a solamente por los 14 km del estrecho de Gibraltar, esto hace que pueda acceder a Marruecos\u2026. hasta en bici\u00a1\u00a1<br \/>\nPuede acceder a Chefchaouen a trav\u00e9s de T\u00e1nger o Tetouan tanto por barco como por avi\u00f3n. T\u00e1nger est\u00e1 a 118 km. mientras que Tetouan a solo 60 km; desde aqu\u00ed, puede accede a Chefchaouen en taxi o autob\u00fas.<\/p>\n<h3>RECURSOS Y ATTRACTIVOS<\/h3>\n<p>La provincia de Chefchaouen tienen muchos recursos y atractivos de inter\u00e9s tur\u00edstico, desde las costas v\u00edrgenes del Mediterr\u00e1neo donde hay numerosos vestigios arqueol\u00f3gicos (Targha, Tiguisas, Taghssa, Jebha) a sus espacios naturales que cuentan con 170.00 ha. de bosque que constituyen el 42% de su \u00e1rea.<\/p>\n<h4 style=\"padding-left: 40px;\">1. EL PARQUE NATURAL DE TALASSEMTANE<\/h4>\n<p>El Parque Nacional Natural de Talassemtane se extiende m\u00e1s de 75&#8217;000 hect\u00e1reas e incluye varios macizos monta\u00f1osos, Bouhachem es una de ellas, donde est\u00e1 ubicado el bosque \u00fanico abeto de Marruecos. El parque tambi\u00e9n es un refugio de una variedad de m\u00e1s de 35 especies de mam\u00edferos, incluidos los m\u00e1s conocidos: el mono Macaca, que frecuenta muchas cuevas en las monta\u00f1as. Avifauna es rico con m\u00e1s de 100 especies, incluyendo algunos como el \u00e1guila.<\/p>\n<h4 style=\"padding-left: 40px;\">2. MONTANAS<\/h4>\n<p>Los picos principales superan los 2000 metros, con espl\u00e9ndidas vistas. La piedra caliza Ridge representa un atractivo importante. Su extensi\u00f3n dentro de la provincia hace un paisaje grandioso<\/p>\n<h4 style=\"padding-left: 40px;\">3. LA COSTA MEDITERRANEA<\/h4>\n<p>La provincia de Chefchaouen tienen costa de 120 km en el mar Mediterr\u00e1neo desde la boca de Oued Laou al cabo de los pescadores, bordeando El Jabha. Es el aspecto salvaje que confiere una belleza peculiar a esta costa muy variada que alterna acantilados, playas y desembocaduras de r\u00edos.<\/p>\n<\/div>\n<\/div>\n<\/div>\n<\/div>\n<\/div>\n<div  class=\"one withsmallpadding ppb_text\" style=\"text-align:left;padding:30px 0 30px 0;\" >\n<div class=\"standard_wrapper\">\n<div class=\"page_content_wrapper\">\n<div class=\"inner\">\n<div style=\"margin:auto;width:100%\">\n<h3>SETUACION GEOGRAFICA DE LA PROVINCIA DE CHEFCHAOUEN<\/h3>\n<p>La provincia de Chefchaouen est\u00e1 sirtuada en el noroeste de Marruecos en la Cadena del Rif, parte de su territorio limita al norte con el mar Mediterr\u00e1neo, al sur con las provincias de Tounate y Sidi Kacem, Al Hoceima al este y las provincias de Teouan y Larache al oeste<\/p>\n<h3>COMO LLEGAR A CHAOUEN<\/h3>\n<p>Marruecos es la frontera de Europa. Est\u00e1 separado de Espa\u00f1a solamente por los 14 km del estrecho de Gibraltar, esto hace que pueda acceder a Marruecos\u2026. hasta en bici\u00a1\u00a1<br \/>\nPuede acceder a Chefchaouen a trav\u00e9s de T\u00e1nger o Tetouan tanto por barco como por avi\u00f3n. T\u00e1nger est\u00e1 a 118 km. mientras que Tetouan a solo 60 km; desde aqu\u00ed, puede accede a Chefchaouen en taxi o autob\u00fas.<\/p>\n<h3>RECURSOS Y ATTRACTIVOS<\/h3>\n<p>La provincia de Chefchaouen tienen muchos recursos y atractivos de inter\u00e9s tur\u00edstico, desde las costas v\u00edrgenes del Mediterr\u00e1neo donde hay numerosos vestigios arqueol\u00f3gicos (Targha, Tiguisas, Taghssa, Jebha) a sus espacios naturales que cuentan con 170.00 ha. de bosque que constituyen el 42% de su \u00e1rea.<\/p>\n<h4 style=\"padding-left: 40px;\">1. EL PARQUE NATURAL DE TALASSEMTANE<\/h4>\n<p>El Parque Nacional Natural de Talassemtane se extiende m\u00e1s de 75&#8217;000 hect\u00e1reas e incluye varios macizos monta\u00f1osos, Bouhachem es una de ellas, donde est\u00e1 ubicado el bosque \u00fanico abeto de Marruecos. El parque tambi\u00e9n es un refugio de una variedad de m\u00e1s de 35 especies de mam\u00edferos, incluidos los m\u00e1s conocidos: el mono Macaca, que frecuenta muchas cuevas en las monta\u00f1as. Avifauna es rico con m\u00e1s de 100 especies, incluyendo algunos como el \u00e1guila.<\/p>\n<h4 style=\"padding-left: 40px;\">2. MONTANAS<\/h4>\n<p>Los picos principales superan los 2000 metros, con espl\u00e9ndidas vistas. La piedra caliza Ridge representa un atractivo importante. Su extensi\u00f3n dentro de la provincia hace un paisaje grandioso<\/p>\n<h4 style=\"padding-left: 40px;\">3. LA COSTA MEDITERRANEA<\/h4>\n<p>La provincia de Chefchaouen tienen costa de 120 km en el mar Mediterr\u00e1neo desde la boca de Oued Laou al cabo de los pescadores, bordeando El Jabha. Es el aspecto salvaje que confiere una belleza peculiar a esta costa muy variada que alterna acantilados, playas y desembocaduras de r\u00edos.<\/p>\n<\/div>\n<\/div>\n<\/div>\n<\/div>\n<\/div>\n<div  class=\"one withsmallpadding ppb_text\" style=\"text-align:left;padding:30px 0 30px 0;\" >\n<div class=\"standard_wrapper\">\n<div class=\"page_content_wrapper\">\n<div class=\"inner\">\n<div style=\"margin:auto;width:100%\">\n<h3>SETUACION GEOGRAFICA DE LA PROVINCIA DE CHEFCHAOUEN<\/h3>\n<p>La provincia de Chefchaouen est\u00e1 sirtuada en el noroeste de Marruecos en la Cadena del Rif, parte de su territorio limita al norte con el mar Mediterr\u00e1neo, al sur con las provincias de Tounate y Sidi Kacem, Al Hoceima al este y las provincias de Teouan y Larache al oeste<\/p>\n<h3>COMO LLEGAR A CHAOUEN<\/h3>\n<p>Marruecos es la frontera de Europa. Est\u00e1 separado de Espa\u00f1a solamente por los 14 km del estrecho de Gibraltar, esto hace que pueda acceder a Marruecos\u2026. hasta en bici\u00a1\u00a1<br \/>\nPuede acceder a Chefchaouen a trav\u00e9s de T\u00e1nger o Tetouan tanto por barco como por avi\u00f3n. T\u00e1nger est\u00e1 a 118 km. mientras que Tetouan a solo 60 km; desde aqu\u00ed, puede accede a Chefchaouen en taxi o autob\u00fas.<\/p>\n<h3>RECURSOS Y ATTRACTIVOS<\/h3>\n<p>La provincia de Chefchaouen tienen muchos recursos y atractivos de inter\u00e9s tur\u00edstico, desde las costas v\u00edrgenes del Mediterr\u00e1neo donde hay numerosos vestigios arqueol\u00f3gicos (Targha, Tiguisas, Taghssa, Jebha) a sus espacios naturales que cuentan con 170.00 ha. de bosque que constituyen el 42% de su \u00e1rea.<\/p>\n<h4 style=\"padding-left: 40px;\">1. EL PARQUE NATURAL DE TALASSEMTANE<\/h4>\n<p>El Parque Nacional Natural de Talassemtane se extiende m\u00e1s de 75&#8217;000 hect\u00e1reas e incluye varios macizos monta\u00f1osos, Bouhachem es una de ellas, donde est\u00e1 ubicado el bosque \u00fanico abeto de Marruecos. El parque tambi\u00e9n es un refugio de una variedad de m\u00e1s de 35 especies de mam\u00edferos, incluidos los m\u00e1s conocidos: el mono Macaca, que frecuenta muchas cuevas en las monta\u00f1as. Avifauna es rico con m\u00e1s de 100 especies, incluyendo algunos como el \u00e1guila.<\/p>\n<h4 style=\"padding-left: 40px;\">2. MONTANAS<\/h4>\n<p>Los picos principales superan los 2000 metros, con espl\u00e9ndidas vistas. La piedra caliza Ridge representa un atractivo importante. Su extensi\u00f3n dentro de la provincia hace un paisaje grandioso<\/p>\n<h4 style=\"padding-left: 40px;\">3. LA COSTA MEDITERRANEA<\/h4>\n<p>La provincia de Chefchaouen tienen costa de 120 km en el mar Mediterr\u00e1neo desde la boca de Oued Laou al cabo de los pescadores, bordeando El Jabha. Es el aspecto salvaje que confiere una belleza peculiar a esta costa muy variada que alterna acantilados, playas y desembocaduras de r\u00edos.<\/p>\n<\/div>\n<\/div>\n<\/div>\n<\/div>\n<\/div>\n","protected":false},"excerpt":{"rendered":"<p>SETUACION GEOGRAFICA DE LA PROVINCIA DE CHEFCHAOUEN La provincia de Chefchaouen est\u00e1 sirtuada en el noroeste de Marruecos en la Cadena del Rif, parte de su territorio limita al norte con el mar Mediterr\u00e1neo, al sur con las provincias de [&hellip;]<\/p>\n","protected":false},"author":1,"featured_media":5166,"parent":0,"menu_order":0,"comment_status":"closed","ping_status":"closed","template":"","meta":{"footnotes":""},"class_list":["post-4132","page","type-page","status-publish","has-post-thumbnail","hentry"],"yoast_head":"<!-- This site is optimized with the Yoast SEO plugin v19.1 - https:\/\/yoast.com\/wordpress\/plugins\/seo\/ -->\n<title>Region posee una enorme riqueza cultural y natural<\/title>\n<meta name=\"description\" content=\"Descubra un turismo ecol\u00f3gico, sostenible y \u00e9tico en Chefchaouen. La provincia tiene una gran variedad de paisajes, desde playas y monta\u00f1as\" \/>\n<meta name=\"robots\" content=\"index, follow, max-snippet:-1, max-image-preview:large, max-video-preview:-1\" \/>\n<link rel=\"canonical\" href=\"https:\/\/www.gitetalassemtane.com\/es\/la-region-posee-una-enorme-riqueza-cultural\/\" \/>\n<meta property=\"og:locale\" content=\"es_ES\" \/>\n<meta property=\"og:type\" content=\"article\" \/>\n<meta property=\"og:title\" content=\"Region posee una enorme riqueza cultural y natural\" \/>\n<meta property=\"og:description\" content=\"Descubra un turismo ecol\u00f3gico, sostenible y \u00e9tico en Chefchaouen. La provincia tiene una gran variedad de paisajes, desde playas y monta\u00f1as\" \/>\n<meta property=\"og:url\" content=\"https:\/\/www.gitetalassemtane.com\/es\/la-region-posee-una-enorme-riqueza-cultural\/\" \/>\n<meta property=\"og:site_name\" content=\"Ecoturismo Senderismo Chefchaouen\" \/>\n<meta property=\"article:modified_time\" content=\"2022-08-17T15:22:38+00:00\" \/>\n<meta property=\"og:image\" content=\"https:\/\/www.gitetalassemtane.com\/es\/wp-content\/uploads\/2022\/03\/resize_REGION-HEADER-PHOTO.jpg\" \/>\n\t<meta property=\"og:image:width\" content=\"1600\" \/>\n\t<meta property=\"og:image:height\" content=\"800\" \/>\n\t<meta property=\"og:image:type\" content=\"image\/jpeg\" \/>\n<meta name=\"twitter:card\" content=\"summary_large_image\" \/>\n<meta name=\"twitter:label1\" content=\"Tiempo de lectura\" \/>\n\t<meta name=\"twitter:data1\" content=\"5 minutos\" \/>\n<script type=\"application\/ld+json\" class=\"yoast-schema-graph\">{\"@context\":\"https:\/\/schema.org\",\"@graph\":[{\"@type\":[\"Person\",\"Organization\"],\"@id\":\"https:\/\/www.gitetalassemtane.com\/es\/#\/schema\/person\/da2eed6234fd7fec1eff986aa57e99e2\",\"name\":\"gitetalassemtane\",\"image\":{\"@type\":\"ImageObject\",\"inLanguage\":\"es\",\"@id\":\"https:\/\/www.gitetalassemtane.com\/es\/#\/schema\/person\/image\/\",\"url\":\"https:\/\/www.gitetalassemtane.com\/es\/wp-content\/uploads\/2022\/08\/logo-gite.jpeg\",\"contentUrl\":\"https:\/\/www.gitetalassemtane.com\/es\/wp-content\/uploads\/2022\/08\/logo-gite.jpeg\",\"width\":1280,\"height\":1280,\"caption\":\"gitetalassemtane\"},\"logo\":{\"@id\":\"https:\/\/www.gitetalassemtane.com\/es\/#\/schema\/person\/image\/\"},\"sameAs\":[\"https:\/\/gitetalassemtane.com\"]},{\"@type\":\"WebSite\",\"@id\":\"https:\/\/www.gitetalassemtane.com\/es\/#website\",\"url\":\"https:\/\/www.gitetalassemtane.com\/es\/\",\"name\":\"Ecoturismo Senderismo Chefchaouen\",\"description\":\"Turismo Sostenible En Chefchaouen Y Las Monta\u00f1as Del Rif\",\"publisher\":{\"@id\":\"https:\/\/www.gitetalassemtane.com\/es\/#\/schema\/person\/da2eed6234fd7fec1eff986aa57e99e2\"},\"potentialAction\":[{\"@type\":\"SearchAction\",\"target\":{\"@type\":\"EntryPoint\",\"urlTemplate\":\"https:\/\/www.gitetalassemtane.com\/es\/?s={search_term_string}\"},\"query-input\":\"required name=search_term_string\"}],\"inLanguage\":\"es\"},{\"@type\":\"ImageObject\",\"inLanguage\":\"es\",\"@id\":\"https:\/\/www.gitetalassemtane.com\/es\/la-region-posee-una-enorme-riqueza-cultural\/#primaryimage\",\"url\":\"https:\/\/www.gitetalassemtane.com\/es\/wp-content\/uploads\/2022\/03\/resize_REGION-HEADER-PHOTO.jpg\",\"contentUrl\":\"https:\/\/www.gitetalassemtane.com\/es\/wp-content\/uploads\/2022\/03\/resize_REGION-HEADER-PHOTO.jpg\",\"width\":1600,\"height\":800},{\"@type\":\"WebPage\",\"@id\":\"https:\/\/www.gitetalassemtane.com\/es\/la-region-posee-una-enorme-riqueza-cultural\/#webpage\",\"url\":\"https:\/\/www.gitetalassemtane.com\/es\/la-region-posee-una-enorme-riqueza-cultural\/\",\"name\":\"Region posee una enorme riqueza cultural y natural\",\"isPartOf\":{\"@id\":\"https:\/\/www.gitetalassemtane.com\/es\/#website\"},\"primaryImageOfPage\":{\"@id\":\"https:\/\/www.gitetalassemtane.com\/es\/la-region-posee-una-enorme-riqueza-cultural\/#primaryimage\"},\"datePublished\":\"2022-03-17T09:56:10+00:00\",\"dateModified\":\"2022-08-17T15:22:38+00:00\",\"description\":\"Descubra un turismo ecol\u00f3gico, sostenible y \u00e9tico en Chefchaouen. La provincia tiene una gran variedad de paisajes, desde playas y monta\u00f1as\",\"breadcrumb\":{\"@id\":\"https:\/\/www.gitetalassemtane.com\/es\/la-region-posee-una-enorme-riqueza-cultural\/#breadcrumb\"},\"inLanguage\":\"es\",\"potentialAction\":[{\"@type\":\"ReadAction\",\"target\":[\"https:\/\/www.gitetalassemtane.com\/es\/la-region-posee-una-enorme-riqueza-cultural\/\"]}]},{\"@type\":\"BreadcrumbList\",\"@id\":\"https:\/\/www.gitetalassemtane.com\/es\/la-region-posee-una-enorme-riqueza-cultural\/#breadcrumb\",\"itemListElement\":[{\"@type\":\"ListItem\",\"position\":1,\"name\":\"Portada\",\"item\":\"https:\/\/www.gitetalassemtane.com\/es\/\"},{\"@type\":\"ListItem\",\"position\":2,\"name\":\"Region\"}]}]}<\/script>\n<!-- \/ Yoast SEO plugin. -->","yoast_head_json":{"title":"Region posee una enorme riqueza cultural y natural","description":"Descubra un turismo ecol\u00f3gico, sostenible y \u00e9tico en Chefchaouen. La provincia tiene una gran variedad de paisajes, desde playas y monta\u00f1as","robots":{"index":"index","follow":"follow","max-snippet":"max-snippet:-1","max-image-preview":"max-image-preview:large","max-video-preview":"max-video-preview:-1"},"canonical":"https:\/\/www.gitetalassemtane.com\/es\/la-region-posee-una-enorme-riqueza-cultural\/","og_locale":"es_ES","og_type":"article","og_title":"Region posee una enorme riqueza cultural y natural","og_description":"Descubra un turismo ecol\u00f3gico, sostenible y \u00e9tico en Chefchaouen. La provincia tiene una gran variedad de paisajes, desde playas y monta\u00f1as","og_url":"https:\/\/www.gitetalassemtane.com\/es\/la-region-posee-una-enorme-riqueza-cultural\/","og_site_name":"Ecoturismo Senderismo Chefchaouen","article_modified_time":"2022-08-17T15:22:38+00:00","og_image":[{"width":1600,"height":800,"url":"https:\/\/www.gitetalassemtane.com\/es\/wp-content\/uploads\/2022\/03\/resize_REGION-HEADER-PHOTO.jpg","type":"image\/jpeg"}],"twitter_card":"summary_large_image","twitter_misc":{"Tiempo de lectura":"5 minutos"},"schema":{"@context":"https:\/\/schema.org","@graph":[{"@type":["Person","Organization"],"@id":"https:\/\/www.gitetalassemtane.com\/es\/#\/schema\/person\/da2eed6234fd7fec1eff986aa57e99e2","name":"gitetalassemtane","image":{"@type":"ImageObject","inLanguage":"es","@id":"https:\/\/www.gitetalassemtane.com\/es\/#\/schema\/person\/image\/","url":"https:\/\/www.gitetalassemtane.com\/es\/wp-content\/uploads\/2022\/08\/logo-gite.jpeg","contentUrl":"https:\/\/www.gitetalassemtane.com\/es\/wp-content\/uploads\/2022\/08\/logo-gite.jpeg","width":1280,"height":1280,"caption":"gitetalassemtane"},"logo":{"@id":"https:\/\/www.gitetalassemtane.com\/es\/#\/schema\/person\/image\/"},"sameAs":["https:\/\/gitetalassemtane.com"]},{"@type":"WebSite","@id":"https:\/\/www.gitetalassemtane.com\/es\/#website","url":"https:\/\/www.gitetalassemtane.com\/es\/","name":"Ecoturismo Senderismo Chefchaouen","description":"Turismo Sostenible En Chefchaouen Y Las Monta\u00f1as Del Rif","publisher":{"@id":"https:\/\/www.gitetalassemtane.com\/es\/#\/schema\/person\/da2eed6234fd7fec1eff986aa57e99e2"},"potentialAction":[{"@type":"SearchAction","target":{"@type":"EntryPoint","urlTemplate":"https:\/\/www.gitetalassemtane.com\/es\/?s={search_term_string}"},"query-input":"required name=search_term_string"}],"inLanguage":"es"},{"@type":"ImageObject","inLanguage":"es","@id":"https:\/\/www.gitetalassemtane.com\/es\/la-region-posee-una-enorme-riqueza-cultural\/#primaryimage","url":"https:\/\/www.gitetalassemtane.com\/es\/wp-content\/uploads\/2022\/03\/resize_REGION-HEADER-PHOTO.jpg","contentUrl":"https:\/\/www.gitetalassemtane.com\/es\/wp-content\/uploads\/2022\/03\/resize_REGION-HEADER-PHOTO.jpg","width":1600,"height":800},{"@type":"WebPage","@id":"https:\/\/www.gitetalassemtane.com\/es\/la-region-posee-una-enorme-riqueza-cultural\/#webpage","url":"https:\/\/www.gitetalassemtane.com\/es\/la-region-posee-una-enorme-riqueza-cultural\/","name":"Region posee una enorme riqueza cultural y natural","isPartOf":{"@id":"https:\/\/www.gitetalassemtane.com\/es\/#website"},"primaryImageOfPage":{"@id":"https:\/\/www.gitetalassemtane.com\/es\/la-region-posee-una-enorme-riqueza-cultural\/#primaryimage"},"datePublished":"2022-03-17T09:56:10+00:00","dateModified":"2022-08-17T15:22:38+00:00","description":"Descubra un turismo ecol\u00f3gico, sostenible y \u00e9tico en Chefchaouen. La provincia tiene una gran variedad de paisajes, desde playas y monta\u00f1as","breadcrumb":{"@id":"https:\/\/www.gitetalassemtane.com\/es\/la-region-posee-una-enorme-riqueza-cultural\/#breadcrumb"},"inLanguage":"es","potentialAction":[{"@type":"ReadAction","target":["https:\/\/www.gitetalassemtane.com\/es\/la-region-posee-una-enorme-riqueza-cultural\/"]}]},{"@type":"BreadcrumbList","@id":"https:\/\/www.gitetalassemtane.com\/es\/la-region-posee-una-enorme-riqueza-cultural\/#breadcrumb","itemListElement":[{"@type":"ListItem","position":1,"name":"Portada","item":"https:\/\/www.gitetalassemtane.com\/es\/"},{"@type":"ListItem","position":2,"name":"Region"}]}]}},"_links":{"self":[{"href":"https:\/\/www.gitetalassemtane.com\/es\/wp-json\/wp\/v2\/pages\/4132","targetHints":{"allow":["GET"]}}],"collection":[{"href":"https:\/\/www.gitetalassemtane.com\/es\/wp-json\/wp\/v2\/pages"}],"about":[{"href":"https:\/\/www.gitetalassemtane.com\/es\/wp-json\/wp\/v2\/types\/page"}],"author":[{"embeddable":true,"href":"https:\/\/www.gitetalassemtane.com\/es\/wp-json\/wp\/v2\/users\/1"}],"replies":[{"embeddable":true,"href":"https:\/\/www.gitetalassemtane.com\/es\/wp-json\/wp\/v2\/comments?post=4132"}],"version-history":[{"count":3,"href":"https:\/\/www.gitetalassemtane.com\/es\/wp-json\/wp\/v2\/pages\/4132\/revisions"}],"predecessor-version":[{"id":5620,"href":"https:\/\/www.gitetalassemtane.com\/es\/wp-json\/wp\/v2\/pages\/4132\/revisions\/5620"}],"wp:featuredmedia":[{"embeddable":true,"href":"https:\/\/www.gitetalassemtane.com\/es\/wp-json\/wp\/v2\/media\/5166"}],"wp:attachment":[{"href":"https:\/\/www.gitetalassemtane.com\/es\/wp-json\/wp\/v2\/media?parent=4132"}],"curies":[{"name":"wp","href":"https:\/\/api.w.org\/{rel}","templated":true}]}}