{"id":3102,"date":"2016-12-27T10:12:49","date_gmt":"2016-12-27T10:12:49","guid":{"rendered":"http:\/\/themes.themegoods.com\/grandtour\/demo\/?page_id=3102"},"modified":"2022-08-10T13:02:53","modified_gmt":"2022-08-10T13:02:53","slug":"ecoturismo-en-el-rif","status":"publish","type":"page","link":"https:\/\/www.gitetalassemtane.com\/es\/","title":{"rendered":"Inicio"},"content":{"rendered":"<div  class=\"one\" >\n<div class=\"one_half_bg textright\" style=\"padding:0px;\">\n<h2 class=\"ppb_title\" style=\"\">ECOTURSMO EN  CHEFCHAOUEN Y EN EL RIF<\/h2>\n<div class=\"ppb_header_content\">\n<p>A solo 12 km de Chaouen, en el pueblo de Zaouiya Habteene, dentro del Parque Natural de Talassemtane, se encuentra nuestra casa Gite Talassemtane. Ello ofrece una nueva visi\u00f3n para viajar por el norte de Marruecos, para conocer a la gente de Jbala,\u2026..<\/p>\n<p>Nuestra casa rural permite descubrir los recursos naturales y culturales de la regi\u00f3n de Chaouen en su verdadera autenticidad a trav\u00e9s de un turismo sostenible y responsable. Los invitados vivir\u00e1n realmente la vida de la gente de Jbala quienes con mucho gusto les mostrar\u00e1n y transmitir\u00e1n sus tradiciones. Adem\u00e1s, los visitantes esplorar\u00e1n las enomes riquezas del Paqrue Natural de Talassemtane.<\/p>\n<p>Gracias a las riquezas del Parque, se sugieren excursiones desde nuestra casa para explorar la zona. Nuestra casa Gite Talassemtane es un elemento esencial para promover el ecoturismo y turismo rural en la regi\u00f3n de Chaouen. Paseos y excursiones son la mejor manera de encontrar a las gentes y para percibir la vida ordinaria de sus habitantes<\/p>\n<p>Por vuestra elecci\u00f3n de turismo rural usted contribuye a la econom\u00eda local y facilitar el ingreso a los habitantes. Nuestra casa Gite Talassemtane es adem\u00e1s un alto para la gran ruta del Rif<\/p>\n<p><strong>Bienvenidos a nuestra casa rural Gite Talassemtane en Chaouen<\/strong><\/p>\n<\/div>\n<\/div>\n<div class=\"one_half_bg\"><\/div>\n<p><br class=\"clear\"\/><\/div>\n<div  class=\"one withsmallpadding ppb_header \" style=\"text-align:left;padding:30px 0 30px 0;\" >\n<div class=\"standard_wrapper\">\n<div class=\"page_content_wrapper\">\n<div class=\"inner\">\n<div style=\"margin:auto;width:100%\">\n<h2 class=\"ppb_title\" style=\"\">Experiencias de mejor valor<\/h2>\n<\/div>\n<\/div>\n<\/div>\n<\/div>\n<\/div>\n<div  class=\"one withsmallpadding ppb_header \" style=\"text-align:left;padding:30px 0 30px 0;\" >\n<div class=\"standard_wrapper\">\n<div class=\"page_content_wrapper\">\n<div class=\"inner\">\n<div style=\"margin:auto;width:100%\">\n<h2 class=\"ppb_title\" style=\"\">Experiencias de mejor valor<\/h2>\n<\/div>\n<\/div>\n<\/div>\n<\/div>\n<\/div>\n<div  class=\"one withsmallpadding ppb_header \" style=\"text-align:left;padding:30px 0 30px 0;\" >\n<div class=\"standard_wrapper\">\n<div class=\"page_content_wrapper\">\n<div class=\"inner\">\n<div style=\"margin:auto;width:100%\">\n<h2 class=\"ppb_title\" style=\"\">Por qu\u00e9 elegirnos<\/h2>\n<\/div>\n<\/div>\n<\/div>\n<\/div>\n<\/div>\n<div class=\"standard_wrapper\">\n<div  class=\"one_third withsmallpadding ppb_text\" style=\"text-align:left;padding:30px 0 30px 0;\" >\n<div class=\"standard_wrapper\">\n<div class=\"page_content_wrapper\">\n<div class=\"inner\">\n<div style=\"margin:auto;width:100%\">\n<h4 class=\"p1\">Locales y profesionales<\/h4>\n<p style=\"text-align: justify;\">Somos una empresa familiar local de una experiencia en ecoturismo que es de casi dos d\u00e9cadas. El dinero que paga por nuestros servicios es una fuente de ingresos para las comunidades locales. No hay mediadores entre usted y nosotros. Le garantizamos no solo una visi\u00f3n real de nuestras vidas, sino que tambi\u00e9n garantiza que su experiencia de viaje marque una diferencia genuina para la gente local.<\/p>\n<\/div>\n<\/div>\n<\/div>\n<\/div>\n<\/div>\n<\/div>\n<div class=\"standard_wrapper\">\n<div  class=\"one_third withsmallpadding ppb_text\" style=\"text-align:left;padding:30px 0 30px 0;\" >\n<div class=\"standard_wrapper\">\n<div class=\"page_content_wrapper\">\n<div class=\"inner\">\n<div style=\"margin:auto;width:100%\">\n<h4 class=\"p1\">Facilitar una experiencia aut\u00e9ntica<\/h4>\n<p style=\"text-align: justify;\">Nuestras actividades no son actividades tur\u00edsticas superficiales. Le garantizamos una comprensi\u00f3n profunda para experimentar los aut\u00e9nticos estilos de vida locales, las costumbres y la cultura de nuestra comunidad. El alojamiento, la cocina y las actividades \u00fanicas forman una base para un mayor conocimiento y conciencia de otra cultura, diferentes conjuntos de creencias y normas sociales.<\/p>\n<\/div>\n<\/div>\n<\/div>\n<\/div>\n<\/div>\n<\/div>\n<div class=\"standard_wrapper\">\n<div  class=\"one_third last withsmallpadding ppb_text\" style=\"text-align:left;padding:30px 0 30px 0;\" >\n<div class=\"standard_wrapper\">\n<div class=\"page_content_wrapper\">\n<div class=\"inner\">\n<div style=\"margin:auto;width:100%\">\n<h4 class=\"p1\">Turismo comunitario<\/h4>\n<p style=\"text-align: justify;\">Visitar las comunidades ind\u00edgenas locales ofrece la oportunidad de experimentar las costumbres, la comida, el estilo de vida y el conjunto de creencias. Gestionamos los impactos y los beneficios de su estancia, para fortalecer el autogobierno, las alternativas econ\u00f3micas y las formas tradicionales de vida de la comunidad local. Nuestras actividades son totalmente propiedad y administradas por la comunidad, lo que significa que su estad\u00eda no solo beneficiar\u00e1 a una familia, sino a la comunidad en general.<\/p>\n<\/div>\n<\/div>\n<\/div>\n<\/div>\n<\/div>\n<\/div>\n<div  class=\"one withsmallpadding ppb_header \" style=\"text-align:left;padding:30px 0 30px 0;\" >\n<div class=\"standard_wrapper\">\n<div class=\"page_content_wrapper\">\n<div class=\"inner\">\n<div style=\"margin:auto;width:100%\">\n<h2 class=\"ppb_title\" style=\"\">Art\u00edculos y consejos<\/h2>\n<\/div>\n<\/div>\n<\/div>\n<\/div>\n<\/div>\n<div  class=\"one withsmallpadding ppb_header \" style=\"text-align:left;padding:30px 0 30px 0;\" >\n<div class=\"standard_wrapper\">\n<div class=\"page_content_wrapper\">\n<div class=\"inner\">\n<div style=\"margin:auto;width:100%\">\n<h2 class=\"ppb_title\" style=\"\">Art\u00edculos y consejos<\/h2>\n<\/div>\n<\/div>\n<\/div>\n<\/div>\n<\/div>\n","protected":false},"excerpt":{"rendered":"<p>ECOTURSMO EN CHEFCHAOUEN Y EN EL RIF A solo 12 km de Chaouen, en el pueblo de Zaouiya Habteene, dentro del Parque Natural de Talassemtane, se encuentra nuestra casa Gite Talassemtane. Ello ofrece una nueva visi\u00f3n para viajar por el [&hellip;]<\/p>\n","protected":false},"author":1,"featured_media":0,"parent":0,"menu_order":0,"comment_status":"closed","ping_status":"closed","template":"","meta":{"footnotes":""},"class_list":["post-3102","page","type-page","status-publish","hentry"],"yoast_head":"<!-- This site is optimized with the Yoast SEO plugin v19.1 - https:\/\/yoast.com\/wordpress\/plugins\/seo\/ -->\n<title>Inicio - Ecoturismo Senderismo Chefchaouen turismo rural en Chaouen<\/title>\n<meta name=\"description\" content=\"Descubrir los recursos naturales y culturales de la regi\u00f3n de Chefchaouen en su verdadera autenticidad a trav\u00e9s de un turismo sostenible\" \/>\n<meta name=\"robots\" content=\"index, follow, max-snippet:-1, max-image-preview:large, max-video-preview:-1\" \/>\n<link rel=\"canonical\" href=\"https:\/\/www.gitetalassemtane.com\/es\/\" \/>\n<meta property=\"og:locale\" content=\"es_ES\" \/>\n<meta property=\"og:type\" content=\"article\" \/>\n<meta property=\"og:title\" content=\"Inicio - Ecoturismo Senderismo Chefchaouen turismo rural en Chaouen\" \/>\n<meta property=\"og:description\" content=\"Descubrir los recursos naturales y culturales de la regi\u00f3n de Chefchaouen en su verdadera autenticidad a trav\u00e9s de un turismo sostenible\" \/>\n<meta property=\"og:url\" content=\"https:\/\/www.gitetalassemtane.com\/es\/\" \/>\n<meta property=\"og:site_name\" content=\"Ecoturismo Senderismo Chefchaouen\" \/>\n<meta property=\"article:modified_time\" content=\"2022-08-10T13:02:53+00:00\" \/>\n<meta name=\"twitter:card\" content=\"summary_large_image\" \/>\n<meta name=\"twitter:label1\" content=\"Tiempo de lectura\" \/>\n\t<meta name=\"twitter:data1\" content=\"2 minutos\" \/>\n<script type=\"application\/ld+json\" class=\"yoast-schema-graph\">{\"@context\":\"https:\/\/schema.org\",\"@graph\":[{\"@type\":[\"Person\",\"Organization\"],\"@id\":\"https:\/\/www.gitetalassemtane.com\/es\/#\/schema\/person\/da2eed6234fd7fec1eff986aa57e99e2\",\"name\":\"gitetalassemtane\",\"image\":{\"@type\":\"ImageObject\",\"inLanguage\":\"es\",\"@id\":\"https:\/\/www.gitetalassemtane.com\/es\/#\/schema\/person\/image\/\",\"url\":\"https:\/\/www.gitetalassemtane.com\/es\/wp-content\/uploads\/2022\/08\/logo-gite.jpeg\",\"contentUrl\":\"https:\/\/www.gitetalassemtane.com\/es\/wp-content\/uploads\/2022\/08\/logo-gite.jpeg\",\"width\":1280,\"height\":1280,\"caption\":\"gitetalassemtane\"},\"logo\":{\"@id\":\"https:\/\/www.gitetalassemtane.com\/es\/#\/schema\/person\/image\/\"},\"sameAs\":[\"https:\/\/gitetalassemtane.com\"]},{\"@type\":\"WebSite\",\"@id\":\"https:\/\/www.gitetalassemtane.com\/es\/#website\",\"url\":\"https:\/\/www.gitetalassemtane.com\/es\/\",\"name\":\"Ecoturismo Senderismo Chefchaouen\",\"description\":\"Turismo Sostenible En Chefchaouen Y Las Monta\u00f1as Del Rif\",\"publisher\":{\"@id\":\"https:\/\/www.gitetalassemtane.com\/es\/#\/schema\/person\/da2eed6234fd7fec1eff986aa57e99e2\"},\"potentialAction\":[{\"@type\":\"SearchAction\",\"target\":{\"@type\":\"EntryPoint\",\"urlTemplate\":\"https:\/\/www.gitetalassemtane.com\/es\/?s={search_term_string}\"},\"query-input\":\"required name=search_term_string\"}],\"inLanguage\":\"es\"},{\"@type\":\"WebPage\",\"@id\":\"https:\/\/www.gitetalassemtane.com\/es\/#webpage\",\"url\":\"https:\/\/www.gitetalassemtane.com\/es\/\",\"name\":\"Inicio - Ecoturismo Senderismo Chefchaouen turismo rural en Chaouen\",\"isPartOf\":{\"@id\":\"https:\/\/www.gitetalassemtane.com\/es\/#website\"},\"datePublished\":\"2016-12-27T10:12:49+00:00\",\"dateModified\":\"2022-08-10T13:02:53+00:00\",\"description\":\"Descubrir los recursos naturales y culturales de la regi\u00f3n de Chefchaouen en su verdadera autenticidad a trav\u00e9s de un turismo sostenible\",\"breadcrumb\":{\"@id\":\"https:\/\/www.gitetalassemtane.com\/es\/#breadcrumb\"},\"inLanguage\":\"es\",\"potentialAction\":[{\"@type\":\"ReadAction\",\"target\":[\"https:\/\/www.gitetalassemtane.com\/es\/\"]}]},{\"@type\":\"BreadcrumbList\",\"@id\":\"https:\/\/www.gitetalassemtane.com\/es\/#breadcrumb\",\"itemListElement\":[{\"@type\":\"ListItem\",\"position\":1,\"name\":\"Portada\",\"item\":\"https:\/\/www.gitetalassemtane.com\/es\/\"},{\"@type\":\"ListItem\",\"position\":2,\"name\":\"Inicio\"}]}]}<\/script>\n<!-- \/ Yoast SEO plugin. -->","yoast_head_json":{"title":"Inicio - Ecoturismo Senderismo Chefchaouen turismo rural en Chaouen","description":"Descubrir los recursos naturales y culturales de la regi\u00f3n de Chefchaouen en su verdadera autenticidad a trav\u00e9s de un turismo sostenible","robots":{"index":"index","follow":"follow","max-snippet":"max-snippet:-1","max-image-preview":"max-image-preview:large","max-video-preview":"max-video-preview:-1"},"canonical":"https:\/\/www.gitetalassemtane.com\/es\/","og_locale":"es_ES","og_type":"article","og_title":"Inicio - Ecoturismo Senderismo Chefchaouen turismo rural en Chaouen","og_description":"Descubrir los recursos naturales y culturales de la regi\u00f3n de Chefchaouen en su verdadera autenticidad a trav\u00e9s de un turismo sostenible","og_url":"https:\/\/www.gitetalassemtane.com\/es\/","og_site_name":"Ecoturismo Senderismo Chefchaouen","article_modified_time":"2022-08-10T13:02:53+00:00","twitter_card":"summary_large_image","twitter_misc":{"Tiempo de lectura":"2 minutos"},"schema":{"@context":"https:\/\/schema.org","@graph":[{"@type":["Person","Organization"],"@id":"https:\/\/www.gitetalassemtane.com\/es\/#\/schema\/person\/da2eed6234fd7fec1eff986aa57e99e2","name":"gitetalassemtane","image":{"@type":"ImageObject","inLanguage":"es","@id":"https:\/\/www.gitetalassemtane.com\/es\/#\/schema\/person\/image\/","url":"https:\/\/www.gitetalassemtane.com\/es\/wp-content\/uploads\/2022\/08\/logo-gite.jpeg","contentUrl":"https:\/\/www.gitetalassemtane.com\/es\/wp-content\/uploads\/2022\/08\/logo-gite.jpeg","width":1280,"height":1280,"caption":"gitetalassemtane"},"logo":{"@id":"https:\/\/www.gitetalassemtane.com\/es\/#\/schema\/person\/image\/"},"sameAs":["https:\/\/gitetalassemtane.com"]},{"@type":"WebSite","@id":"https:\/\/www.gitetalassemtane.com\/es\/#website","url":"https:\/\/www.gitetalassemtane.com\/es\/","name":"Ecoturismo Senderismo Chefchaouen","description":"Turismo Sostenible En Chefchaouen Y Las Monta\u00f1as Del Rif","publisher":{"@id":"https:\/\/www.gitetalassemtane.com\/es\/#\/schema\/person\/da2eed6234fd7fec1eff986aa57e99e2"},"potentialAction":[{"@type":"SearchAction","target":{"@type":"EntryPoint","urlTemplate":"https:\/\/www.gitetalassemtane.com\/es\/?s={search_term_string}"},"query-input":"required name=search_term_string"}],"inLanguage":"es"},{"@type":"WebPage","@id":"https:\/\/www.gitetalassemtane.com\/es\/#webpage","url":"https:\/\/www.gitetalassemtane.com\/es\/","name":"Inicio - Ecoturismo Senderismo Chefchaouen turismo rural en Chaouen","isPartOf":{"@id":"https:\/\/www.gitetalassemtane.com\/es\/#website"},"datePublished":"2016-12-27T10:12:49+00:00","dateModified":"2022-08-10T13:02:53+00:00","description":"Descubrir los recursos naturales y culturales de la regi\u00f3n de Chefchaouen en su verdadera autenticidad a trav\u00e9s de un turismo sostenible","breadcrumb":{"@id":"https:\/\/www.gitetalassemtane.com\/es\/#breadcrumb"},"inLanguage":"es","potentialAction":[{"@type":"ReadAction","target":["https:\/\/www.gitetalassemtane.com\/es\/"]}]},{"@type":"BreadcrumbList","@id":"https:\/\/www.gitetalassemtane.com\/es\/#breadcrumb","itemListElement":[{"@type":"ListItem","position":1,"name":"Portada","item":"https:\/\/www.gitetalassemtane.com\/es\/"},{"@type":"ListItem","position":2,"name":"Inicio"}]}]}},"_links":{"self":[{"href":"https:\/\/www.gitetalassemtane.com\/es\/wp-json\/wp\/v2\/pages\/3102","targetHints":{"allow":["GET"]}}],"collection":[{"href":"https:\/\/www.gitetalassemtane.com\/es\/wp-json\/wp\/v2\/pages"}],"about":[{"href":"https:\/\/www.gitetalassemtane.com\/es\/wp-json\/wp\/v2\/types\/page"}],"author":[{"embeddable":true,"href":"https:\/\/www.gitetalassemtane.com\/es\/wp-json\/wp\/v2\/users\/1"}],"replies":[{"embeddable":true,"href":"https:\/\/www.gitetalassemtane.com\/es\/wp-json\/wp\/v2\/comments?post=3102"}],"version-history":[{"count":0,"href":"https:\/\/www.gitetalassemtane.com\/es\/wp-json\/wp\/v2\/pages\/3102\/revisions"}],"wp:attachment":[{"href":"https:\/\/www.gitetalassemtane.com\/es\/wp-json\/wp\/v2\/media?parent=3102"}],"curies":[{"name":"wp","href":"https:\/\/api.w.org\/{rel}","templated":true}]}}